{"id":10117,"date":"2023-03-10T13:39:34","date_gmt":"2023-03-10T13:39:34","guid":{"rendered":"https:\/\/fecavem.com\/programa-de-formacion-de-jovenes-comerciales-de-automocion\/"},"modified":"2024-09-03T14:22:23","modified_gmt":"2024-09-03T14:22:23","slug":"programa-de-formacion-de-jovenes-comerciales-de-automocion","status":"publish","type":"page","link":"https:\/\/fecavem.com\/es\/programa-de-formacion-de-jovenes-comerciales-de-automocion\/","title":{"rendered":"Programa de formaci\u00f3n de j\u00f3venes Comerciales de automoci\u00f3n"},"content":{"rendered":"<div class=\"wpb-content-wrapper\"><p>[vc_section][vc_row][vc_column]\n\t\t\t<!-- START Curs ESP REVOLUTION SLIDER 6.7.12 --><p class=\"rs-p-wp-fix\"><\/p>\n\t\t\t<rs-module-wrap id=\"rev_slider_60_1_wrapper\" data-source=\"gallery\" style=\"visibility:hidden;background:transparent;padding:0;margin:0px auto;margin-top:0;margin-bottom:0;\">\n\t\t\t\t<rs-module id=\"rev_slider_60_1\" style=\"\" data-version=\"6.7.12\">\n\t\t\t\t\t<rs-slides style=\"overflow: hidden; position: absolute;\">\n\t\t\t\t\t\t<rs-slide style=\"position: absolute;\" data-key=\"rs-139\" data-title=\"Slide\" data-anim=\"adpr:false;\" data-in=\"o:0;\" data-out=\"a:false;\">\n\t\t\t\t\t\t\t<img decoding=\"async\" src=\"\/\/fecavem.com\/wp-content\/plugins\/revslider\/sr6\/assets\/assets\/dummy.png\" alt=\"Slide\" title=\"Programa de formaci\u00f3n de j\u00f3venes Comerciales de automoci\u00f3n\" class=\"rev-slidebg tp-rs-img rs-lazyload\" data-lazyload=\"\/\/fecavem.com\/wp-content\/plugins\/revslider\/sr6\/assets\/assets\/transparent.png\" data-bg=\"c:#efefef;\" data-no-retina>\n<!--\n\t\t\t\t\t\t\t--><rs-layer\n\t\t\t\t\t\t\t\tid=\"slider-60-slide-139-layer-0\" \n\t\t\t\t\t\t\t\tdata-type=\"text\"\n\t\t\t\t\t\t\t\tdata-color=\"#9b9b9b\"\n\t\t\t\t\t\t\t\tdata-rsp_ch=\"on\"\n\t\t\t\t\t\t\t\tdata-xy=\"x:c;y:c;\"\n\t\t\t\t\t\t\t\tdata-text=\"w:normal;s:42;l:64;fw:600;\"\n\t\t\t\t\t\t\t\tdata-frame_999=\"o:0;st:w;\"\n\t\t\t\t\t\t\t\tstyle=\"z-index:5;font-family:'Work Sans';\"\n\t\t\t\t\t\t\t>CURSO PARA COMERCIALES DE LA AUTOMOCI\u00d3N \n\t\t\t\t\t\t\t<\/rs-layer><!--\n-->\t\t\t\t\t<\/rs-slide>\n\t\t\t\t\t<\/rs-slides>\n\t\t\t\t<\/rs-module>\n\t\t\t\t<script>\n\t\t\t\t\tsetREVStartSize({c: 'rev_slider_60_1',rl:[1240,1024,778,480],el:[140],gw:[1240],gh:[140],type:'standard',justify:'',layout:'fullwidth',mh:\"0\"});if (window.RS_MODULES!==undefined && window.RS_MODULES.modules!==undefined && window.RS_MODULES.modules[\"revslider601\"]!==undefined) {window.RS_MODULES.modules[\"revslider601\"].once = false;window.revapi60 = undefined;if (window.RS_MODULES.checkMinimal!==undefined) window.RS_MODULES.checkMinimal()}\n\t\t\t\t<\/script>\n\t\t\t<\/rs-module-wrap>\n\t\t\t<!-- END REVOLUTION SLIDER -->\n[\/vc_column][\/vc_row][\/vc_section][vc_section css=\u00bb.vc_custom_1655106987189{margin-top: 5% !important;}\u00bb][vc_row full_width=\u00bbstretch_row_content\u00bb equal_height=\u00bbyes\u00bb][vc_column width=\u00bb1\/6&#8243; css=\u00bb.vc_custom_1604059966339{margin-right: 0px !important;padding-right: 0px !important;}\u00bb offset=\u00bbvc_hidden-sm vc_hidden-xs\u00bb][\/vc_column][vc_column width=\u00bb2\/3&#8243; css=\u00bb.vc_custom_1654508438542{margin-left: 0px !important;padding-left: 0px !important;}\u00bb el_class=\u00bbbloquertOne\u00bb offset=\u00bbvc_hidden-sm vc_hidden-xs\u00bb][vc_video link=\u00bbhttps:\/\/youtu.be\/99Md0M1OHKE\u00bb el_width=\u00bb60&#8243; align=\u00bbcenter\u00bb][\/vc_column][vc_column width=\u00bb1\/6&#8243; css=\u00bb.vc_custom_1654508175899{margin-left: 0px !important;padding-left: 0px !important;}\u00bb el_class=\u00bbbloquertTwo\u00bb][\/vc_column][\/vc_row][\/vc_section][vc_section el_class=\u00bbclassSpace\u00bb][vc_row full_width=\u00bbstretch_row_content\u00bb el_class=\u00bbbloquetertyp\u00bb][vc_column width=\u00bb1\/6&#8243; offset=\u00bbvc_hidden-sm vc_hidden-xs\u00bb align=\u00bbtext-lg-center text-md-center text-sm-center text-xs-center\u00bb][\/vc_column][vc_column width=\u00bb2\/3&#8243; align=\u00bbtext-lg-center text-md-center text-sm-center text-xs-center\u00bb][vc_column_text el_class=\u00bbclasstextpage\u00bb]<\/p>\n<p style=\"text-align: left;\"><span style=\"font-size: 14px; color: #012853;\">Este programa es un ciclo adaptado para especializar al alumnado por el sector de la movilidad y la automoci\u00f3n, partiendo del Curso de Formaci\u00f3n Profesional de Grado Superior de <span style=\"color: #337ab7;\"><a class=\"\" style=\"color: #337ab7;\" href=\"https:\/\/ioc.xtec.cat\/educacio\/cfgs-vec\" target=\"_blank\" rel=\"noopener\">Gesti\u00f3n de Ventas y Espacios Comerciales<\/a><\/span>.<\/span><\/p>\n<p>[\/vc_column_text][vc_video link=\u00bbhttps:\/\/youtu.be\/5Fpe2nY3dJE\u00bb el_width=\u00bb60&#8243; align=\u00bbcenter\u00bb title=\u00bbReportaje de TV3 sobre nuestro programa \u201cDescubrimos la FP Dual de Gesti\u00f3n de Ventas y Espacios Comerciales\u201d\u00bb][vc_column_text css=\u00bb\u00bb el_class=\u00bbclasstextpage\u00bb]<\/p>\n<h2 style=\"text-align: left;\"><span style=\"color: #012853;\">Centros Formativos<\/span><\/h2>\n<p style=\"text-align: left;\"><span style=\"font-size: 14px; color: #012853;\">Los centros de ense\u00f1anza donde se imparten los cursos son el <span style=\"color: #337ab7;\"><a class=\"\" style=\"color: #337ab7;\" href=\"http:\/\/www.institutjoanbrossa.cat\/estudis\/cicles_formatius\/cfgs_gestio_vendes_i_espais_comercials\" target=\"_blank\" rel=\"noopener\">Institut de Formaci\u00f3 Empresarial de Barcelona (antes, Joan Brossa)<\/a><\/span> (T. 934335180), el <span style=\"color: #337ab7;\"><a class=\"\" style=\"color: #337ab7;\" href=\"http:\/\/insmontserratroig.cat\/\" target=\"_blank\" rel=\"noopener\">Institut Montserrat Roig de Terrassa<\/a><\/span> (T. 937336580) y el <span style=\"color: #337ab7;\"><a class=\"\" style=\"color: #337ab7;\" href=\"https:\/\/fpdual.institutmarianao.cat\/cicles-de-fp-dual\/comerc-i-marqueting\/activitats-comercials\" target=\"_blank\" rel=\"noopener\">Institut Marianao de Sant Boi de Llobregat<\/a><\/span> (T. 936407858).<\/span><\/p>\n<h2 style=\"text-align: left;\"><span style=\"color: #012853;\">Condiciones de acceso<\/span><\/h2>\n<p style=\"text-align: left;\"><span style=\"font-size: 14px; color: #012853;\">Para acceder a estos estudios es necesario que el alumno haya terminado el Bachillerato, sea t\u00e9cnico en grado medio de Formaci\u00f3n Profesional o aprobada la prueba de acceso a CFGS.<\/span><\/p>\n<h2 style=\"text-align: left;\"><span style=\"color: #012853;\">Itinerario formativo<\/span><\/h2>\n<p style=\"text-align: left;\"><span style=\"font-size: 14px; color: #012853;\">Son estudios de una duraci\u00f3n de dos a\u00f1os acad\u00e9micos. El primer curso ser\u00e1 en el centro educativo, de septiembre a mayo. El alumno aprender\u00e1 todo lo necesario para poder desarrollar su labor como comercial junior en el concesionario. Es como estudiar la parte te\u00f3rica del carnet de conducir, aunque el aprendizaje es muy pr\u00e1ctico, ya que se desarrollan proyectos, se trabajan casos y se hacen muchos aprendizajes pr\u00e1cticos visitando empresas con las \u00faltimas tecnolog\u00edas y con el contacto directo con el sector.<\/span><\/p>\n<p style=\"text-align: left;\"><span style=\"font-size: 14px; color: #012853;\">Al finalizar el primer curso, en junio se hace un primer contacto con la empresa, haciendo el per\u00edodo de integraci\u00f3n en el equipo y conociendo de primera mano las tareas y responsabilidades que tendr\u00e1 como comerciales j\u00faniores.<\/span><\/p>\n<p style=\"text-align: left;\"><span style=\"font-size: 14px; color: #012853;\">En septiembre del segundo curso se comienza el per\u00edodo DUAL combinando 2 d\u00edas en el centro educativo y 3 d\u00edas de aprendizaje en la empresa. Para ello, los centros educativos y el Gremio aseguran un aprendizaje complementario en la empresa. Por decirlo de alg\u00fan modo, este per\u00edodo ser\u00edan las pr\u00e1cticas del carnet de conducir, en las que ya se est\u00e1 con un coche en la carretera pero siempre con el apoyo y supervisi\u00f3n del profesor.<\/span><\/p>\n<p style=\"text-align: left;\"><span style=\"font-size: 14px; color: #012853;\">En este caso, al alumno se le asigna un tutor\/a de la empresa y tambi\u00e9n el equipo docente del instituto. Adem\u00e1s, cabe decir que este per\u00edodo en la empresa est\u00e1 vinculado con una remuneraci\u00f3n en concepto de beca que le ayudar\u00e1 a financiar el transporte y las dietas durante todo el curso. Tambi\u00e9n estar\u00e1 dado de alta en la Seguridad Social, como becarios.<\/span><\/p>\n<p style=\"text-align: left;\"><span style=\"font-size: 14px; color: #012853;\">A finales de segundo curso, si supera todos los retos, persever\u00e1 y demuestre su aprendizaje recibir\u00e1 su titulaci\u00f3n Superior en Gesti\u00f3n de Ventas y tendr\u00e1 acceso al mercado laboral.<\/span><\/p>\n<p style=\"text-align: left;\"><span style=\"font-size: 14px; color: #012853;\">La duraci\u00f3n del ciclo formativo es de dos a\u00f1os. Las horas de ense\u00f1anza previstas ser\u00e1n de 2.300 horas con un m\u00ednimo de 970 horas de pr\u00e1ctica.<\/span><\/p>\n<h2 style=\"text-align: left;\"><span style=\"color: #012853;\">El papel de las empresas<\/span><\/h2>\n<p style=\"text-align: left;\"><span style=\"font-size: 14px; color: #012853;\">La Patronal Catalana de la Distribuci\u00f3n de Automoci\u00f3n, la entidad que agrupa a las empresas del sector (concesionarios de marca y multimarca), apuesta por este ciclo formativo porque permite trabajar conjuntamente la teor\u00eda en centros educativos, pero con un valor a\u00f1adido, la pr\u00e1ctica directa en la empresa. El sector comercial del autom\u00f3vil y por extensi\u00f3n, de los veh\u00edculos de motor en general, precisan la inserci\u00f3n de j\u00f3venes con vocaci\u00f3n y conocimientos avanzados. En los \u00faltimos a\u00f1os, la comercializaci\u00f3n de veh\u00edculos ha ido evolucionando as\u00ed como los criterios de compra. Los veh\u00edculos est\u00e1n cada vez m\u00e1s altamente tecnificados y la digitalizaci\u00f3n abre nuevas oportunidades de negocio<\/span><\/p>\n<p style=\"text-align: left;\"><span style=\"font-size: 14px; color: #012853;\">Los alumnos obtendr\u00e1n el t\u00edtulo de Formaci\u00f3n Profesional Superior de Gesti\u00f3n de Ventas y Espacios Comerciales, con la especialidad de comercial del Autom\u00f3vil. Al finalizar, los alumnos tendr\u00e1n una formaci\u00f3n completa de la comercializaci\u00f3n con conocimientos relacionados con la venta del autom\u00f3vil y las actividades complementarias como son.<\/span><\/p>\n<p style=\"text-align: left;\"><span style=\"font-size: 14px; color: #012853;\">M\u00e1s informaci\u00f3n a las empresas que quieren participar en el proyecto: Fecavem\/Gremi del Motor de Barcelona (Tel. 93.415.06.95 Ext. 3).<\/span><\/p>\n<p style=\"text-align: left;\"><a href=\"\/wp-content\/uploads\/2023\/03\/FulletoFPDualComercialsAutomocio.pdf\"><strong><span style=\"font-size: 14px;\">Descargar el folleto promocional del Curso<\/span><\/strong><\/a><\/p>\n<p>[\/vc_column_text][\/vc_column][vc_column width=\u00bb1\/6&#8243;][\/vc_column][\/vc_row][\/vc_section][vc_section][vc_row full_width=\u00bbstretch_row_content\u00bb equal_height=\u00bbyes\u00bb][vc_column width=\u00bb1\/6&#8243; css=\u00bb.vc_custom_1604059966339{margin-right: 0px !important;padding-right: 0px !important;}\u00bb offset=\u00bbvc_hidden-sm vc_hidden-xs\u00bb][\/vc_column][vc_column width=\u00bb2\/3&#8243; css=\u00bb.vc_custom_1654508438542{margin-left: 0px !important;padding-left: 0px !important;}\u00bb el_class=\u00bbbloquertOne\u00bb offset=\u00bbvc_hidden-sm vc_hidden-xs\u00bb][vc_single_image image=\u00bb10106&#8243; img_size=\u00bbfull\u00bb alignment=\u00bbcenter\u00bb][\/vc_column][vc_column width=\u00bb1\/6&#8243; css=\u00bb.vc_custom_1654508175899{margin-left: 0px !important;padding-left: 0px !important;}\u00bb el_class=\u00bbbloquertTwo\u00bb][\/vc_column][\/vc_row][\/vc_section]<\/p>\n<\/div>","protected":false},"excerpt":{"rendered":"<p>[vc_section][vc_row][vc_column][\/vc_column][\/vc_row][\/vc_section][vc_section css=\u00bb.vc_custom_1655106987189{margin-top: 5% !important;}\u00bb][vc_row full_width=\u00bbstretch_row_content\u00bb equal_height=\u00bbyes\u00bb][vc_column width=\u00bb1\/6&#8243; css=\u00bb.vc_custom_1604059966339{margin-right: 0px !important;padding-right: 0px !important;}\u00bb offset=\u00bbvc_hidden-sm vc_hidden-xs\u00bb][\/vc_column][vc_column width=\u00bb2\/3&#8243; css=\u00bb.vc_custom_1654508438542{margin-left: 0px !important;padding-left: 0px !important;}\u00bb el_class=\u00bbbloquertOne\u00bb offset=\u00bbvc_hidden-sm vc_hidden-xs\u00bb][vc_video link=\u00bbhttps:\/\/youtu.be\/99Md0M1OHKE\u00bb el_width=\u00bb60&#8243; align=\u00bbcenter\u00bb][\/vc_column][vc_column width=\u00bb1\/6&#8243; css=\u00bb.vc_custom_1654508175899{margin-left: 0px !important;padding-left: 0px !important;}\u00bb el_class=\u00bbbloquertTwo\u00bb][\/vc_column][\/vc_row][\/vc_section][vc_section el_class=\u00bbclassSpace\u00bb][vc_row full_width=\u00bbstretch_row_content\u00bb el_class=\u00bbbloquetertyp\u00bb][vc_column width=\u00bb1\/6&#8243; offset=\u00bbvc_hidden-sm vc_hidden-xs\u00bb align=\u00bbtext-lg-center text-md-center text-sm-center text-xs-center\u00bb][\/vc_column][vc_column width=\u00bb2\/3&#8243; align=\u00bbtext-lg-center text-md-center text-sm-center text-xs-center\u00bb][vc_column_text el_class=\u00bbclasstextpage\u00bb] Este programa es un ciclo adaptado [&#8230;]<\/p>\n","protected":false},"author":5,"featured_media":0,"parent":0,"menu_order":0,"comment_status":"closed","ping_status":"closed","template":"","meta":{"footnotes":"","_links_to":"","_links_to_target":""},"class_list":["post-10117","page","type-page","status-publish","hentry"],"_links":{"self":[{"href":"https:\/\/fecavem.com\/es\/wp-json\/wp\/v2\/pages\/10117","targetHints":{"allow":["GET"]}}],"collection":[{"href":"https:\/\/fecavem.com\/es\/wp-json\/wp\/v2\/pages"}],"about":[{"href":"https:\/\/fecavem.com\/es\/wp-json\/wp\/v2\/types\/page"}],"author":[{"embeddable":true,"href":"https:\/\/fecavem.com\/es\/wp-json\/wp\/v2\/users\/5"}],"replies":[{"embeddable":true,"href":"https:\/\/fecavem.com\/es\/wp-json\/wp\/v2\/comments?post=10117"}],"version-history":[{"count":6,"href":"https:\/\/fecavem.com\/es\/wp-json\/wp\/v2\/pages\/10117\/revisions"}],"predecessor-version":[{"id":15359,"href":"https:\/\/fecavem.com\/es\/wp-json\/wp\/v2\/pages\/10117\/revisions\/15359"}],"wp:attachment":[{"href":"https:\/\/fecavem.com\/es\/wp-json\/wp\/v2\/media?parent=10117"}],"curies":[{"name":"wp","href":"https:\/\/api.w.org\/{rel}","templated":true}]}}