{"id":5180,"date":"2020-10-05T11:07:59","date_gmt":"2020-10-05T11:07:59","guid":{"rendered":"https:\/\/fecavem.com\/area-privada\/"},"modified":"2025-04-08T08:24:05","modified_gmt":"2025-04-08T08:24:05","slug":"area-privada","status":"publish","type":"page","link":"https:\/\/fecavem.com\/es\/area-privada\/","title":{"rendered":"\u00c1rea privada"},"content":{"rendered":"<div class=\"wpb-content-wrapper\"><p>[vc_section][vc_row][vc_column]\n\t\t\t<!-- START \u00c0rea privada ES REVOLUTION SLIDER 6.7.12 --><p class=\"rs-p-wp-fix\"><\/p>\n\t\t\t<rs-module-wrap id=\"rev_slider_27_1_wrapper\" data-source=\"gallery\" style=\"visibility:hidden;background:transparent;padding:0;margin:0px auto;margin-top:0;margin-bottom:0;\">\n\t\t\t\t<rs-module id=\"rev_slider_27_1\" style=\"\" data-version=\"6.7.12\">\n\t\t\t\t\t<rs-slides style=\"overflow: hidden; position: absolute;\">\n\t\t\t\t\t\t<rs-slide style=\"position: absolute;\" data-key=\"rs-54\" data-title=\"Slide\" data-anim=\"adpr:false;\" data-in=\"o:0;\" data-out=\"a:false;\">\n\t\t\t\t\t\t\t<img decoding=\"async\" src=\"\/\/fecavem.com\/wp-content\/plugins\/revslider\/sr6\/assets\/assets\/dummy.png\" alt=\"Slide\" title=\"\u00c1rea privada\" class=\"rev-slidebg tp-rs-img rs-lazyload\" data-lazyload=\"\/\/fecavem.com\/wp-content\/plugins\/revslider\/sr6\/assets\/assets\/transparent.png\" data-bg=\"c:#efefef;\" data-no-retina>\n<!--\n\t\t\t\t\t\t\t--><rs-layer\n\t\t\t\t\t\t\t\tid=\"slider-27-slide-54-layer-0\" \n\t\t\t\t\t\t\t\tdata-type=\"text\"\n\t\t\t\t\t\t\t\tdata-color=\"#9b9b9b\"\n\t\t\t\t\t\t\t\tdata-rsp_ch=\"on\"\n\t\t\t\t\t\t\t\tdata-xy=\"x:c;y:c;\"\n\t\t\t\t\t\t\t\tdata-text=\"w:normal;s:42;l:64;fw:600;\"\n\t\t\t\t\t\t\t\tdata-frame_999=\"o:0;st:w;\"\n\t\t\t\t\t\t\t\tstyle=\"z-index:5;font-family:'Work Sans';\"\n\t\t\t\t\t\t\t>\u00c1REA PRIVADA \n\t\t\t\t\t\t\t<\/rs-layer><!--\n-->\t\t\t\t\t<\/rs-slide>\n\t\t\t\t\t<\/rs-slides>\n\t\t\t\t<\/rs-module>\n\t\t\t\t<script>\n\t\t\t\t\tsetREVStartSize({c: 'rev_slider_27_1',rl:[1240,1024,778,480],el:[140],gw:[1240],gh:[140],type:'standard',justify:'',layout:'fullwidth',mh:\"0\"});if (window.RS_MODULES!==undefined && window.RS_MODULES.modules!==undefined && window.RS_MODULES.modules[\"revslider271\"]!==undefined) {window.RS_MODULES.modules[\"revslider271\"].once = false;window.revapi27 = undefined;if (window.RS_MODULES.checkMinimal!==undefined) window.RS_MODULES.checkMinimal()}\n\t\t\t\t<\/script>\n\t\t\t<\/rs-module-wrap>\n\t\t\t<!-- END REVOLUTION SLIDER -->\n[\/vc_column][\/vc_row][\/vc_section][vc_row][vc_column css=\u00bb.vc_custom_1744097773632{padding-top: 5% !important;}\u00bb][vc_column_text css=\u00bb\u00bb]<\/p>\n<h2 style=\"text-align: center;\">Fecavem coordina y gestiona por las asociaciones integrantes, los siguientes servicios. Para acceder a ellos es necesario ser socio y disponer de las claves de acceso de su web.<\/h2>\n<p>[\/vc_column_text][\/vc_column][\/vc_row][vc_section css=\u00bb.vc_custom_1655109058386{margin-top: 5% !important;}\u00bb][vc_row full_width=\u00bbstretch_row\u00bb css=\u00bb.vc_custom_1495620868662{background-position: center !important;background-repeat: no-repeat !important;background-size: cover !important;}\u00bb][vc_column width=\u00bb1\/3&#8243;][vc_raw_html css=\u00bb\u00bb]JTNDYSUyMGhyZWYlM0QlMjIlMjMlMjIlM0U=[\/vc_raw_html]<style>.ra_content_box_69f4f3626f2e0 h3{color: !important;font-size: !important;}.ra_content_box_69f4f3626f2e0 .content-box-content p{color: !important;font-size: !important;}.ra_content_box_69f4f3626f2e0.content-box-boxed-centered figure{border-bottom-color:#2f71d1;}<\/style><div id=\"ra_content_box_69f4f3626f2e0\" class=\"content-box content-box-boxed-centered content-box-default content-box-with-border text-center custombarrnerts ra_content_box_69f4f3626f2e0\">\n\n\t\t<figure> <img loading=\"lazy\" decoding=\"async\" width=\"359\" height=\"245\" src=\"https:\/\/fecavem.com\/wp-content\/uploads\/2020\/10\/areaprivateimg-18-30x20.png\" class=\"attachment-full size-full progressive__img progressive--not-loaded\" alt=\"\" data-rjs=\"https:\/\/fecavem.com\/wp-content\/uploads\/2020\/10\/areaprivateimg-18.png\" srcset=\"\" sizes=\"auto, (max-width: 359px) 100vw, 359px\" data-progressive=\"https:\/\/fecavem.com\/wp-content\/uploads\/2020\/10\/areaprivateimg-18.png\" \/><\/figure>\n\t<div class=\"content-box-content\">\n\t\t\t\t\n\t\t\t\t<p>Buscador de valores de compra de veh\u00edculos de ocasi\u00f3n (4 o m\u00e1s ruedas)<\/p>\n\t\t\t\t\n\t<\/div>\n\n<\/div>[vc_raw_html]JTNDJTJGYSUzRQ==[\/vc_raw_html][\/vc_column][vc_column width=\u00bb1\/3&#8243;][vc_raw_html css=\u00bb\u00bb]JTNDYSUyMGhyZWYlM0QlMjIlMjMlMjIlM0U=[\/vc_raw_html]<style>.ra_content_box_69f4f362b0578 h3{color: !important;font-size: !important;}.ra_content_box_69f4f362b0578 .content-box-content p{color: !important;font-size: !important;}.ra_content_box_69f4f362b0578.content-box-boxed-centered figure{border-bottom-color:#2f71d1;}<\/style><div id=\"ra_content_box_69f4f362b0578\" class=\"content-box content-box-boxed-centered content-box-default content-box-with-border text-center custombarrnerts ra_content_box_69f4f362b0578\">\n\n\t\t<figure> <img loading=\"lazy\" decoding=\"async\" width=\"359\" height=\"245\" src=\"https:\/\/fecavem.com\/wp-content\/uploads\/2020\/10\/areaprivateimg-19-30x20.png\" class=\"attachment-full size-full progressive__img progressive--not-loaded\" alt=\"\" data-rjs=\"https:\/\/fecavem.com\/wp-content\/uploads\/2020\/10\/areaprivateimg-19.png\" srcset=\"\" sizes=\"auto, (max-width: 359px) 100vw, 359px\" data-progressive=\"https:\/\/fecavem.com\/wp-content\/uploads\/2020\/10\/areaprivateimg-19.png\" \/><\/figure>\n\t<div class=\"content-box-content\">\n\t\t\t\t\n\t\t\t\t<p>Buscador de valores de compra de veh\u00edculos de ocasi\u00f3n (2 o 3 ruedas)<\/p>\n\t\t\t\t\n\t<\/div>\n\n<\/div>[vc_raw_html]JTNDJTJGYSUzRQ==[\/vc_raw_html][\/vc_column][vc_column width=\u00bb1\/3&#8243;][vc_raw_html css=\u00bb\u00bb]JTNDYSUyMGhyZWYlM0QlMjJodHRwcyUzQSUyRiUyRm1hdHJpY3VsZXMuZ3JlbWlkZWxtb3Rvci5jb20lMkZndnZtLW1hdHJpY3VsZXMucGhwJTIyJTIwdGFyZ2V0JTNEJTIyX2JsYW5rJTIyJTNF[\/vc_raw_html]<style>.ra_content_box_69f4f362ef4b9 h3{color: !important;font-size: !important;}.ra_content_box_69f4f362ef4b9 .content-box-content p{color: !important;font-size: !important;}.ra_content_box_69f4f362ef4b9.content-box-boxed-centered figure{border-bottom-color:#2f71d1;}<\/style><div id=\"ra_content_box_69f4f362ef4b9\" class=\"content-box content-box-boxed-centered content-box-default content-box-with-border text-center custombarrnerts ra_content_box_69f4f362ef4b9\">\n\n\t\t<figure> <img loading=\"lazy\" decoding=\"async\" width=\"359\" height=\"245\" src=\"https:\/\/fecavem.com\/wp-content\/uploads\/2020\/10\/areaprivateimg-20-30x20.png\" class=\"attachment-full size-full progressive__img progressive--not-loaded\" alt=\"\" data-rjs=\"https:\/\/fecavem.com\/wp-content\/uploads\/2020\/10\/areaprivateimg-20.png\" srcset=\"\" sizes=\"auto, (max-width: 359px) 100vw, 359px\" data-progressive=\"https:\/\/fecavem.com\/wp-content\/uploads\/2020\/10\/areaprivateimg-20.png\" \/><\/figure>\n\t<div class=\"content-box-content\">\n\t\t\t\t\n\t\t\t\t<p>Consulta a\u00f1o matr\u00edcula<\/p>\n<hr class=\"custombar\" \/>\n<hr class=\"custombar\" \/>\n\t\t\t\t\n\t<\/div>\n\n<\/div>[vc_raw_html]JTNDJTJGYSUzRQ==[\/vc_raw_html][\/vc_column][\/vc_row][vc_row full_width=\u00bbstretch_row\u00bb css=\u00bb.vc_custom_1495620868662{background-position: center !important;background-repeat: no-repeat !important;background-size: cover !important;}\u00bb][vc_column width=\u00bb1\/3&#8243;][vc_raw_html]JTNDYSUyMGhyZWYlM0QlMjJwcm9ncmFtYS1kZS1mb3JtYWNpb24tZGUtam92ZW5lcy1jb21lcmNpYWxlcy1kZS1hdXRvbW9jaW9uJTIyJTNF[\/vc_raw_html]<style>.ra_content_box_69f4f36335372 h3{color: !important;font-size: !important;}.ra_content_box_69f4f36335372 .content-box-content p{color: !important;font-size: !important;}.ra_content_box_69f4f36335372.content-box-boxed-centered figure{border-bottom-color:#2f71d1;}<\/style><div id=\"ra_content_box_69f4f36335372\" class=\"content-box content-box-boxed-centered content-box-default content-box-with-border text-center custombarrnerts ra_content_box_69f4f36335372\">\n\n\t\t<figure> <img loading=\"lazy\" decoding=\"async\" width=\"359\" height=\"245\" src=\"https:\/\/fecavem.com\/wp-content\/uploads\/2023\/03\/cursos-30x20.jpg\" class=\"attachment-full size-full progressive__img progressive--not-loaded\" alt=\"\" data-rjs=\"https:\/\/fecavem.com\/wp-content\/uploads\/2023\/03\/cursos.jpg\" srcset=\"\" sizes=\"auto, (max-width: 359px) 100vw, 359px\" data-progressive=\"https:\/\/fecavem.com\/wp-content\/uploads\/2023\/03\/cursos.jpg\" \/><\/figure>\n\t<div class=\"content-box-content\">\n\t\t\t\t\n\t\t\t\t<p>Programa de formaci\u00f3n de j\u00f3venes<br \/>\nComerciales de automoci\u00f3n<\/p>\n\t\t\t\t\n\t<\/div>\n\n<\/div>[vc_raw_html]JTNDJTJGYSUzRQ==[\/vc_raw_html][\/vc_column][vc_column width=\u00bb1\/3&#8243;][vc_raw_html css=\u00bb\u00bb]JTNDYSUyMGhyZWYlM0QlMjIlMjMlMjIlM0U=[\/vc_raw_html]<style>.ra_content_box_69f4f3636d1f3 h3{color: !important;font-size: !important;}.ra_content_box_69f4f3636d1f3 .content-box-content p{color: !important;font-size: !important;}.ra_content_box_69f4f3636d1f3.content-box-boxed-centered figure{border-bottom-color:#2f71d1;}<\/style><div id=\"ra_content_box_69f4f3636d1f3\" class=\"content-box content-box-boxed-centered content-box-default content-box-with-border text-center custombarrnerts ra_content_box_69f4f3636d1f3\">\n\n\t\t<figure> <img loading=\"lazy\" decoding=\"async\" width=\"359\" height=\"245\" src=\"https:\/\/fecavem.com\/wp-content\/uploads\/2023\/11\/Salon-Ocasion-Thumb-2-30x20.jpg\" class=\"attachment-full size-full progressive__img progressive--not-loaded\" alt=\"\" data-rjs=\"https:\/\/fecavem.com\/wp-content\/uploads\/2023\/11\/Salon-Ocasion-Thumb-2.jpg\" srcset=\"\" sizes=\"auto, (max-width: 359px) 100vw, 359px\" data-progressive=\"https:\/\/fecavem.com\/wp-content\/uploads\/2023\/11\/Salon-Ocasion-Thumb-2.jpg\" \/><\/figure>\n\t<div class=\"content-box-content\">\n\t\t\t\t\n\t\t\t\t<p>Participar como expositor en el Sal\u00f3 Ocasi\u00f3 de Fira de Barcelona<\/p>\n\t\t\t\t\n\t<\/div>\n\n<\/div>[vc_raw_html]JTNDJTJGYSUzRQ==[\/vc_raw_html][\/vc_column][vc_column width=\u00bb1\/3&#8243;][vc_raw_html css=\u00bb\u00bb]JTNDYSUyMGhyZWYlM0QlMjIlMjMlMjIlM0U=[\/vc_raw_html]<style>.ra_content_box_69f4f363a9fe9 h3{color: !important;font-size: !important;}.ra_content_box_69f4f363a9fe9 .content-box-content p{color: !important;font-size: !important;}.ra_content_box_69f4f363a9fe9.content-box-boxed-centered figure{border-bottom-color:#2f71d1;}<\/style><div id=\"ra_content_box_69f4f363a9fe9\" class=\"content-box content-box-boxed-centered content-box-default content-box-with-border text-center custombarrnerts ra_content_box_69f4f363a9fe9\">\n\n\t\t<figure> <img loading=\"lazy\" decoding=\"async\" width=\"359\" height=\"245\" src=\"https:\/\/fecavem.com\/wp-content\/uploads\/2024\/05\/fecavem-1-30x20.png\" class=\"attachment-full size-full progressive__img progressive--not-loaded\" alt=\"\" data-rjs=\"https:\/\/fecavem.com\/wp-content\/uploads\/2024\/05\/fecavem-1.png\" srcset=\"\" sizes=\"auto, (max-width: 359px) 100vw, 359px\" data-progressive=\"https:\/\/fecavem.com\/wp-content\/uploads\/2024\/05\/fecavem-1.png\" \/><\/figure>\n\t<div class=\"content-box-content\">\n\t\t\t\t\n\t\t\t\t<p>Servicios Estad\u00edsticas de Matriculaciones y de Veh\u00edculos de Ocasi\u00f3n<\/p>\n\t\t\t\t\n\t<\/div>\n\n<\/div>[vc_raw_html]JTNDJTJGYSUzRQ==[\/vc_raw_html][\/vc_column][\/vc_row][vc_row full_width=\u00bbstretch_row\u00bb css=\u00bb.vc_custom_1495620868662{background-position: center !important;background-repeat: no-repeat !important;background-size: cover !important;}\u00bb][vc_column width=\u00bb1\/3&#8243;][\/vc_column][vc_column width=\u00bb1\/3&#8243;][vc_raw_html css=\u00bb\u00bb]JTNDYSUyMGhyZWYlM0QlMjJodHRwcyUzQSUyRiUyRmdyZW1pbW90b3IuY29tJTJGJTIyJTIwdGFyZ2V0JTNEJTIyX2JsYW5rJTIyJTNF[\/vc_raw_html]<style>.ra_content_box_69f4f363e1dd7 h3{color: !important;font-size: !important;}.ra_content_box_69f4f363e1dd7 .content-box-content p{color: !important;font-size: !important;}.ra_content_box_69f4f363e1dd7.content-box-boxed-centered figure{border-bottom-color:#2f71d1;}<\/style><div id=\"ra_content_box_69f4f363e1dd7\" class=\"content-box content-box-boxed-centered content-box-default content-box-with-border text-center custombarrnerts ra_content_box_69f4f363e1dd7\">\n\n\t\t<figure> <img loading=\"lazy\" decoding=\"async\" width=\"359\" height=\"245\" src=\"https:\/\/fecavem.com\/wp-content\/uploads\/2025\/04\/gremimotor.com_-30x20.jpg\" class=\"attachment-full size-full progressive__img progressive--not-loaded\" alt=\"\" data-rjs=\"https:\/\/fecavem.com\/wp-content\/uploads\/2025\/04\/gremimotor.com_.jpg\" srcset=\"\" sizes=\"auto, (max-width: 359px) 100vw, 359px\" data-progressive=\"https:\/\/fecavem.com\/wp-content\/uploads\/2025\/04\/gremimotor.com_.jpg\" \/><\/figure>\n\t<div class=\"content-box-content\">\n\t\t\t\t\n\t\t\t\t<p>Portal VO www.gremimotor.com (Publicador de ofertas de veh\u00edculos de 2 y 4 ruedas)<\/p>\n\t\t\t\t\n\t<\/div>\n\n<\/div>[vc_raw_html]JTNDJTJGYSUzRQ==[\/vc_raw_html][\/vc_column][vc_column width=\u00bb1\/3&#8243;][\/vc_column][\/vc_row][\/vc_section][vc_section][vc_row full_width=\u00bbstretch_row\u00bb css=\u00bb.vc_custom_1601896003160{padding-bottom: 35px !important;background-image: url(https:\/\/fecavem.wallwoo.com\/wp-content\/uploads\/2020\/10\/bannerprivate-11.png?id=436) !important;}\u00bb][vc_column][vc_custom_heading text=\u00bb\u00bfQuieres contratar a un estudiante en pr\u00e1cticas para la empresa?\u00bb font_container=\u00bbtag:h2|font_size:21|text_align:center|color:%23012853&#8243; google_fonts=\u00bbfont_family:Work%20Sans%3Aregular|font_style:700%20Bold%20Regular%3A700%3Anormal\u00bb][vc_custom_heading text=\u00bbParticipa en el proceso de preselecci\u00f3n de estudiantes del curso de comerciales de automoci\u00f3n\u00bb font_container=\u00bbtag:p|font_size:14|text_align:center|color:%23012853&#8243; google_fonts=\u00bbfont_family:Work%20Sans%3Aregular|font_style:400%20Normal%20Regular%3A400%3Anormal\u00bb][vc_row_inner][vc_column_inner align=\u00bbtext-lg-center text-md-center text-sm-center text-xs-center\u00bb]<style>.ra_button_69f4f36427b4c{background-color:#ffffff;color:#012853;border-color:#ffffff !important;}.ra_button_69f4f36427b4c:focus,.ra_button_69f4f36427b4c:hover{background-color:#012853;border-color:#012853!important;}<\/style><a href=\"http:\/\/fecavem.bemediatic.com\/wp-content\/uploads\/2020\/11\/FORMACIO-DUAL_fecavem.pdf\" target=\"_blank\" class=\"btn btn-solid border-thin ra_button_69f4f36427b4c\" rel=\"noopener\">\n\t\t\t\t<span>\n\tINF\u00d3RMATE\t<\/span>\n<\/a>\n[\/vc_column_inner][\/vc_row_inner][\/vc_column][\/vc_row][\/vc_section]<\/p>\n<\/div>","protected":false},"excerpt":{"rendered":"<p>[vc_section][vc_row][vc_column][\/vc_column][\/vc_row][\/vc_section][vc_row][vc_column css=\u00bb.vc_custom_1744097773632{padding-top: 5% !important;}\u00bb][vc_column_text css=\u00bb\u00bb] Fecavem coordina y gestiona por las asociaciones integrantes, los siguientes servicios. Para acceder a ellos es necesario ser socio y disponer de las claves de acceso de su web. [\/vc_column_text][\/vc_column][\/vc_row][vc_section css=\u00bb.vc_custom_1655109058386{margin-top: 5% !important;}\u00bb][vc_row full_width=\u00bbstretch_row\u00bb css=\u00bb.vc_custom_1495620868662{background-position: center !important;background-repeat: no-repeat !important;background-size: cover !important;}\u00bb][vc_column width=\u00bb1\/3&#8243;][vc_raw_html css=\u00bb\u00bb]JTNDYSUyMGhyZWYlM0QlMjIlMjMlMjIlM0U=[\/vc_raw_html][vc_raw_html]JTNDJTJGYSUzRQ==[\/vc_raw_html][\/vc_column][vc_column width=\u00bb1\/3&#8243;][vc_raw_html css=\u00bb\u00bb]JTNDYSUyMGhyZWYlM0QlMjIlMjMlMjIlM0U=[\/vc_raw_html][vc_raw_html]JTNDJTJGYSUzRQ==[\/vc_raw_html][\/vc_column][vc_column width=\u00bb1\/3&#8243;][vc_raw_html css=\u00bb\u00bb]JTNDYSUyMGhyZWYlM0QlMjJodHRwcyUzQSUyRiUyRm1hdHJpY3VsZXMuZ3JlbWlkZWxtb3Rvci5jb20lMkZndnZtLW1hdHJpY3VsZXMucGhwJTIyJTIwdGFyZ2V0JTNEJTIyX2JsYW5rJTIyJTNF[\/vc_raw_html][vc_raw_html]JTNDJTJGYSUzRQ==[\/vc_raw_html][\/vc_column][\/vc_row][vc_row full_width=\u00bbstretch_row\u00bb css=\u00bb.vc_custom_1495620868662{background-position: center [&#8230;]<\/p>\n","protected":false},"author":2,"featured_media":0,"parent":0,"menu_order":0,"comment_status":"closed","ping_status":"closed","template":"","meta":{"footnotes":"","_links_to":"","_links_to_target":""},"class_list":["post-5180","page","type-page","status-publish","hentry"],"_links":{"self":[{"href":"https:\/\/fecavem.com\/es\/wp-json\/wp\/v2\/pages\/5180","targetHints":{"allow":["GET"]}}],"collection":[{"href":"https:\/\/fecavem.com\/es\/wp-json\/wp\/v2\/pages"}],"about":[{"href":"https:\/\/fecavem.com\/es\/wp-json\/wp\/v2\/types\/page"}],"author":[{"embeddable":true,"href":"https:\/\/fecavem.com\/es\/wp-json\/wp\/v2\/users\/2"}],"replies":[{"embeddable":true,"href":"https:\/\/fecavem.com\/es\/wp-json\/wp\/v2\/comments?post=5180"}],"version-history":[{"count":11,"href":"https:\/\/fecavem.com\/es\/wp-json\/wp\/v2\/pages\/5180\/revisions"}],"predecessor-version":[{"id":17185,"href":"https:\/\/fecavem.com\/es\/wp-json\/wp\/v2\/pages\/5180\/revisions\/17185"}],"wp:attachment":[{"href":"https:\/\/fecavem.com\/es\/wp-json\/wp\/v2\/media?parent=5180"}],"curies":[{"name":"wp","href":"https:\/\/api.w.org\/{rel}","templated":true}]}}