{"id":5184,"date":"2020-10-05T11:05:36","date_gmt":"2020-10-05T11:05:36","guid":{"rendered":"https:\/\/fecavem.com\/contacte\/"},"modified":"2022-08-05T17:40:47","modified_gmt":"2022-08-05T17:40:47","slug":"contacto","status":"publish","type":"page","link":"https:\/\/fecavem.com\/es\/contacto\/","title":{"rendered":"Contacto"},"content":{"rendered":"<div class=\"wpb-content-wrapper\"><p>[vc_section][vc_row][vc_column]\n\t\t\t<!-- START Contacto ES REVOLUTION SLIDER 6.7.12 --><p class=\"rs-p-wp-fix\"><\/p>\n\t\t\t<rs-module-wrap id=\"rev_slider_28_1_wrapper\" data-source=\"gallery\" style=\"visibility:hidden;background:transparent;padding:0;margin:0px auto;margin-top:0;margin-bottom:0;\">\n\t\t\t\t<rs-module id=\"rev_slider_28_1\" style=\"\" data-version=\"6.7.12\">\n\t\t\t\t\t<rs-slides style=\"overflow: hidden; position: absolute;\">\n\t\t\t\t\t\t<rs-slide style=\"position: absolute;\" data-key=\"rs-55\" data-title=\"Slide\" data-anim=\"adpr:false;\" data-in=\"o:0;\" data-out=\"a:false;\">\n\t\t\t\t\t\t\t<img decoding=\"async\" src=\"\/\/fecavem.com\/wp-content\/plugins\/revslider\/sr6\/assets\/assets\/dummy.png\" alt=\"Slide\" title=\"Contacto\" class=\"rev-slidebg tp-rs-img rs-lazyload\" data-lazyload=\"\/\/fecavem.com\/wp-content\/plugins\/revslider\/sr6\/assets\/assets\/transparent.png\" data-bg=\"c:#efefef;\" data-no-retina>\n<!--\n\t\t\t\t\t\t\t--><rs-layer\n\t\t\t\t\t\t\t\tid=\"slider-28-slide-55-layer-0\" \n\t\t\t\t\t\t\t\tdata-type=\"text\"\n\t\t\t\t\t\t\t\tdata-color=\"#9b9b9b\"\n\t\t\t\t\t\t\t\tdata-rsp_ch=\"on\"\n\t\t\t\t\t\t\t\tdata-xy=\"x:c;y:c;\"\n\t\t\t\t\t\t\t\tdata-text=\"w:normal;s:42;l:64;fw:600;\"\n\t\t\t\t\t\t\t\tdata-frame_999=\"o:0;st:w;\"\n\t\t\t\t\t\t\t\tstyle=\"z-index:5;font-family:'Work Sans';\"\n\t\t\t\t\t\t\t>CONTACTO \n\t\t\t\t\t\t\t<\/rs-layer><!--\n-->\t\t\t\t\t<\/rs-slide>\n\t\t\t\t\t<\/rs-slides>\n\t\t\t\t<\/rs-module>\n\t\t\t\t<script>\n\t\t\t\t\tsetREVStartSize({c: 'rev_slider_28_1',rl:[1240,1024,778,480],el:[140],gw:[1240],gh:[140],type:'standard',justify:'',layout:'fullwidth',mh:\"0\"});if (window.RS_MODULES!==undefined && window.RS_MODULES.modules!==undefined && window.RS_MODULES.modules[\"revslider281\"]!==undefined) {window.RS_MODULES.modules[\"revslider281\"].once = false;window.revapi28 = undefined;if (window.RS_MODULES.checkMinimal!==undefined) window.RS_MODULES.checkMinimal()}\n\t\t\t\t<\/script>\n\t\t\t<\/rs-module-wrap>\n\t\t\t<!-- END REVOLUTION SLIDER -->\n[\/vc_column][\/vc_row][\/vc_section][vc_section el_class=\u00bbclascustombroker\u00bb css=\u00bb.vc_custom_1655108989185{margin-top: 5% !important;}\u00bb][vc_row equal_height=\u00bbyes\u00bb content_placement=\u00bbmiddle\u00bb][vc_column width=\u00bb1\/3&#8243; enable_responsive_options=\u00bbyes\u00bb css=\u00bb.vc_custom_1655110969997{padding-left: 40px !important;background-image: url(https:\/\/fecavem.wallwoo.com\/wp-content\/uploads\/2020\/10\/lateralbanner-10.png?id=397) !important;background-position: center !important;background-repeat: no-repeat !important;background-size: cover !important;}\u00bb responsive_css=\u00bbpadding_bottom_mobile:30&#8243;][vc_custom_heading text=\u00bbBarcelona\u00bb font_container=\u00bbtag:h3|text_align:left|color:%23ffffff\u00bb google_fonts=\u00bbfont_family:Work%20Sans%3Aregular|font_style:600%20Semi-Bold%20Regular%3A600%3Anormal\u00bb]<style>.ra_icon_box_69e2150f0377e .icon-container{color:#ffffff;font-size:22px;}.ra_icon_box_69e2150f0377e:hover .icon-container{color:#ffffff;}.ra_icon_box_69e2150f0377e h3{color:#ffffff;}<\/style>\n<div class=\"icon-box icon-box-ci icon-box-inline extraclassicoms ra_icon_box_69e2150f0377e\"  id=\"ra_icon_box_69e2150f0377e\">\n\n\t\t<span class=\"icon-container\"><i class=\"fas fa-phone-alt\"><\/i><\/span>\n\t<h3><a href=\"tel:+934150695\">Tel\u00e9fono<\/a><\/h3>\n\t<div class=\"contents\">\n\t\t\t\t\t\t<p>934 150 695<\/p>\n\t\t\t\t\n\t<\/div>\n<\/div>\n<style>.ra_icon_box_69e2150f03cff .icon-container{color:#ffffff;font-size:22px;}.ra_icon_box_69e2150f03cff:hover .icon-container{color:#ffffff;}.ra_icon_box_69e2150f03cff h3{color:#ffffff;}<\/style>\n<div class=\"icon-box icon-box-ci icon-box-inline extraclassicoms ra_icon_box_69e2150f03cff\"  id=\"ra_icon_box_69e2150f03cff\">\n\n\t\t<span class=\"icon-container\"><i class=\"fab fa-whatsapp\"><\/i><\/span>\n\t<h3><a href=\"https:\/\/api.whatsapp.com\/send?phone=34630381745\" rel=\"noopener\">WhatsApp<\/a><\/h3>\n\t<div class=\"contents\">\n\t\t\t\t\t\t<p>630 381 745<\/p>\n\t\t\t\t\n\t<\/div>\n<\/div>\n<style>.ra_icon_box_69e2150f0410c .icon-container{color:#ffffff;font-size:22px;}.ra_icon_box_69e2150f0410c:hover .icon-container{color:#ffffff;}.ra_icon_box_69e2150f0410c h3{color:#ffffff;}<\/style>\n<div class=\"icon-box icon-box-ci icon-box-inline extraclassicoms ra_icon_box_69e2150f0410c\"  id=\"ra_icon_box_69e2150f0410c\">\n\n\t\t<span class=\"icon-container\"><i class=\"fas fa-map-marker-alt\"><\/i><\/span>\n\t<h3>Direcci\u00f3n<\/h3>\n\t<div class=\"contents\">\n\t\t\t\t\t\t<p>C\/ Gran de Gr\u00e0cia n. 69 entr.<br \/>\n08012 de Barcelona<\/p>\n\t\t\t\t\n\t<\/div>\n<\/div>\n[\/vc_column][vc_column width=\u00bb2\/3&#8243; enable_responsive_options=\u00bbyes\u00bb css=\u00bb.vc_custom_1655111419440{padding-left: 15% !important;}\u00bb responsive_css=\u00bbmargin_top_mobile:20|margin_left_mobile:-45&#8243;]<div class=\"contact-form contact-form-classic contact-envelope ra_cf7_69e2150f04374\">\n\t\n<div class=\"wpcf7 no-js\" id=\"wpcf7-f5309-o1\" lang=\"es-ES\" dir=\"ltr\" data-wpcf7-id=\"5309\">\n<div class=\"screen-reader-response\"><p role=\"status\" aria-live=\"polite\" aria-atomic=\"true\"><\/p> <ul><\/ul><\/div>\n<form action=\"\/es\/wp-json\/wp\/v2\/pages\/5184#wpcf7-f5309-o1\" method=\"post\" class=\"wpcf7-form init\" aria-label=\"Formulario de contacto\" novalidate=\"novalidate\" data-status=\"init\">\n<fieldset class=\"hidden-fields-container\"><input type=\"hidden\" name=\"_wpcf7\" value=\"5309\" \/><input type=\"hidden\" name=\"_wpcf7_version\" value=\"6.1.5\" \/><input type=\"hidden\" name=\"_wpcf7_locale\" value=\"es_ES\" \/><input type=\"hidden\" name=\"_wpcf7_unit_tag\" value=\"wpcf7-f5309-o1\" \/><input type=\"hidden\" name=\"_wpcf7_container_post\" value=\"0\" \/><input type=\"hidden\" name=\"_wpcf7_posted_data_hash\" value=\"\" \/><input type=\"hidden\" name=\"_wpcf7_recaptcha_response\" value=\"\" \/>\n<\/fieldset>\n<p class=\"col-md-6\"><br \/>\n<span class=\"wpcf7-form-control-wrap\" data-name=\"text-173\"><input size=\"40\" maxlength=\"400\" class=\"wpcf7-form-control wpcf7-text\" aria-invalid=\"false\" placeholder=\"Nombre\" value=\"\" type=\"text\" name=\"text-173\" \/><\/span>\n<\/p>\n<p class=\"col-md-6\"><br \/>\n<span class=\"wpcf7-form-control-wrap\" data-name=\"email-603\"><input size=\"40\" maxlength=\"400\" class=\"wpcf7-form-control wpcf7-email wpcf7-text wpcf7-validates-as-email\" aria-invalid=\"false\" placeholder=\"Email\" value=\"\" type=\"email\" name=\"email-603\" \/><\/span>\n<\/p>\n<p class=\"col-md-12\"><br \/>\n<span class=\"wpcf7-form-control-wrap\" data-name=\"text-173\"><input size=\"40\" maxlength=\"400\" class=\"wpcf7-form-control wpcf7-text\" aria-invalid=\"false\" placeholder=\"Asunto\" value=\"\" type=\"text\" name=\"text-173\" \/><\/span>\n<\/p>\n<p class=\"col-md-12\"><br \/>\n<span class=\"wpcf7-form-control-wrap\" data-name=\"textarea-600\"><textarea cols=\"10\" rows=\"5\" maxlength=\"2000\" class=\"wpcf7-form-control wpcf7-textarea\" aria-invalid=\"false\" placeholder=\"Mensaje\" name=\"textarea-600\"><\/textarea><\/span>\n<\/p>\n<p><span class=\"wpcf7-form-control-wrap\" data-name=\"acceptance-918\"><span class=\"wpcf7-form-control wpcf7-acceptance\"><span class=\"wpcf7-list-item\"><label><input type=\"checkbox\" name=\"acceptance-918\" value=\"1\" aria-invalid=\"false\" \/><span class=\"wpcf7-list-item-label\">Consiento el tratamiento de mis datos. FECAVEM tratar\u00e1 sus datos con el fin de contestar sus consultas, dudas o reclamaciones. Puede ejercer sus derechos de acceso, rectificaci\u00f3n, supresi\u00f3n, portabilidad, limitaci\u00f3n y oposici\u00f3n, como le informamos en la nuestra <u><a href=\"\\es\\politica-de-privacitat\">Pol\u00edtica de Privacitad<\/a><\/u><\/span><\/label><\/span><\/span><\/span>\n<\/p>\n<p class=\"col-md-12\"><br \/>\n<button class=\"wpcf7-form-control wpcf7-submit submitclassbutton\" type=\"submit\">ENVIAR MENSAJE<\/button>\n<\/p><input type='hidden' class='wpcf7-pum' value='{\"closepopup\":false,\"closedelay\":0,\"openpopup\":false,\"openpopup_id\":0}' \/><div class=\"wpcf7-response-output\" aria-hidden=\"true\"><\/div>\n<\/form>\n<\/div>\n<\/div>[\/vc_column][\/vc_row][vc_row el_class=\u00bbnoresponsivebloquert\u00bb][vc_column width=\u00bb1\/2&#8243; align=\u00bbtext-lg-right text-md-right text-sm-center text-xs-center\u00bb]<style>.ra_button_69e2150f05215 i{color:#012853;}.ra_button_69e2150f05215{border-color:#e6e6e6 !important;color:#000000 !important;}.ra_button_69e2150f05215:focus,.ra_button_69e2150f05215:hover{background-color:#ffffff;color:#000000 !important;border-color:#e6e6e6 !important;}{border-color:#ffffff !important;}<\/style><a href=\"mailto:info@fecavem.cat\" class=\"btn btn-app btn-sm border-thin classuptericons ra_button_69e2150f05215 icon-left vc_custom_1659721237780\" >\n\t<i class=\"fas fa-envelope\"><\/i>\t<span>\n\t<small>Gesti\u00f3n<\/small>info@fecavem.cat\t<\/span>\n\t<\/a>\n[\/vc_column][vc_column width=\u00bb1\/2&#8243; align=\u00bbtext-lg-left text-md-left text-sm-center text-xs-center\u00bb]<style>.ra_button_69e2150f05558 i{color:#2f71d1;}.ra_button_69e2150f05558{border-color:#e6e6e6 !important;color:#000000 !important;}.ra_button_69e2150f05558:focus,.ra_button_69e2150f05558:hover{background-color:#ffffff;color:#000000 !important;border-color:#e6e6e6 !important;}{border-color:#ffffff !important;}<\/style><a href=\"mailto:premsa@fecavem.cat\" class=\"btn btn-app btn-sm border-thin classuptericons ra_button_69e2150f05558 icon-left vc_custom_1659721244586\" >\n\t<i class=\"fas fa-envelope\"><\/i>\t<span>\n\t<small>Prensa<\/small>premsa@fecavem.cat\t<\/span>\n\t<\/a>\n[\/vc_column][\/vc_row][vc_row full_width=\u00bbstretch_row_content\u00bb][vc_column align=\u00bbtext-lg-center\u00bb][vc_raw_html]JTNDZGl2JTIwY2xhc3MlM0QlMjJtYXAtcmVzcG9uc2l2ZSUyMiUzRSUwQSUzQ2lmcmFtZSUyMHNyYyUzRCUyMmh0dHBzJTNBJTJGJTJGd3d3Lmdvb2dsZS5jb20lMkZtYXBzJTJGZW1iZWQlM0ZwYiUzRCUyMTFtMTglMjExbTEyJTIxMW0zJTIxMWQyMzk0Mi42MDA5NjczODcyODMlMjEyZDIuMTE5NTQ1ODE5OTA0ODM5NiUyMTNkNDEuMzk5NjA0MDY1MzYxMDIlMjEybTMlMjExZjAlMjEyZjAlMjEzZjAlMjEzbTIlMjExaTEwMjQlMjEyaTc2OCUyMTRmMTMuMSUyMTNtMyUyMTFtMiUyMTFzMHgxMmE0YTI5N2YzM2E1MjRkJTI1M0EweGJhYmYyNjQ1NGQ5NjgxZjglMjEyc0dyZW1pJTI1MjBkZWwlMjUyME1vdG9yJTIxNWUwJTIxM20yJTIxMXNlcyUyMTJzZXMlMjE0djE2MDEzMDE2NzcwMDYlMjE1bTIlMjExc2VzJTIxMnNlcyUyMiUyMHdpZHRoJTNEJTIyMTkyMCUyMiUyMGhlaWdodCUzRCUyMjUwMCUyMiUyMGZyYW1lYm9yZGVyJTNEJTIyMCUyMiUyMHN0eWxlJTNEJTIyYm9yZGVyJTNBMCUzQiUyMiUyMGFsbG93ZnVsbHNjcmVlbiUzRCUyMiUyMiUyMGFyaWEtaGlkZGVuJTNEJTIyZmFsc2UlMjIlMjB0YWJpbmRleCUzRCUyMjAlMjIlM0UlM0MlMkZpZnJhbWUlM0UlMEElM0MlMkZkaXYlM0U=[\/vc_raw_html][\/vc_column][\/vc_row][\/vc_section]<\/p>\n<\/div>","protected":false},"excerpt":{"rendered":"<p>[vc_section][vc_row][vc_column][\/vc_column][\/vc_row][\/vc_section][vc_section el_class=\u00bbclascustombroker\u00bb css=\u00bb.vc_custom_1655108989185{margin-top: 5% !important;}\u00bb][vc_row equal_height=\u00bbyes\u00bb content_placement=\u00bbmiddle\u00bb][vc_column width=\u00bb1\/3&#8243; enable_responsive_options=\u00bbyes\u00bb css=\u00bb.vc_custom_1655110969997{padding-left: 40px !important;background-image: url(https:\/\/fecavem.wallwoo.com\/wp-content\/uploads\/2020\/10\/lateralbanner-10.png?id=397) !important;background-position: center !important;background-repeat: no-repeat !important;background-size: cover !important;}\u00bb responsive_css=\u00bbpadding_bottom_mobile:30&#8243;][vc_custom_heading text=\u00bbBarcelona\u00bb font_container=\u00bbtag:h3|text_align:left|color:%23ffffff\u00bb google_fonts=\u00bbfont_family:Work%20Sans%3Aregular|font_style:600%20Semi-Bold%20Regular%3A600%3Anormal\u00bb][\/vc_column][vc_column width=\u00bb2\/3&#8243; enable_responsive_options=\u00bbyes\u00bb css=\u00bb.vc_custom_1655111419440{padding-left: 15% !important;}\u00bb responsive_css=\u00bbmargin_top_mobile:20|margin_left_mobile:-45&#8243;][\/vc_column][\/vc_row][vc_row el_class=\u00bbnoresponsivebloquert\u00bb][vc_column width=\u00bb1\/2&#8243; align=\u00bbtext-lg-right text-md-right text-sm-center text-xs-center\u00bb][\/vc_column][vc_column width=\u00bb1\/2&#8243; align=\u00bbtext-lg-left text-md-left text-sm-center text-xs-center\u00bb][\/vc_column][\/vc_row][vc_row full_width=\u00bbstretch_row_content\u00bb][vc_column align=\u00bbtext-lg-center\u00bb][vc_raw_html]JTNDZGl2JTIwY2xhc3MlM0QlMjJtYXAtcmVzcG9uc2l2ZSUyMiUzRSUwQSUzQ2lmcmFtZSUyMHNyYyUzRCUyMmh0dHBzJTNBJTJGJTJGd3d3Lmdvb2dsZS5jb20lMkZtYXBzJTJGZW1iZWQlM0ZwYiUzRCUyMTFtMTglMjExbTEyJTIxMW0zJTIxMWQyMzk0Mi42MDA5NjczODcyODMlMjEyZDIuMTE5NTQ1ODE5OTA0ODM5NiUyMTNkNDEuMzk5NjA0MDY1MzYxMDIlMjEybTMlMjExZjAlMjEyZjAlMjEzZjAlMjEzbTIlMjExaTEwMjQlMjEyaTc2OCUyMTRmMTMuMSUyMTNtMyUyMTFtMiUyMTFzMHgxMmE0YTI5N2YzM2E1MjRkJTI1M0EweGJhYmYyNjQ1NGQ5NjgxZjglMjEyc0dyZW1pJTI1MjBkZWwlMjUyME1vdG9yJTIxNWUwJTIxM20yJTIxMXNlcyUyMTJzZXMlMjE0djE2MDEzMDE2NzcwMDYlMjE1bTIlMjExc2VzJTIxMnNlcyUyMiUyMHdpZHRoJTNEJTIyMTkyMCUyMiUyMGhlaWdodCUzRCUyMjUwMCUyMiUyMGZyYW1lYm9yZGVyJTNEJTIyMCUyMiUyMHN0eWxlJTNEJTIyYm9yZGVyJTNBMCUzQiUyMiUyMGFsbG93ZnVsbHNjcmVlbiUzRCUyMiUyMiUyMGFyaWEtaGlkZGVuJTNEJTIyZmFsc2UlMjIlMjB0YWJpbmRleCUzRCUyMjAlMjIlM0UlM0MlMkZpZnJhbWUlM0UlMEElM0MlMkZkaXYlM0U=[\/vc_raw_html][\/vc_column][\/vc_row][\/vc_section]<\/p>\n","protected":false},"author":2,"featured_media":0,"parent":0,"menu_order":0,"comment_status":"closed","ping_status":"closed","template":"","meta":{"footnotes":"","_links_to":"","_links_to_target":""},"class_list":["post-5184","page","type-page","status-publish","hentry"],"_links":{"self":[{"href":"https:\/\/fecavem.com\/es\/wp-json\/wp\/v2\/pages\/5184","targetHints":{"allow":["GET"]}}],"collection":[{"href":"https:\/\/fecavem.com\/es\/wp-json\/wp\/v2\/pages"}],"about":[{"href":"https:\/\/fecavem.com\/es\/wp-json\/wp\/v2\/types\/page"}],"author":[{"embeddable":true,"href":"https:\/\/fecavem.com\/es\/wp-json\/wp\/v2\/users\/2"}],"replies":[{"embeddable":true,"href":"https:\/\/fecavem.com\/es\/wp-json\/wp\/v2\/comments?post=5184"}],"version-history":[{"count":5,"href":"https:\/\/fecavem.com\/es\/wp-json\/wp\/v2\/pages\/5184\/revisions"}],"predecessor-version":[{"id":6993,"href":"https:\/\/fecavem.com\/es\/wp-json\/wp\/v2\/pages\/5184\/revisions\/6993"}],"wp:attachment":[{"href":"https:\/\/fecavem.com\/es\/wp-json\/wp\/v2\/media?parent=5184"}],"curies":[{"name":"wp","href":"https:\/\/api.w.org\/{rel}","templated":true}]}}