{"id":5186,"date":"2020-10-05T11:41:56","date_gmt":"2020-10-05T11:41:56","guid":{"rendered":"https:\/\/fecavem.com\/dades-sectorials\/"},"modified":"2025-03-04T09:19:32","modified_gmt":"2025-03-04T09:19:32","slug":"datos-sectoriales","status":"publish","type":"page","link":"https:\/\/fecavem.com\/es\/datos-sectoriales\/","title":{"rendered":"Datos sectoriales"},"content":{"rendered":"<div class=\"wpb-content-wrapper\"><p>[vc_section][vc_row][vc_column]\n\t\t\t<!-- START Datos sectoriales ES REVOLUTION SLIDER 6.7.12 --><p class=\"rs-p-wp-fix\"><\/p>\n\t\t\t<rs-module-wrap id=\"rev_slider_32_1_wrapper\" data-source=\"gallery\" style=\"visibility:hidden;background:transparent;padding:0;margin:0px auto;margin-top:0;margin-bottom:0;\">\n\t\t\t\t<rs-module id=\"rev_slider_32_1\" style=\"\" data-version=\"6.7.12\">\n\t\t\t\t\t<rs-slides style=\"overflow: hidden; position: absolute;\">\n\t\t\t\t\t\t<rs-slide style=\"position: absolute;\" data-key=\"rs-59\" data-title=\"Slide\" data-anim=\"adpr:false;\" data-in=\"o:0;\" data-out=\"a:false;\">\n\t\t\t\t\t\t\t<img decoding=\"async\" src=\"\/\/fecavem.com\/wp-content\/plugins\/revslider\/sr6\/assets\/assets\/dummy.png\" alt=\"Slide\" title=\"Datos sectoriales\" class=\"rev-slidebg tp-rs-img rs-lazyload\" data-lazyload=\"\/\/fecavem.com\/wp-content\/plugins\/revslider\/sr6\/assets\/assets\/transparent.png\" data-bg=\"c:#efefef;\" data-no-retina>\n<!--\n\t\t\t\t\t\t\t--><rs-layer\n\t\t\t\t\t\t\t\tid=\"slider-32-slide-59-layer-0\" \n\t\t\t\t\t\t\t\tdata-type=\"text\"\n\t\t\t\t\t\t\t\tdata-color=\"#9b9b9b\"\n\t\t\t\t\t\t\t\tdata-rsp_ch=\"on\"\n\t\t\t\t\t\t\t\tdata-xy=\"x:c;y:c;\"\n\t\t\t\t\t\t\t\tdata-text=\"w:normal;s:42;l:64;fw:600;\"\n\t\t\t\t\t\t\t\tdata-frame_999=\"o:0;st:w;\"\n\t\t\t\t\t\t\t\tstyle=\"z-index:5;font-family:'Work Sans';\"\n\t\t\t\t\t\t\t>DATOS SECTORIALES \n\t\t\t\t\t\t\t<\/rs-layer><!--\n-->\t\t\t\t\t<\/rs-slide>\n\t\t\t\t\t<\/rs-slides>\n\t\t\t\t<\/rs-module>\n\t\t\t\t<script>\n\t\t\t\t\tsetREVStartSize({c: 'rev_slider_32_1',rl:[1240,1024,778,480],el:[140],gw:[1240],gh:[140],type:'standard',justify:'',layout:'fullwidth',mh:\"0\"});if (window.RS_MODULES!==undefined && window.RS_MODULES.modules!==undefined && window.RS_MODULES.modules[\"revslider321\"]!==undefined) {window.RS_MODULES.modules[\"revslider321\"].once = false;window.revapi32 = undefined;if (window.RS_MODULES.checkMinimal!==undefined) window.RS_MODULES.checkMinimal()}\n\t\t\t\t<\/script>\n\t\t\t<\/rs-module-wrap>\n\t\t\t<!-- END REVOLUTION SLIDER -->\n[\/vc_column][\/vc_row][\/vc_section][vc_row][vc_column][vc_column_text css=\u00bb\u00bb]<\/p>\n<p style=\"text-align: center;\"><strong>Despla\u00e7a&#8217;t cap avall<\/strong>\u00a0per veure totes les p\u00e0gines de l&#8217;informe i u<strong>tilitza les eines de navegaci\u00f3<\/strong> per moure&#8217;t entre les p\u00e0gines.<br \/>\n<strong>Desplazate hacia abajo<\/strong> para ver todas las p\u00e1ginas del informe y utiliza las herramientas de navegaci\u00f3n para moverte entre las p\u00e1ginas.<\/p>\n<p>[\/vc_column_text][\/vc_column][\/vc_row][vc_section css=\u00bb.vc_custom_1655108460218{margin-top: 5% !important;}\u00bb][vc_row][vc_column][vc_raw_html]JTNDZGl2JTIwY2xhc3MlM0QlMjJjdXRvbW1hcHNlciUyMiUyMHN0eWxlJTNEJTIybWFyZ2luJTNBJTIwMCUyMGF1dG8lM0IlMjIlMjAlM0UlMEElM0NkaXYlMjBjbGFzcyUzRCUyMmluZm9ncmFtLWVtYmVkJTIyJTIwZGF0YS1pZCUzRCUyMjI0MGI4Yjc4LWIyOWUtNDk3Ni1hYjkxLTUyZmE5ZjMyOTU1NiUyMiUyMGRhdGEtdHlwZSUzRCUyMmludGVyYWN0aXZlJTIyJTIwZGF0YS10aXRsZSUzRCUyMlRyYW5zZmVyZW5jaWFzJTJDJTIwT2N1cGFjaSVDMyVCM24lMjBzZWN0b3IlMjB5JTIwUGFycXVlJTIwTSVDMyVCM3ZpbCUyMiUzRSUzQyUyRmRpdiUzRSUzQ3NjcmlwdCUzRSUyMWZ1bmN0aW9uJTI4ZSUyQ2klMkNuJTJDcyUyOSU3QnZhciUyMHQlM0QlMjJJbmZvZ3JhbUVtYmVkcyUyMiUyQ2QlM0RlLmdldEVsZW1lbnRzQnlUYWdOYW1lJTI4JTIyc2NyaXB0JTIyJTI5JTVCMCU1RCUzQmlmJTI4d2luZG93JTVCdCU1RCUyNiUyNndpbmRvdyU1QnQlNUQuaW5pdGlhbGl6ZWQlMjl3aW5kb3clNUJ0JTVELnByb2Nlc3MlMjYlMjZ3aW5kb3clNUJ0JTVELnByb2Nlc3MlMjglMjklM0JlbHNlJTIwaWYlMjglMjFlLmdldEVsZW1lbnRCeUlkJTI4biUyOSUyOSU3QnZhciUyMG8lM0RlLmNyZWF0ZUVsZW1lbnQlMjglMjJzY3JpcHQlMjIlMjklM0JvLmFzeW5jJTNEMSUyQ28uaWQlM0RuJTJDby5zcmMlM0QlMjJodHRwcyUzQSUyRiUyRmUuaW5mb2dyYW0uY29tJTJGanMlMkZkaXN0JTJGZW1iZWQtbG9hZGVyLW1pbi5qcyUyMiUyQ2QucGFyZW50Tm9kZS5pbnNlcnRCZWZvcmUlMjhvJTJDZCUyOSU3RCU3RCUyOGRvY3VtZW50JTJDMCUyQyUyMmluZm9ncmFtLWFzeW5jJTIyJTI5JTNCJTNDJTJGc2NyaXB0JTNFJTNDZGl2JTIwc3R5bGUlM0QlMjJwYWRkaW5nJTNBOHB4JTIwMCUzQmZvbnQtZmFtaWx5JTNBQXJpYWwlMjFpbXBvcnRhbnQlM0Jmb250LXNpemUlM0ExM3B4JTIxaW1wb3J0YW50JTNCbGluZS1oZWlnaHQlM0ExNXB4JTIxaW1wb3J0YW50JTNCdGV4dC1hbGlnbiUzQWNlbnRlciUzQmJvcmRlci10b3AlM0ExcHglMjBzb2xpZCUyMCUyM2RhZGFkYSUzQm1hcmdpbiUzQTAlMjAzMHB4JTIyJTNFJTNDYSUyMGhyZWYlM0QlMjJodHRwcyUzQSUyRiUyRmluZm9ncmFtLmNvbSUyRjI0MGI4Yjc4LWIyOWUtNDk3Ni1hYjkxLTUyZmE5ZjMyOTU1NiUyMiUyMHN0eWxlJTNEJTIyY29sb3IlM0ElMjM5ODk4OTglMjFpbXBvcnRhbnQlM0J0ZXh0LWRlY29yYXRpb24lM0Fub25lJTIxaW1wb3J0YW50JTNCJTIyJTIwdGFyZ2V0JTNEJTIyX2JsYW5rJTIyJTNFVHJhbnNmZXJlbmNpYXMlMkMlMjBPY3VwYWNpJUMzJUIzbiUyMHNlY3RvciUyMHklMjBQYXJxdWUlMjBNJUMzJUIzdmlsJTNDJTJGYSUzRSUzQ2JyJTNFJTNDYSUyMGhyZWYlM0QlMjJodHRwcyUzQSUyRiUyRmluZm9ncmFtLmNvbSUyMiUyMHN0eWxlJTNEJTIyY29sb3IlM0ElMjM5ODk4OTglMjFpbXBvcnRhbnQlM0J0ZXh0LWRlY29yYXRpb24lM0Fub25lJTIxaW1wb3J0YW50JTNCJTIyJTIwdGFyZ2V0JTNEJTIyX2JsYW5rJTIyJTIwcmVsJTNEJTIybm9mb2xsb3clMjIlM0VJbmZvZ3JhbSUzQyUyRmElM0UlM0MlMkZkaXYlM0UlMEElM0MlMkZkaXYlM0U=[\/vc_raw_html][\/vc_column][\/vc_row][vc_row][vc_column][vc_raw_html]JTNDZGl2JTIwY2xhc3MlM0QlMjJjdXRvbW1hcHNlciUyMiUyMHN0eWxlJTNEJTIybWFyZ2luJTNBJTIwMCUyMGF1dG8lM0IlMjIlMjAlM0UlMEElM0NkaXYlMjBjbGFzcyUzRCUyMmluZm9ncmFtLWVtYmVkJTIyJTIwZGF0YS1pZCUzRCUyMjk1OTU3YmIxLTI3YmUtNDMxZS05MDdiLWQ4N2FjNTRjMjAyZiUyMiUyMGRhdGEtdHlwZSUzRCUyMmludGVyYWN0aXZlJTIyJTIwZGF0YS10aXRsZSUzRCUyMlBlcm1pc29zJTIwZGUlMjBjb25kdWNpciUyMiUzRSUzQyUyRmRpdiUzRSUzQ3NjcmlwdCUzRSUyMWZ1bmN0aW9uJTI4ZSUyQ2klMkNuJTJDcyUyOSU3QnZhciUyMHQlM0QlMjJJbmZvZ3JhbUVtYmVkcyUyMiUyQ2QlM0RlLmdldEVsZW1lbnRzQnlUYWdOYW1lJTI4JTIyc2NyaXB0JTIyJTI5JTVCMCU1RCUzQmlmJTI4d2luZG93JTVCdCU1RCUyNiUyNndpbmRvdyU1QnQlNUQuaW5pdGlhbGl6ZWQlMjl3aW5kb3clNUJ0JTVELnByb2Nlc3MlMjYlMjZ3aW5kb3clNUJ0JTVELnByb2Nlc3MlMjglMjklM0JlbHNlJTIwaWYlMjglMjFlLmdldEVsZW1lbnRCeUlkJTI4biUyOSUyOSU3QnZhciUyMG8lM0RlLmNyZWF0ZUVsZW1lbnQlMjglMjJzY3JpcHQlMjIlMjklM0JvLmFzeW5jJTNEMSUyQ28uaWQlM0RuJTJDby5zcmMlM0QlMjJodHRwcyUzQSUyRiUyRmUuaW5mb2dyYW0uY29tJTJGanMlMkZkaXN0JTJGZW1iZWQtbG9hZGVyLW1pbi5qcyUyMiUyQ2QucGFyZW50Tm9kZS5pbnNlcnRCZWZvcmUlMjhvJTJDZCUyOSU3RCU3RCUyOGRvY3VtZW50JTJDMCUyQyUyMmluZm9ncmFtLWFzeW5jJTIyJTI5JTNCJTNDJTJGc2NyaXB0JTNFJTNDZGl2JTIwc3R5bGUlM0QlMjJwYWRkaW5nJTNBOHB4JTIwMCUzQmZvbnQtZmFtaWx5JTNBQXJpYWwlMjFpbXBvcnRhbnQlM0Jmb250LXNpemUlM0ExM3B4JTIxaW1wb3J0YW50JTNCbGluZS1oZWlnaHQlM0ExNXB4JTIxaW1wb3J0YW50JTNCdGV4dC1hbGlnbiUzQWNlbnRlciUzQmJvcmRlci10b3AlM0ExcHglMjBzb2xpZCUyMCUyM2RhZGFkYSUzQm1hcmdpbiUzQTAlMjAzMHB4JTIyJTNFJTNDYSUyMGhyZWYlM0QlMjJodHRwcyUzQSUyRiUyRmluZm9ncmFtLmNvbSUyRjk1OTU3YmIxLTI3YmUtNDMxZS05MDdiLWQ4N2FjNTRjMjAyZiUyMiUyMHN0eWxlJTNEJTIyY29sb3IlM0ElMjM5ODk4OTglMjFpbXBvcnRhbnQlM0J0ZXh0LWRlY29yYXRpb24lM0Fub25lJTIxaW1wb3J0YW50JTNCJTIyJTIwdGFyZ2V0JTNEJTIyX2JsYW5rJTIyJTNFUGVybWlzb3MlMjBkZSUyMGNvbmR1Y2lyJTNDJTJGYSUzRSUzQ2JyJTNFJTNDYSUyMGhyZWYlM0QlMjJodHRwcyUzQSUyRiUyRmluZm9ncmFtLmNvbSUyMiUyMHN0eWxlJTNEJTIyY29sb3IlM0ElMjM5ODk4OTglMjFpbXBvcnRhbnQlM0J0ZXh0LWRlY29yYXRpb24lM0Fub25lJTIxaW1wb3J0YW50JTNCJTIyJTIwdGFyZ2V0JTNEJTIyX2JsYW5rJTIyJTIwcmVsJTNEJTIybm9mb2xsb3clMjIlM0VJbmZvZ3JhbSUzQyUyRmElM0UlM0MlMkZkaXYlM0UlMEElM0MlMkZkaXYlM0U=[\/vc_raw_html][\/vc_column][\/vc_row][vc_row][vc_column][vc_raw_html]JTNDZGl2JTIwY2xhc3MlM0QlMjJjdXRvbW1hcHNlciUyMiUyMHN0eWxlJTNEJTIybWFyZ2luJTNBJTIwMCUyMGF1dG8lM0IlMjIlMjAlM0UlMEElM0NkaXYlMjBjbGFzcyUzRCUyMmluZm9ncmFtLWVtYmVkJTIyJTIwZGF0YS1pZCUzRCUyMmQwYjM4OGRjLWQ1OWItNGEyOS1hNmM2LWIxMTA4MDQwNmY5ZiUyMiUyMGRhdGEtdHlwZSUzRCUyMmludGVyYWN0aXZlJTIyJTIwZGF0YS10aXRsZSUzRCUyMlJlY2FwdGFjaSVDMyVCM24lMjBmaXNjYWwlMjIlM0UlM0MlMkZkaXYlM0UlM0NzY3JpcHQlM0UlMjFmdW5jdGlvbiUyOGUlMkNpJTJDbiUyQ3MlMjklN0J2YXIlMjB0JTNEJTIySW5mb2dyYW1FbWJlZHMlMjIlMkNkJTNEZS5nZXRFbGVtZW50c0J5VGFnTmFtZSUyOCUyMnNjcmlwdCUyMiUyOSU1QjAlNUQlM0JpZiUyOHdpbmRvdyU1QnQlNUQlMjYlMjZ3aW5kb3clNUJ0JTVELmluaXRpYWxpemVkJTI5d2luZG93JTVCdCU1RC5wcm9jZXNzJTI2JTI2d2luZG93JTVCdCU1RC5wcm9jZXNzJTI4JTI5JTNCZWxzZSUyMGlmJTI4JTIxZS5nZXRFbGVtZW50QnlJZCUyOG4lMjklMjklN0J2YXIlMjBvJTNEZS5jcmVhdGVFbGVtZW50JTI4JTIyc2NyaXB0JTIyJTI5JTNCby5hc3luYyUzRDElMkNvLmlkJTNEbiUyQ28uc3JjJTNEJTIyaHR0cHMlM0ElMkYlMkZlLmluZm9ncmFtLmNvbSUyRmpzJTJGZGlzdCUyRmVtYmVkLWxvYWRlci1taW4uanMlMjIlMkNkLnBhcmVudE5vZGUuaW5zZXJ0QmVmb3JlJTI4byUyQ2QlMjklN0QlN0QlMjhkb2N1bWVudCUyQzAlMkMlMjJpbmZvZ3JhbS1hc3luYyUyMiUyOSUzQiUzQyUyRnNjcmlwdCUzRSUzQ2RpdiUyMHN0eWxlJTNEJTIycGFkZGluZyUzQThweCUyMDAlM0Jmb250LWZhbWlseSUzQUFyaWFsJTIxaW1wb3J0YW50JTNCZm9udC1zaXplJTNBMTNweCUyMWltcG9ydGFudCUzQmxpbmUtaGVpZ2h0JTNBMTVweCUyMWltcG9ydGFudCUzQnRleHQtYWxpZ24lM0FjZW50ZXIlM0Jib3JkZXItdG9wJTNBMXB4JTIwc29saWQlMjAlMjNkYWRhZGElM0JtYXJnaW4lM0EwJTIwMzBweCUyMiUzRSUzQ2ElMjBocmVmJTNEJTIyaHR0cHMlM0ElMkYlMkZpbmZvZ3JhbS5jb20lMkZkMGIzODhkYy1kNTliLTRhMjktYTZjNi1iMTEwODA0MDZmOWYlMjIlMjBzdHlsZSUzRCUyMmNvbG9yJTNBJTIzOTg5ODk4JTIxaW1wb3J0YW50JTNCdGV4dC1kZWNvcmF0aW9uJTNBbm9uZSUyMWltcG9ydGFudCUzQiUyMiUyMHRhcmdldCUzRCUyMl9ibGFuayUyMiUzRVJlY2FwdGFjaSVDMyVCM24lMjBmaXNjYWwlM0MlMkZhJTNFJTNDYnIlM0UlM0NhJTIwaHJlZiUzRCUyMmh0dHBzJTNBJTJGJTJGaW5mb2dyYW0uY29tJTIyJTIwc3R5bGUlM0QlMjJjb2xvciUzQSUyMzk4OTg5OCUyMWltcG9ydGFudCUzQnRleHQtZGVjb3JhdGlvbiUzQW5vbmUlMjFpbXBvcnRhbnQlM0IlMjIlMjB0YXJnZXQlM0QlMjJfYmxhbmslMjIlMjByZWwlM0QlMjJub2ZvbGxvdyUyMiUzRUluZm9ncmFtJTNDJTJGYSUzRSUzQyUyRmRpdiUzRSUwQSUzQyUyRmRpdiUzRQ==[\/vc_raw_html][\/vc_column][\/vc_row][vc_row disable_element=\u00bbyes\u00bb][vc_column][vc_raw_html]JTNDZGl2JTIwY2xhc3MlM0QlMjJjdXRvbW1hcHNlciUyMiUyMHN0eWxlJTNEJTIybWFyZ2luJTNBJTIwMCUyMGF1dG8lM0IlMjIlMjAlM0UlMEElM0NkaXYlMjBjbGFzcyUzRCUyMmluZm9ncmFtLWVtYmVkJTIyJTIwZGF0YS1pZCUzRCUyMmQxNTE3M2U2LWU1NWMtNDhjMS1hY2M0LWU0N2IyZWQyZDFiNCUyMiUyMGRhdGEtdHlwZSUzRCUyMmludGVyYWN0aXZlJTIyJTIwZGF0YS10aXRsZSUzRCUyMk1lcmNhZG8lMjBhdXRvbW9jaSVDMyVCM24lMjIlM0UlM0MlMkZkaXYlM0UlM0NzY3JpcHQlM0UlMjFmdW5jdGlvbiUyOGUlMkNpJTJDbiUyQ3MlMjklN0J2YXIlMjB0JTNEJTIySW5mb2dyYW1FbWJlZHMlMjIlMkNkJTNEZS5nZXRFbGVtZW50c0J5VGFnTmFtZSUyOCUyMnNjcmlwdCUyMiUyOSU1QjAlNUQlM0JpZiUyOHdpbmRvdyU1QnQlNUQlMjYlMjZ3aW5kb3clNUJ0JTVELmluaXRpYWxpemVkJTI5d2luZG93JTVCdCU1RC5wcm9jZXNzJTI2JTI2d2luZG93JTVCdCU1RC5wcm9jZXNzJTI4JTI5JTNCZWxzZSUyMGlmJTI4JTIxZS5nZXRFbGVtZW50QnlJZCUyOG4lMjklMjklN0J2YXIlMjBvJTNEZS5jcmVhdGVFbGVtZW50JTI4JTIyc2NyaXB0JTIyJTI5JTNCby5hc3luYyUzRDElMkNvLmlkJTNEbiUyQ28uc3JjJTNEJTIyaHR0cHMlM0ElMkYlMkZlLmluZm9ncmFtLmNvbSUyRmpzJTJGZGlzdCUyRmVtYmVkLWxvYWRlci1taW4uanMlMjIlMkNkLnBhcmVudE5vZGUuaW5zZXJ0QmVmb3JlJTI4byUyQ2QlMjklN0QlN0QlMjhkb2N1bWVudCUyQzAlMkMlMjJpbmZvZ3JhbS1hc3luYyUyMiUyOSUzQiUzQyUyRnNjcmlwdCUzRSUzQ2RpdiUyMHN0eWxlJTNEJTIycGFkZGluZyUzQThweCUyMDAlM0Jmb250LWZhbWlseSUzQUFyaWFsJTIxaW1wb3J0YW50JTNCZm9udC1zaXplJTNBMTNweCUyMWltcG9ydGFudCUzQmxpbmUtaGVpZ2h0JTNBMTVweCUyMWltcG9ydGFudCUzQnRleHQtYWxpZ24lM0FjZW50ZXIlM0Jib3JkZXItdG9wJTNBMXB4JTIwc29saWQlMjAlMjNkYWRhZGElM0JtYXJnaW4lM0EwJTIwMzBweCUyMiUzRSUzQ2ElMjBocmVmJTNEJTIyaHR0cHMlM0ElMkYlMkZpbmZvZ3JhbS5jb20lMkZkMTUxNzNlNi1lNTVjLTQ4YzEtYWNjNC1lNDdiMmVkMmQxYjQlMjIlMjBzdHlsZSUzRCUyMmNvbG9yJTNBJTIzOTg5ODk4JTIxaW1wb3J0YW50JTNCdGV4dC1kZWNvcmF0aW9uJTNBbm9uZSUyMWltcG9ydGFudCUzQiUyMiUyMHRhcmdldCUzRCUyMl9ibGFuayUyMiUzRU1lcmNhZG8lMjBhdXRvbW9jaSVDMyVCM24lM0MlMkZhJTNFJTNDYnIlM0UlM0NhJTIwaHJlZiUzRCUyMmh0dHBzJTNBJTJGJTJGaW5mb2dyYW0uY29tJTIyJTIwc3R5bGUlM0QlMjJjb2xvciUzQSUyMzk4OTg5OCUyMWltcG9ydGFudCUzQnRleHQtZGVjb3JhdGlvbiUzQW5vbmUlMjFpbXBvcnRhbnQlM0IlMjIlMjB0YXJnZXQlM0QlMjJfYmxhbmslMjIlMjByZWwlM0QlMjJub2ZvbGxvdyUyMiUzRUluZm9ncmFtJTNDJTJGYSUzRSUzQyUyRmRpdiUzRSUwQSUzQyUyRmRpdiUzRQ==[\/vc_raw_html][\/vc_column][\/vc_row][\/vc_section]<\/p>\n<\/div>","protected":false},"excerpt":{"rendered":"<p>[vc_section][vc_row][vc_column][\/vc_column][\/vc_row][\/vc_section][vc_row][vc_column][vc_column_text css=\u00bb\u00bb] Despla\u00e7a&#8217;t cap avall\u00a0per veure totes les p\u00e0gines de l&#8217;informe i utilitza les eines de navegaci\u00f3 per moure&#8217;t entre les p\u00e0gines. Desplazate hacia abajo para ver todas las p\u00e1ginas del informe y utiliza las herramientas de navegaci\u00f3n para moverte entre las p\u00e1ginas. [\/vc_column_text][\/vc_column][\/vc_row][vc_section css=\u00bb.vc_custom_1655108460218{margin-top: 5% !important;}\u00bb][vc_row][vc_column][vc_raw_html]JTNDZGl2JTIwY2xhc3MlM0QlMjJjdXRvbW1hcHNlciUyMiUyMHN0eWxlJTNEJTIybWFyZ2luJTNBJTIwMCUyMGF1dG8lM0IlMjIlMjAlM0UlMEElM0NkaXYlMjBjbGFzcyUzRCUyMmluZm9ncmFtLWVtYmVkJTIyJTIwZGF0YS1pZCUzRCUyMjI0MGI4Yjc4LWIyOWUtNDk3Ni1hYjkxLTUyZmE5ZjMyOTU1NiUyMiUyMGRhdGEtdHlwZSUzRCUyMmludGVyYWN0aXZlJTIyJTIwZGF0YS10aXRsZSUzRCUyMlRyYW5zZmVyZW5jaWFzJTJDJTIwT2N1cGFjaSVDMyVCM24lMjBzZWN0b3IlMjB5JTIwUGFycXVlJTIwTSVDMyVCM3ZpbCUyMiUzRSUzQyUyRmRpdiUzRSUzQ3NjcmlwdCUzRSUyMWZ1bmN0aW9uJTI4ZSUyQ2klMkNuJTJDcyUyOSU3QnZhciUyMHQlM0QlMjJJbmZvZ3JhbUVtYmVkcyUyMiUyQ2QlM0RlLmdldEVsZW1lbnRzQnlUYWdOYW1lJTI4JTIyc2NyaXB0JTIyJTI5JTVCMCU1RCUzQmlmJTI4d2luZG93JTVCdCU1RCUyNiUyNndpbmRvdyU1QnQlNUQuaW5pdGlhbGl6ZWQlMjl3aW5kb3clNUJ0JTVELnByb2Nlc3MlMjYlMjZ3aW5kb3clNUJ0JTVELnByb2Nlc3MlMjglMjklM0JlbHNlJTIwaWYlMjglMjFlLmdldEVsZW1lbnRCeUlkJTI4biUyOSUyOSU3QnZhciUyMG8lM0RlLmNyZWF0ZUVsZW1lbnQlMjglMjJzY3JpcHQlMjIlMjklM0JvLmFzeW5jJTNEMSUyQ28uaWQlM0RuJTJDby5zcmMlM0QlMjJodHRwcyUzQSUyRiUyRmUuaW5mb2dyYW0uY29tJTJGanMlMkZkaXN0JTJGZW1iZWQtbG9hZGVyLW1pbi5qcyUyMiUyQ2QucGFyZW50Tm9kZS5pbnNlcnRCZWZvcmUlMjhvJTJDZCUyOSU3RCU3RCUyOGRvY3VtZW50JTJDMCUyQyUyMmluZm9ncmFtLWFzeW5jJTIyJTI5JTNCJTNDJTJGc2NyaXB0JTNFJTNDZGl2JTIwc3R5bGUlM0QlMjJwYWRkaW5nJTNBOHB4JTIwMCUzQmZvbnQtZmFtaWx5JTNBQXJpYWwlMjFpbXBvcnRhbnQlM0Jmb250LXNpemUlM0ExM3B4JTIxaW1wb3J0YW50JTNCbGluZS1oZWlnaHQlM0ExNXB4JTIxaW1wb3J0YW50JTNCdGV4dC1hbGlnbiUzQWNlbnRlciUzQmJvcmRlci10b3AlM0ExcHglMjBzb2xpZCUyMCUyM2RhZGFkYSUzQm1hcmdpbiUzQTAlMjAzMHB4JTIyJTNFJTNDYSUyMGhyZWYlM0QlMjJodHRwcyUzQSUyRiUyRmluZm9ncmFtLmNvbSUyRjI0MGI4Yjc4LWIyOWUtNDk3Ni1hYjkxLTUyZmE5ZjMyOTU1NiUyMiUyMHN0eWxlJTNEJTIyY29sb3IlM0ElMjM5ODk4OTglMjFpbXBvcnRhbnQlM0J0ZXh0LWRlY29yYXRpb24lM0Fub25lJTIxaW1wb3J0YW50JTNCJTIyJTIwdGFyZ2V0JTNEJTIyX2JsYW5rJTIyJTNFVHJhbnNmZXJlbmNpYXMlMkMlMjBPY3VwYWNpJUMzJUIzbiUyMHNlY3RvciUyMHklMjBQYXJxdWUlMjBNJUMzJUIzdmlsJTNDJTJGYSUzRSUzQ2JyJTNFJTNDYSUyMGhyZWYlM0QlMjJodHRwcyUzQSUyRiUyRmluZm9ncmFtLmNvbSUyMiUyMHN0eWxlJTNEJTIyY29sb3IlM0ElMjM5ODk4OTglMjFpbXBvcnRhbnQlM0J0ZXh0LWRlY29yYXRpb24lM0Fub25lJTIxaW1wb3J0YW50JTNCJTIyJTIwdGFyZ2V0JTNEJTIyX2JsYW5rJTIyJTIwcmVsJTNEJTIybm9mb2xsb3clMjIlM0VJbmZvZ3JhbSUzQyUyRmElM0UlM0MlMkZkaXYlM0UlMEElM0MlMkZkaXYlM0U=[\/vc_raw_html][\/vc_column][\/vc_row][vc_row][vc_column][vc_raw_html]JTNDZGl2JTIwY2xhc3MlM0QlMjJjdXRvbW1hcHNlciUyMiUyMHN0eWxlJTNEJTIybWFyZ2luJTNBJTIwMCUyMGF1dG8lM0IlMjIlMjAlM0UlMEElM0NkaXYlMjBjbGFzcyUzRCUyMmluZm9ncmFtLWVtYmVkJTIyJTIwZGF0YS1pZCUzRCUyMjk1OTU3YmIxLTI3YmUtNDMxZS05MDdiLWQ4N2FjNTRjMjAyZiUyMiUyMGRhdGEtdHlwZSUzRCUyMmludGVyYWN0aXZlJTIyJTIwZGF0YS10aXRsZSUzRCUyMlBlcm1pc29zJTIwZGUlMjBjb25kdWNpciUyMiUzRSUzQyUyRmRpdiUzRSUzQ3NjcmlwdCUzRSUyMWZ1bmN0aW9uJTI4ZSUyQ2klMkNuJTJDcyUyOSU3QnZhciUyMHQlM0QlMjJJbmZvZ3JhbUVtYmVkcyUyMiUyQ2QlM0RlLmdldEVsZW1lbnRzQnlUYWdOYW1lJTI4JTIyc2NyaXB0JTIyJTI5JTVCMCU1RCUzQmlmJTI4d2luZG93JTVCdCU1RCUyNiUyNndpbmRvdyU1QnQlNUQuaW5pdGlhbGl6ZWQlMjl3aW5kb3clNUJ0JTVELnByb2Nlc3MlMjYlMjZ3aW5kb3clNUJ0JTVELnByb2Nlc3MlMjglMjklM0JlbHNlJTIwaWYlMjglMjFlLmdldEVsZW1lbnRCeUlkJTI4biUyOSUyOSU3QnZhciUyMG8lM0RlLmNyZWF0ZUVsZW1lbnQlMjglMjJzY3JpcHQlMjIlMjklM0JvLmFzeW5jJTNEMSUyQ28uaWQlM0RuJTJDby5zcmMlM0QlMjJodHRwcyUzQSUyRiUyRmUuaW5mb2dyYW0uY29tJTJGanMlMkZkaXN0JTJGZW1iZWQtbG9hZGVyLW1pbi5qcyUyMiUyQ2QucGFyZW50Tm9kZS5pbnNlcnRCZWZvcmUlMjhvJTJDZCUyOSU3RCU3RCUyOGRvY3VtZW50JTJDMCUyQyUyMmluZm9ncmFtLWFzeW5jJTIyJTI5JTNCJTNDJTJGc2NyaXB0JTNFJTNDZGl2JTIwc3R5bGUlM0QlMjJwYWRkaW5nJTNBOHB4JTIwMCUzQmZvbnQtZmFtaWx5JTNBQXJpYWwlMjFpbXBvcnRhbnQlM0Jmb250LXNpemUlM0ExM3B4JTIxaW1wb3J0YW50JTNCbGluZS1oZWlnaHQlM0ExNXB4JTIxaW1wb3J0YW50JTNCdGV4dC1hbGlnbiUzQWNlbnRlciUzQmJvcmRlci10b3AlM0ExcHglMjBzb2xpZCUyMCUyM2RhZGFkYSUzQm1hcmdpbiUzQTAlMjAzMHB4JTIyJTNFJTNDYSUyMGhyZWYlM0QlMjJodHRwcyUzQSUyRiUyRmluZm9ncmFtLmNvbSUyRjk1OTU3YmIxLTI3YmUtNDMxZS05MDdiLWQ4N2FjNTRjMjAyZiUyMiUyMHN0eWxlJTNEJTIyY29sb3IlM0ElMjM5ODk4OTglMjFpbXBvcnRhbnQlM0J0ZXh0LWRlY29yYXRpb24lM0Fub25lJTIxaW1wb3J0YW50JTNCJTIyJTIwdGFyZ2V0JTNEJTIyX2JsYW5rJTIyJTNFUGVybWlzb3MlMjBkZSUyMGNvbmR1Y2lyJTNDJTJGYSUzRSUzQ2JyJTNFJTNDYSUyMGhyZWYlM0QlMjJodHRwcyUzQSUyRiUyRmluZm9ncmFtLmNvbSUyMiUyMHN0eWxlJTNEJTIyY29sb3IlM0ElMjM5ODk4OTglMjFpbXBvcnRhbnQlM0J0ZXh0LWRlY29yYXRpb24lM0Fub25lJTIxaW1wb3J0YW50JTNCJTIyJTIwdGFyZ2V0JTNEJTIyX2JsYW5rJTIyJTIwcmVsJTNEJTIybm9mb2xsb3clMjIlM0VJbmZvZ3JhbSUzQyUyRmElM0UlM0MlMkZkaXYlM0UlMEElM0MlMkZkaXYlM0U=[\/vc_raw_html][\/vc_column][\/vc_row][vc_row][vc_column][vc_raw_html]JTNDZGl2JTIwY2xhc3MlM0QlMjJjdXRvbW1hcHNlciUyMiUyMHN0eWxlJTNEJTIybWFyZ2luJTNBJTIwMCUyMGF1dG8lM0IlMjIlMjAlM0UlMEElM0NkaXYlMjBjbGFzcyUzRCUyMmluZm9ncmFtLWVtYmVkJTIyJTIwZGF0YS1pZCUzRCUyMmQwYjM4OGRjLWQ1OWItNGEyOS1hNmM2LWIxMTA4MDQwNmY5ZiUyMiUyMGRhdGEtdHlwZSUzRCUyMmludGVyYWN0aXZlJTIyJTIwZGF0YS10aXRsZSUzRCUyMlJlY2FwdGFjaSVDMyVCM24lMjBmaXNjYWwlMjIlM0UlM0MlMkZkaXYlM0UlM0NzY3JpcHQlM0UlMjFmdW5jdGlvbiUyOGUlMkNpJTJDbiUyQ3MlMjklN0J2YXIlMjB0JTNEJTIySW5mb2dyYW1FbWJlZHMlMjIlMkNkJTNEZS5nZXRFbGVtZW50c0J5VGFnTmFtZSUyOCUyMnNjcmlwdCUyMiUyOSU1QjAlNUQlM0JpZiUyOHdpbmRvdyU1QnQlNUQlMjYlMjZ3aW5kb3clNUJ0JTVELmluaXRpYWxpemVkJTI5d2luZG93JTVCdCU1RC5wcm9jZXNzJTI2JTI2d2luZG93JTVCdCU1RC5wcm9jZXNzJTI4JTI5JTNCZWxzZSUyMGlmJTI4JTIxZS5nZXRFbGVtZW50QnlJZCUyOG4lMjklMjklN0J2YXIlMjBvJTNEZS5jcmVhdGVFbGVtZW50JTI4JTIyc2NyaXB0JTIyJTI5JTNCby5hc3luYyUzRDElMkNvLmlkJTNEbiUyQ28uc3JjJTNEJTIyaHR0cHMlM0ElMkYlMkZlLmluZm9ncmFtLmNvbSUyRmpzJTJGZGlzdCUyRmVtYmVkLWxvYWRlci1taW4uanMlMjIlMkNkLnBhcmVudE5vZGUuaW5zZXJ0QmVmb3JlJTI4byUyQ2QlMjklN0QlN0QlMjhkb2N1bWVudCUyQzAlMkMlMjJpbmZvZ3JhbS1hc3luYyUyMiUyOSUzQiUzQyUyRnNjcmlwdCUzRSUzQ2RpdiUyMHN0eWxlJTNEJTIycGFkZGluZyUzQThweCUyMDAlM0Jmb250LWZhbWlseSUzQUFyaWFsJTIxaW1wb3J0YW50JTNCZm9udC1zaXplJTNBMTNweCUyMWltcG9ydGFudCUzQmxpbmUtaGVpZ2h0JTNBMTVweCUyMWltcG9ydGFudCUzQnRleHQtYWxpZ24lM0FjZW50ZXIlM0Jib3JkZXItdG9wJTNBMXB4JTIwc29saWQlMjAlMjNkYWRhZGElM0JtYXJnaW4lM0EwJTIwMzBweCUyMiUzRSUzQ2ElMjBocmVmJTNEJTIyaHR0cHMlM0ElMkYlMkZpbmZvZ3JhbS5jb20lMkZkMGIzODhkYy1kNTliLTRhMjktYTZjNi1iMTEwODA0MDZmOWYlMjIlMjBzdHlsZSUzRCUyMmNvbG9yJTNBJTIzOTg5ODk4JTIxaW1wb3J0YW50JTNCdGV4dC1kZWNvcmF0aW9uJTNBbm9uZSUyMWltcG9ydGFudCUzQiUyMiUyMHRhcmdldCUzRCUyMl9ibGFuayUyMiUzRVJlY2FwdGFjaSVDMyVCM24lMjBmaXNjYWwlM0MlMkZhJTNFJTNDYnIlM0UlM0NhJTIwaHJlZiUzRCUyMmh0dHBzJTNBJTJGJTJGaW5mb2dyYW0uY29tJTIyJTIwc3R5bGUlM0QlMjJjb2xvciUzQSUyMzk4OTg5OCUyMWltcG9ydGFudCUzQnRleHQtZGVjb3JhdGlvbiUzQW5vbmUlMjFpbXBvcnRhbnQlM0IlMjIlMjB0YXJnZXQlM0QlMjJfYmxhbmslMjIlMjByZWwlM0QlMjJub2ZvbGxvdyUyMiUzRUluZm9ncmFtJTNDJTJGYSUzRSUzQyUyRmRpdiUzRSUwQSUzQyUyRmRpdiUzRQ==[\/vc_raw_html][\/vc_column][\/vc_row][vc_row disable_element=\u00bbyes\u00bb][vc_column][vc_raw_html]JTNDZGl2JTIwY2xhc3MlM0QlMjJjdXRvbW1hcHNlciUyMiUyMHN0eWxlJTNEJTIybWFyZ2luJTNBJTIwMCUyMGF1dG8lM0IlMjIlMjAlM0UlMEElM0NkaXYlMjBjbGFzcyUzRCUyMmluZm9ncmFtLWVtYmVkJTIyJTIwZGF0YS1pZCUzRCUyMmQxNTE3M2U2LWU1NWMtNDhjMS1hY2M0LWU0N2IyZWQyZDFiNCUyMiUyMGRhdGEtdHlwZSUzRCUyMmludGVyYWN0aXZlJTIyJTIwZGF0YS10aXRsZSUzRCUyMk1lcmNhZG8lMjBhdXRvbW9jaSVDMyVCM24lMjIlM0UlM0MlMkZkaXYlM0UlM0NzY3JpcHQlM0UlMjFmdW5jdGlvbiUyOGUlMkNpJTJDbiUyQ3MlMjklN0J2YXIlMjB0JTNEJTIySW5mb2dyYW1FbWJlZHMlMjIlMkNkJTNEZS5nZXRFbGVtZW50c0J5VGFnTmFtZSUyOCUyMnNjcmlwdCUyMiUyOSU1QjAlNUQlM0JpZiUyOHdpbmRvdyU1QnQlNUQlMjYlMjZ3aW5kb3clNUJ0JTVELmluaXRpYWxpemVkJTI5d2luZG93JTVCdCU1RC5wcm9jZXNzJTI2JTI2d2luZG93JTVCdCU1RC5wcm9jZXNzJTI4JTI5JTNCZWxzZSUyMGlmJTI4JTIxZS5nZXRFbGVtZW50QnlJZCUyOG4lMjklMjklN0J2YXIlMjBvJTNEZS5jcmVhdGVFbGVtZW50JTI4JTIyc2NyaXB0JTIyJTI5JTNCby5hc3luYyUzRDElMkNvLmlkJTNEbiUyQ28uc3JjJTNEJTIyaHR0cHMlM0ElMkYlMkZlLmluZm9ncmFtLmNvbSUyRmpzJTJGZGlzdCUyRmVtYmVkLWxvYWRlci1taW4uanMlMjIlMkNkLnBhcmVudE5vZGUuaW5zZXJ0QmVmb3JlJTI4byUyQ2QlMjklN0QlN0QlMjhkb2N1bWVudCUyQzAlMkMlMjJpbmZvZ3JhbS1hc3luYyUyMiUyOSUzQiUzQyUyRnNjcmlwdCUzRSUzQ2RpdiUyMHN0eWxlJTNEJTIycGFkZGluZyUzQThweCUyMDAlM0Jmb250LWZhbWlseSUzQUFyaWFsJTIxaW1wb3J0YW50JTNCZm9udC1zaXplJTNBMTNweCUyMWltcG9ydGFudCUzQmxpbmUtaGVpZ2h0JTNBMTVweCUyMWltcG9ydGFudCUzQnRleHQtYWxpZ24lM0FjZW50ZXIlM0Jib3JkZXItdG9wJTNBMXB4JTIwc29saWQlMjAlMjNkYWRhZGElM0JtYXJnaW4lM0EwJTIwMzBweCUyMiUzRSUzQ2ElMjBocmVmJTNEJTIyaHR0cHMlM0ElMkYlMkZpbmZvZ3JhbS5jb20lMkZkMTUxNzNlNi1lNTVjLTQ4YzEtYWNjNC1lNDdiMmVkMmQxYjQlMjIlMjBzdHlsZSUzRCUyMmNvbG9yJTNBJTIzOTg5ODk4JTIxaW1wb3J0YW50JTNCdGV4dC1kZWNvcmF0aW9uJTNBbm9uZSUyMWltcG9ydGFudCUzQiUyMiUyMHRhcmdldCUzRCUyMl9ibGFuayUyMiUzRU1lcmNhZG8lMjBhdXRvbW9jaSVDMyVCM24lM0MlMkZhJTNFJTNDYnIlM0UlM0NhJTIwaHJlZiUzRCUyMmh0dHBzJTNBJTJGJTJGaW5mb2dyYW0uY29tJTIyJTIwc3R5bGUlM0QlMjJjb2xvciUzQSUyMzk4OTg5OCUyMWltcG9ydGFudCUzQnRleHQtZGVjb3JhdGlvbiUzQW5vbmUlMjFpbXBvcnRhbnQlM0IlMjIlMjB0YXJnZXQlM0QlMjJfYmxhbmslMjIlMjByZWwlM0QlMjJub2ZvbGxvdyUyMiUzRUluZm9ncmFtJTNDJTJGYSUzRSUzQyUyRmRpdiUzRSUwQSUzQyUyRmRpdiUzRQ==[\/vc_raw_html][\/vc_column][\/vc_row][\/vc_section]<\/p>\n","protected":false},"author":2,"featured_media":0,"parent":0,"menu_order":0,"comment_status":"closed","ping_status":"closed","template":"","meta":{"footnotes":"","_links_to":"","_links_to_target":""},"class_list":["post-5186","page","type-page","status-publish","hentry"],"_links":{"self":[{"href":"https:\/\/fecavem.com\/es\/wp-json\/wp\/v2\/pages\/5186","targetHints":{"allow":["GET"]}}],"collection":[{"href":"https:\/\/fecavem.com\/es\/wp-json\/wp\/v2\/pages"}],"about":[{"href":"https:\/\/fecavem.com\/es\/wp-json\/wp\/v2\/types\/page"}],"author":[{"embeddable":true,"href":"https:\/\/fecavem.com\/es\/wp-json\/wp\/v2\/users\/2"}],"replies":[{"embeddable":true,"href":"https:\/\/fecavem.com\/es\/wp-json\/wp\/v2\/comments?post=5186"}],"version-history":[{"count":6,"href":"https:\/\/fecavem.com\/es\/wp-json\/wp\/v2\/pages\/5186\/revisions"}],"predecessor-version":[{"id":16864,"href":"https:\/\/fecavem.com\/es\/wp-json\/wp\/v2\/pages\/5186\/revisions\/16864"}],"wp:attachment":[{"href":"https:\/\/fecavem.com\/es\/wp-json\/wp\/v2\/media?parent=5186"}],"curies":[{"name":"wp","href":"https:\/\/api.w.org\/{rel}","templated":true}]}}