{"id":5188,"date":"2020-10-01T13:39:30","date_gmt":"2020-10-01T13:39:30","guid":{"rendered":"https:\/\/fecavem.com\/editorial\/"},"modified":"2022-07-27T11:20:13","modified_gmt":"2022-07-27T11:20:13","slug":"editorial","status":"publish","type":"page","link":"https:\/\/fecavem.com\/es\/editorial\/","title":{"rendered":"Editorial"},"content":{"rendered":"<div class=\"wpb-content-wrapper\"><p>[vc_section full_width=\u00bbstretch_row\u00bb][vc_row][vc_column]\n\t\t\t<!-- START Editorial REVOLUTION SLIDER 6.7.12 --><p class=\"rs-p-wp-fix\"><\/p>\n\t\t\t<rs-module-wrap id=\"rev_slider_15_1_wrapper\" data-source=\"gallery\" style=\"visibility:hidden;background:transparent;padding:0;margin:0px auto;margin-top:0;margin-bottom:0;\">\n\t\t\t\t<rs-module id=\"rev_slider_15_1\" style=\"\" data-version=\"6.7.12\">\n\t\t\t\t\t<rs-slides style=\"overflow: hidden; position: absolute;\">\n\t\t\t\t\t\t<rs-slide style=\"position: absolute;\" data-key=\"rs-40\" data-title=\"Slide\" data-anim=\"adpr:false;\" data-in=\"o:0;\" data-out=\"a:false;\">\n\t\t\t\t\t\t\t<img decoding=\"async\" src=\"\/\/fecavem.com\/wp-content\/plugins\/revslider\/sr6\/assets\/assets\/dummy.png\" alt=\"Slide\" title=\"Editorial\" class=\"rev-slidebg tp-rs-img rs-lazyload\" data-lazyload=\"\/\/fecavem.com\/wp-content\/plugins\/revslider\/sr6\/assets\/assets\/transparent.png\" data-bg=\"c:#efefef;\" data-no-retina>\n<!--\n\t\t\t\t\t\t\t--><rs-layer\n\t\t\t\t\t\t\t\tid=\"slider-15-slide-40-layer-0\" \n\t\t\t\t\t\t\t\tdata-type=\"text\"\n\t\t\t\t\t\t\t\tdata-color=\"#9b9b9b\"\n\t\t\t\t\t\t\t\tdata-rsp_ch=\"on\"\n\t\t\t\t\t\t\t\tdata-xy=\"x:c;y:c;\"\n\t\t\t\t\t\t\t\tdata-text=\"w:normal;s:42;l:64;fw:600;\"\n\t\t\t\t\t\t\t\tdata-frame_999=\"o:0;st:w;\"\n\t\t\t\t\t\t\t\tstyle=\"z-index:5;font-family:'Work Sans';\"\n\t\t\t\t\t\t\t>EDITORIAL \n\t\t\t\t\t\t\t<\/rs-layer><!--\n-->\t\t\t\t\t<\/rs-slide>\n\t\t\t\t\t<\/rs-slides>\n\t\t\t\t<\/rs-module>\n\t\t\t\t<script>\n\t\t\t\t\tsetREVStartSize({c: 'rev_slider_15_1',rl:[1240,1024,778,480],el:[140],gw:[1240],gh:[140],type:'standard',justify:'',layout:'fullwidth',mh:\"0\"});if (window.RS_MODULES!==undefined && window.RS_MODULES.modules!==undefined && window.RS_MODULES.modules[\"revslider151\"]!==undefined) {window.RS_MODULES.modules[\"revslider151\"].once = false;window.revapi15 = undefined;if (window.RS_MODULES.checkMinimal!==undefined) window.RS_MODULES.checkMinimal()}\n\t\t\t\t<\/script>\n\t\t\t<\/rs-module-wrap>\n\t\t\t<!-- END REVOLUTION SLIDER -->\n[\/vc_column][\/vc_row][\/vc_section][vc_section full_width=\u00bbstretch_row\u00bb css=\u00bb.vc_custom_1655108278456{margin-top: 5% !important;}\u00bb][vc_row equal_height=\u00bbyes\u00bb][vc_column width=\u00bb1\/4&#8243; css=\u00bb.vc_custom_1654509176885{margin-right: 0px !important;padding-right: 0px !important;}\u00bb][vc_column_text css=\u00bb.vc_custom_1604690237953{padding-top: 1% !important;padding-right: 1% !important;padding-bottom: 1% !important;padding-left: 1% !important;background-color: #012853 !important;}\u00bb]<\/p>\n<p style=\"text-align: center;\"><span style=\"color: #ffffff; font-weight: bold!important;\">Jaume Roura i Calls<\/span><\/p>\n<p>[\/vc_column_text][vc_single_image image=\u00bb1992&#8243; img_size=\u00bbfull\u00bb alignment=\u00bbcenter\u00bb][\/vc_column][vc_column width=\u00bb3\/4&#8243; css=\u00bb.vc_custom_1654509181843{margin-top: 10% !important;margin-left: 10% !important;}\u00bb][vc_custom_heading text=\u00bbPresidente de Fecavem y el Gremi del Motor\u00bb font_container=\u00bbtag:p|font_size:14px|text_align:left|color:%23012853&#8243; google_fonts=\u00bbfont_family:Work%20Sans%3Aregular|font_style:700%20Bold%20Regular%3A700%3Anormal\u00bb][vc_column_text]<\/p>\n<p style=\"text-align: left;\"><span style=\"font-size: 14px;\">Empresario y referente de la automoci\u00f3n catalana, nacido en Vilassar de Mar. Aparte de presidir la Patronal Catalana de la Automoci\u00f3n, Fecavem, y del Gremi del Motor, tambi\u00e9n est\u00e1 al frente de la Uni\u00f3 Patronal Metal\u00fargica, UPM.<\/span><\/p>\n<p>[\/vc_column_text][\/vc_column][\/vc_row][\/vc_section][vc_section][vc_row][vc_column]<div  class=\"jeg_postblock_27 jeg_postblock_blog_2 jeg_postblock jeg_module_hook jeg_pagination_loadmore jeg_col_2o3 epic_module__0_69ea1de7c74e6   \" data-unique=\"epic_module__0_69ea1de7c74e6\">\n                \n                <div class=\"jeg_block_container\">\n                \n                <div class=\"jeg_posts jeg_load_more_flag\"><article class=\"jeg_post jeg_pl_md_4 post-19804 post type-post status-publish format-standard has-post-thumbnail hentry category-jaume-roura-es\">\n                <div class=\"jeg_thumb\">\n                    \n                    <a href=\"https:\/\/fecavem.com\/es\/abril-2026-jaume-roura-gremi-celebrara-70-anos-hay-valer-somos-representamos\/\"><div class=\"thumbnail-container animate-lazy  size-715 \"><img loading=\"lazy\" decoding=\"async\" width=\"350\" height=\"250\" src=\"https:\/\/fecavem.com\/wp-content\/plugins\/epic-news-element\/assets\/img\/jeg-empty.png\" class=\"attachment-epic-350x250 size-epic-350x250 progressive__img progressive--not-loaded lazyload wp-post-image\" alt=\"Mem\u00f2ria 2023 del Gremi del Motor\" data-progressive=\"https:\/\/fecavem.com\/wp-content\/uploads\/2024\/06\/gremi-del-motor-350x250.jpg\" data-src=\"https:\/\/fecavem.com\/wp-content\/uploads\/2024\/06\/gremi-del-motor-350x250-30x21.jpg\" data-sizes=\"auto\" data-srcset=\"\" data-expand=\"700\" \/><\/div><\/a>\n                <\/div>\n                <div class=\"jeg_postblock_content\">\n                    <div class=\"jeg_post_category\">\n                        <span><a href=\"https:\/\/fecavem.com\/es\/autores\/jaume-roura-es\/\">Editorial<\/a><\/span>\n                    <\/div>\n                    <h3 class=\"jeg_post_title\"><a href=\"https:\/\/fecavem.com\/es\/abril-2026-jaume-roura-gremi-celebrara-70-anos-hay-valer-somos-representamos\/\" >Abril 2026 | Jaume Roura: \u00abEl Gremi celebrar\u00e1 70 a\u00f1os y hay que hacer valer lo que somos y representamos\u00bb<\/a><\/h3>\n                    \n                    <div class=\"jeg_post_excerpt\">\n                        <p>Cerramos el mes de marzo y el primer trimestre del a\u00f1o 2026. Sumando, de entrada, la ayuda que da el...<\/p>\n                    <\/div>\n                <\/div>\n            <\/article><article class=\"jeg_post jeg_pl_md_4 post-19652 post type-post status-publish format-standard has-post-thumbnail hentry category-jaume-roura-es\">\n                <div class=\"jeg_thumb\">\n                    \n                    <a href=\"https:\/\/fecavem.com\/es\/marzo-2026-jaume-roura-estamos-trabajando-nueva-edicion-salon-ocasion-mes-octubre\/\"><div class=\"thumbnail-container animate-lazy  size-715 \"><img loading=\"lazy\" decoding=\"async\" width=\"350\" height=\"250\" src=\"https:\/\/fecavem.com\/wp-content\/plugins\/epic-news-element\/assets\/img\/jeg-empty.png\" class=\"attachment-epic-350x250 size-epic-350x250 progressive__img progressive--not-loaded lazyload wp-post-image\" alt=\"El Sal\u00f3n Ocasi\u00f3n supera los 1.100 veh\u00edculos vendidos y recibe 15.000 visitantes en cuatro d\u00edas\" data-progressive=\"https:\/\/fecavem.com\/wp-content\/uploads\/2025\/12\/DSC_0494-350x250.jpg\" data-src=\"https:\/\/fecavem.com\/wp-content\/uploads\/2025\/12\/DSC_0494-350x250-30x21.jpg\" data-sizes=\"auto\" data-srcset=\"\" data-expand=\"700\" \/><\/div><\/a>\n                <\/div>\n                <div class=\"jeg_postblock_content\">\n                    <div class=\"jeg_post_category\">\n                        <span><a href=\"https:\/\/fecavem.com\/es\/autores\/jaume-roura-es\/\">Editorial<\/a><\/span>\n                    <\/div>\n                    <h3 class=\"jeg_post_title\"><a href=\"https:\/\/fecavem.com\/es\/marzo-2026-jaume-roura-estamos-trabajando-nueva-edicion-salon-ocasion-mes-octubre\/\" >Marzo 2026 | Jaume Roura: \u00abYa estamos trabajando para celebrar la edici\u00f3n del Sal\u00f3n Ocasi\u00f3n para el mes de octubre\u00bb<\/a><\/h3>\n                    \n                    <div class=\"jeg_post_excerpt\">\n                        <p>El pasado jueves mantuvimos una reuni\u00f3n en la Conselleria de Empresa y Trabajo, con el S.G. Jaume Bar\u00f3 para tratar...<\/p>\n                    <\/div>\n                <\/div>\n            <\/article><article class=\"jeg_post jeg_pl_md_4 post-18941 post type-post status-publish format-standard has-post-thumbnail hentry category-jaume-roura-es\">\n                <div class=\"jeg_thumb\">\n                    \n                    <a href=\"https:\/\/fecavem.com\/es\/diciembre-2025-jaume-roura-salon-ocasion-puede-marcar-antes-despues\/\"><div class=\"thumbnail-container animate-lazy  size-715 \"><img loading=\"lazy\" decoding=\"async\" width=\"350\" height=\"250\" src=\"https:\/\/fecavem.com\/wp-content\/plugins\/epic-news-element\/assets\/img\/jeg-empty.png\" class=\"attachment-epic-350x250 size-epic-350x250 progressive__img progressive--not-loaded lazyload wp-post-image\" alt=\"\" data-progressive=\"https:\/\/fecavem.com\/wp-content\/uploads\/2020\/11\/slid2-1-350x250.jpg\" data-src=\"https:\/\/fecavem.com\/wp-content\/uploads\/2020\/11\/slid2-1-350x250-30x21.jpg\" data-sizes=\"auto\" data-srcset=\"\" data-expand=\"700\" \/><\/div><\/a>\n                <\/div>\n                <div class=\"jeg_postblock_content\">\n                    <div class=\"jeg_post_category\">\n                        <span><a href=\"https:\/\/fecavem.com\/es\/autores\/jaume-roura-es\/\">Editorial<\/a><\/span>\n                    <\/div>\n                    <h3 class=\"jeg_post_title\"><a href=\"https:\/\/fecavem.com\/es\/diciembre-2025-jaume-roura-salon-ocasion-puede-marcar-antes-despues\/\" >Diciembre 2025 | Jaume Roura: \u00abEl Sal\u00f3n Ocasi\u00f3n 2025 puede marcar un antes y un despu\u00e9s\u00bb<\/a><\/h3>\n                    \n                    <div class=\"jeg_post_excerpt\">\n                        <p>Inicio esta editorial reflexionando sobre un a\u00f1o 2025 que ya llega a su recta final. As\u00ed pues, cerraremos un mes...<\/p>\n                    <\/div>\n                <\/div>\n            <\/article><article class=\"jeg_post jeg_pl_md_4 post-18627 post type-post status-publish format-standard has-post-thumbnail hentry category-jaume-roura-es\">\n                <div class=\"jeg_thumb\">\n                    \n                    <a href=\"https:\/\/fecavem.com\/es\/octubre-2025-jaume-roura-no-podemos-perder-salon-ocasion-mas-antiguo-espana\/\"><div class=\"thumbnail-container animate-lazy  size-715 \"><img loading=\"lazy\" decoding=\"async\" width=\"350\" height=\"250\" src=\"https:\/\/fecavem.com\/wp-content\/plugins\/epic-news-element\/assets\/img\/jeg-empty.png\" class=\"attachment-epic-350x250 size-epic-350x250 progressive__img progressive--not-loaded lazyload wp-post-image\" alt=\"\u00a1Ac\u00e9rcate al Sal\u00f3n Ocasi\u00f3n hasta el 4 de diciembre!\" data-progressive=\"https:\/\/fecavem.com\/wp-content\/uploads\/2022\/11\/salo-ocasio-350x250.jpg\" data-src=\"https:\/\/fecavem.com\/wp-content\/uploads\/2022\/11\/salo-ocasio-350x250-30x21.jpg\" data-sizes=\"auto\" data-srcset=\"\" data-expand=\"700\" \/><\/div><\/a>\n                <\/div>\n                <div class=\"jeg_postblock_content\">\n                    <div class=\"jeg_post_category\">\n                        <span><a href=\"https:\/\/fecavem.com\/es\/autores\/jaume-roura-es\/\">Editorial<\/a><\/span>\n                    <\/div>\n                    <h3 class=\"jeg_post_title\"><a href=\"https:\/\/fecavem.com\/es\/octubre-2025-jaume-roura-no-podemos-perder-salon-ocasion-mas-antiguo-espana\/\" >Octubre 2025 | Jaume Roura: \u00abNo podemos perder el Sal\u00f3n Ocasi\u00f3n m\u00e1s antiguo de Espa\u00f1a\u00bb<\/a><\/h3>\n                    \n                    <div class=\"jeg_post_excerpt\">\n                        <p>Llega el mes de octubre y ya nos situamos en el inicio del \u00faltimo trimestre del a\u00f1o 2025, las cifras...<\/p>\n                    <\/div>\n                <\/div>\n            <\/article><article class=\"jeg_post jeg_pl_md_4 post-18453 post type-post status-publish format-standard has-post-thumbnail hentry category-jaume-roura-es\">\n                <div class=\"jeg_thumb\">\n                    \n                    <a href=\"https:\/\/fecavem.com\/es\/septiembre-2025-jaume-roura-laboralmente-tensionados-absentismo\/\"><div class=\"thumbnail-container animate-lazy  size-715 \"><img loading=\"lazy\" decoding=\"async\" width=\"350\" height=\"250\" src=\"https:\/\/fecavem.com\/wp-content\/plugins\/epic-news-element\/assets\/img\/jeg-empty.png\" class=\"attachment-epic-350x250 size-epic-350x250 progressive__img progressive--not-loaded lazyload wp-post-image\" alt=\"Septiembre 2025 | Jaume Roura: \u00abLaboralmente estamos tensionados por el absentismo\u00bb\" data-progressive=\"https:\/\/fecavem.com\/wp-content\/uploads\/2025\/09\/absentisme-350x250.jpg\" data-src=\"https:\/\/fecavem.com\/wp-content\/uploads\/2025\/09\/absentisme-350x250-30x21.jpg\" data-sizes=\"auto\" data-srcset=\"\" data-expand=\"700\" \/><\/div><\/a>\n                <\/div>\n                <div class=\"jeg_postblock_content\">\n                    <div class=\"jeg_post_category\">\n                        <span><a href=\"https:\/\/fecavem.com\/es\/autores\/jaume-roura-es\/\">Editorial<\/a><\/span>\n                    <\/div>\n                    <h3 class=\"jeg_post_title\"><a href=\"https:\/\/fecavem.com\/es\/septiembre-2025-jaume-roura-laboralmente-tensionados-absentismo\/\" >Septiembre 2025 | Jaume Roura: \u00abLaboralmente estamos tensionados por el absentismo\u00bb<\/a><\/h3>\n                    \n                    <div class=\"jeg_post_excerpt\">\n                        <p>Volvemos a poner en marcha el motor de la recta final del ejercicio del a\u00f1o 2025. Espero que hayamos descansado...<\/p>\n                    <\/div>\n                <\/div>\n            <\/article><article class=\"jeg_post jeg_pl_md_4 post-18191 post type-post status-publish format-standard has-post-thumbnail hentry category-jaume-roura-es\">\n                <div class=\"jeg_thumb\">\n                    \n                    <a href=\"https:\/\/fecavem.com\/es\/agosto-2025-jaume-roura-vamos-vacaciones-preparando-retorno-potente\/\"><div class=\"thumbnail-container animate-lazy  size-715 \"><img loading=\"lazy\" decoding=\"async\" width=\"350\" height=\"250\" src=\"https:\/\/fecavem.com\/wp-content\/plugins\/epic-news-element\/assets\/img\/jeg-empty.png\" class=\"attachment-epic-350x250 size-epic-350x250 progressive__img progressive--not-loaded lazyload wp-post-image\" alt=\"Agosto 2025 | Jaume Roura: \u00abVamos de vacaciones, pero estamos preparando un retorno muy potente\u00bb\" data-progressive=\"https:\/\/fecavem.com\/wp-content\/uploads\/2025\/08\/planificar-vacaciones-350x250.jpg\" data-src=\"https:\/\/fecavem.com\/wp-content\/uploads\/2025\/08\/planificar-vacaciones-350x250-30x21.jpg\" data-sizes=\"auto\" data-srcset=\"\" data-expand=\"700\" \/><\/div><\/a>\n                <\/div>\n                <div class=\"jeg_postblock_content\">\n                    <div class=\"jeg_post_category\">\n                        <span><a href=\"https:\/\/fecavem.com\/es\/autores\/jaume-roura-es\/\">Editorial<\/a><\/span>\n                    <\/div>\n                    <h3 class=\"jeg_post_title\"><a href=\"https:\/\/fecavem.com\/es\/agosto-2025-jaume-roura-vamos-vacaciones-preparando-retorno-potente\/\" >Agosto 2025 | Jaume Roura: \u00abVamos de vacaciones, pero estamos preparando un retorno muy potente\u00bb<\/a><\/h3>\n                    \n                    <div class=\"jeg_post_excerpt\">\n                        <p>Cerramos un julio con cifras positivas y por encima de las registradas en el mismo mes del a\u00f1o 2024. Ahora...<\/p>\n                    <\/div>\n                <\/div>\n            <\/article><\/div>\n                <div class='module-overlay'>\n                <div class='preloader_type preloader_dot'>\n                    <div class=\"module-preloader jeg_preloader dot\">\n                        <span><\/span><span><\/span><span><\/span>\n                    <\/div>\n                    <div class=\"module-preloader jeg_preloader circle\">\n                        <div class=\"epic_preloader_circle_outer\">\n                            <div class=\"epic_preloader_circle_inner\"><\/div>\n                        <\/div>\n                    <\/div>\n                    <div class=\"module-preloader jeg_preloader square\">\n                        <div class=\"jeg_square\"><div class=\"jeg_square_inner\"><\/div><\/div>\n                    <\/div>\n                <\/div>\n            <\/div>\n            <\/div>\n            <div class=\"jeg_block_navigation\">\n                <div class='navigation_overlay'><div class='module-preloader jeg_preloader'><span><\/span><span><\/span><span><\/span><\/div><\/div>\n                <div class=\"jeg_block_loadmore \">\n                    <a href=\"#\" class='' data-load='Ver m\u00e1s' data-loading='Cargando...'> Ver m\u00e1s<\/a>\n                <\/div>\n                \n            <\/div>\n                \n                <script>var epic_module__0_69ea1de7c74e6 = {\"header_icon\":\"\",\"first_title\":\"\",\"second_title\":\"\",\"url\":\"\",\"header_type\":\"heading_6\",\"header_background\":\"\",\"header_secondary_background\":\"\",\"header_text_color\":\"\",\"header_line_color\":\"\",\"header_accent_color\":\"\",\"header_filter_category\":\"\",\"header_filter_author\":\"\",\"header_filter_tag\":\"\",\"header_filter_text\":\"All\",\"post_type\":\"post\",\"number_post\":\"6\",\"post_offset\":\"0\",\"unique_content\":\"disable\",\"include_post\":\"\",\"exclude_post\":\"\",\"include_category\":\"96\",\"exclude_category\":\"\",\"include_author\":\"\",\"include_tag\":\"\",\"exclude_tag\":\"\",\"rella-portfolio-category\":\"\",\"sort_by\":\"latest\",\"date_format\":\"default\",\"date_format_custom\":\"Y\\\/m\\\/d\",\"excerpt_length\":\"20\",\"excerpt_ellipsis\":\"...\",\"pagination_mode\":\"loadmore\",\"pagination_nextprev_showtext\":\"\",\"pagination_number_post\":\"6\",\"pagination_scroll_limit\":0,\"boxed\":\"\",\"boxed_shadow\":\"\",\"el_id\":\"\",\"el_class\":\"\",\"scheme\":\"\",\"column_width\":\"auto\",\"title_color\":\"\",\"accent_color\":\"\",\"alt_color\":\"\",\"excerpt_color\":\"\",\"css\":\"\",\"compatible_column_notice\":\"\",\"paged\":1,\"column_class\":\"jeg_col_2o3\",\"class\":\"epic_block_27\"};<\/script>\n            <\/div>[\/vc_column][\/vc_row][\/vc_section]<\/p>\n<\/div>","protected":false},"excerpt":{"rendered":"<p>[vc_section full_width=\u00bbstretch_row\u00bb][vc_row][vc_column][\/vc_column][\/vc_row][\/vc_section][vc_section full_width=\u00bbstretch_row\u00bb css=\u00bb.vc_custom_1655108278456{margin-top: 5% !important;}\u00bb][vc_row equal_height=\u00bbyes\u00bb][vc_column width=\u00bb1\/4&#8243; css=\u00bb.vc_custom_1654509176885{margin-right: 0px !important;padding-right: 0px !important;}\u00bb][vc_column_text css=\u00bb.vc_custom_1604690237953{padding-top: 1% !important;padding-right: 1% !important;padding-bottom: 1% !important;padding-left: 1% !important;background-color: #012853 !important;}\u00bb] Jaume Roura i Calls [\/vc_column_text][vc_single_image image=\u00bb1992&#8243; img_size=\u00bbfull\u00bb alignment=\u00bbcenter\u00bb][\/vc_column][vc_column width=\u00bb3\/4&#8243; css=\u00bb.vc_custom_1654509181843{margin-top: 10% !important;margin-left: 10% !important;}\u00bb][vc_custom_heading text=\u00bbPresidente de Fecavem y el Gremi del Motor\u00bb font_container=\u00bbtag:p|font_size:14px|text_align:left|color:%23012853&#8243; google_fonts=\u00bbfont_family:Work%20Sans%3Aregular|font_style:700%20Bold%20Regular%3A700%3Anormal\u00bb][vc_column_text] Empresario y referente de la automoci\u00f3n catalana, [&#8230;]<\/p>\n","protected":false},"author":2,"featured_media":0,"parent":0,"menu_order":0,"comment_status":"closed","ping_status":"closed","template":"","meta":{"footnotes":"","_links_to":"","_links_to_target":""},"class_list":["post-5188","page","type-page","status-publish","hentry"],"_links":{"self":[{"href":"https:\/\/fecavem.com\/es\/wp-json\/wp\/v2\/pages\/5188","targetHints":{"allow":["GET"]}}],"collection":[{"href":"https:\/\/fecavem.com\/es\/wp-json\/wp\/v2\/pages"}],"about":[{"href":"https:\/\/fecavem.com\/es\/wp-json\/wp\/v2\/types\/page"}],"author":[{"embeddable":true,"href":"https:\/\/fecavem.com\/es\/wp-json\/wp\/v2\/users\/2"}],"replies":[{"embeddable":true,"href":"https:\/\/fecavem.com\/es\/wp-json\/wp\/v2\/comments?post=5188"}],"version-history":[{"count":5,"href":"https:\/\/fecavem.com\/es\/wp-json\/wp\/v2\/pages\/5188\/revisions"}],"predecessor-version":[{"id":6572,"href":"https:\/\/fecavem.com\/es\/wp-json\/wp\/v2\/pages\/5188\/revisions\/6572"}],"wp:attachment":[{"href":"https:\/\/fecavem.com\/es\/wp-json\/wp\/v2\/media?parent=5188"}],"curies":[{"name":"wp","href":"https:\/\/api.w.org\/{rel}","templated":true}]}}