{"id":5193,"date":"2020-10-01T15:59:04","date_gmt":"2020-10-01T15:59:04","guid":{"rendered":"https:\/\/fecavem.com\/la-mirada-de\/"},"modified":"2024-01-11T16:41:47","modified_gmt":"2024-01-11T16:41:47","slug":"la-mirada-de","status":"publish","type":"page","link":"https:\/\/fecavem.com\/es\/la-mirada-de\/","title":{"rendered":"La mirada de&#8230;"},"content":{"rendered":"<div class=\"wpb-content-wrapper\"><p>[vc_section][vc_row][vc_column]\n\t\t\t<!-- START La mirada de... REVOLUTION SLIDER 6.7.12 --><p class=\"rs-p-wp-fix\"><\/p>\n\t\t\t<rs-module-wrap id=\"rev_slider_16_1_wrapper\" data-source=\"gallery\" style=\"visibility:hidden;background:transparent;padding:0;margin:0px auto;margin-top:0;margin-bottom:0;\">\n\t\t\t\t<rs-module id=\"rev_slider_16_1\" style=\"\" data-version=\"6.7.12\">\n\t\t\t\t\t<rs-slides style=\"overflow: hidden; position: absolute;\">\n\t\t\t\t\t\t<rs-slide style=\"position: absolute;\" data-key=\"rs-41\" data-title=\"Slide\" data-anim=\"adpr:false;\" data-in=\"o:0;\" data-out=\"a:false;\">\n\t\t\t\t\t\t\t<img decoding=\"async\" src=\"\/\/fecavem.com\/wp-content\/plugins\/revslider\/sr6\/assets\/assets\/dummy.png\" alt=\"Slide\" title=\"La mirada de&#8230;\" class=\"rev-slidebg tp-rs-img rs-lazyload\" data-lazyload=\"\/\/fecavem.com\/wp-content\/plugins\/revslider\/sr6\/assets\/assets\/transparent.png\" data-bg=\"c:#efefef;\" data-no-retina>\n<!--\n\t\t\t\t\t\t\t--><rs-layer\n\t\t\t\t\t\t\t\tid=\"slider-16-slide-41-layer-0\" \n\t\t\t\t\t\t\t\tdata-type=\"text\"\n\t\t\t\t\t\t\t\tdata-color=\"#9b9b9b\"\n\t\t\t\t\t\t\t\tdata-rsp_ch=\"on\"\n\t\t\t\t\t\t\t\tdata-xy=\"x:c;y:c;\"\n\t\t\t\t\t\t\t\tdata-text=\"w:normal;s:42;l:64;fw:600;\"\n\t\t\t\t\t\t\t\tdata-frame_999=\"o:0;st:w;\"\n\t\t\t\t\t\t\t\tstyle=\"z-index:5;font-family:'Work Sans';\"\n\t\t\t\t\t\t\t>LA MIRADA DE... \n\t\t\t\t\t\t\t<\/rs-layer><!--\n-->\t\t\t\t\t<\/rs-slide>\n\t\t\t\t\t<\/rs-slides>\n\t\t\t\t<\/rs-module>\n\t\t\t\t<script>\n\t\t\t\t\tsetREVStartSize({c: 'rev_slider_16_1',rl:[1240,1024,778,480],el:[140],gw:[1240],gh:[140],type:'standard',justify:'',layout:'fullwidth',mh:\"0\"});if (window.RS_MODULES!==undefined && window.RS_MODULES.modules!==undefined && window.RS_MODULES.modules[\"revslider161\"]!==undefined) {window.RS_MODULES.modules[\"revslider161\"].once = false;window.revapi16 = undefined;if (window.RS_MODULES.checkMinimal!==undefined) window.RS_MODULES.checkMinimal()}\n\t\t\t\t<\/script>\n\t\t\t<\/rs-module-wrap>\n\t\t\t<!-- END REVOLUTION SLIDER -->\n[\/vc_column][\/vc_row][\/vc_section][vc_section css=\u00bb.vc_custom_1655108382840{margin-top: 5% !important;}\u00bb][vc_row][vc_column width=\u00bb1\/2&#8243; css=\u00bb.vc_custom_1654511606442{margin-left: 0px !important;padding-left: 0px !important;}\u00bb][vc_single_image image=\u00bb1684&#8243; img_size=\u00bbfull\u00bb alignment=\u00bbcenter\u00bb style=\u00bbvc_box_circle_2&#8243; css=\u00bb.vc_custom_1604655806191{margin-bottom: 20px !important;}\u00bb][vc_column_text css=\u00bb.vc_custom_1657646592664{margin-bottom: 5px !important;}\u00bb]<\/p>\n<p class=\"authorTiler\" style=\"text-align: center;\"><span style=\"font-size: 14px;\">Jaume Roura<\/span><\/p>\n<p>[\/vc_column_text][vc_column_text css=\u00bb.vc_custom_1704991294347{margin-top: 0px !important;padding-top: 0px !important;}\u00bb]<\/p>\n<p class=\"authorTilerload\" style=\"text-align: center;\"><span style=\"font-size: 14px;\">Presidente del Gremi del Motor y de Fecavem<\/span><\/p>\n<p>[\/vc_column_text][\/vc_column][vc_column width=\u00bb1\/2&#8243; enable_responsive_options=\u00bbyes\u00bb css=\u00bb.vc_custom_1654511723410{margin-right: 0px !important;padding-right: 0px !important;}\u00bb responsive_css=\u00bbmargin_bottom_mobile:30&#8243;][vc_single_image image=\u00bb1686&#8243; img_size=\u00bbfull\u00bb alignment=\u00bbcenter\u00bb style=\u00bbvc_box_circle_2&#8243; css=\u00bb.vc_custom_1604655847310{margin-bottom: 20px !important;}\u00bb][vc_column_text css=\u00bb.vc_custom_1657646606551{margin-bottom: 5px !important;}\u00bb]<\/p>\n<p class=\"authorTiler\" style=\"text-align: center;\"><span style=\"font-size: 14px;\">Joan Blancafort<\/span><\/p>\n<p>[\/vc_column_text][vc_column_text css=\u00bb.vc_custom_1704991303662{margin-top: 0px !important;margin-bottom: 0px !important;}\u00bb]<\/p>\n<p class=\"authorTilerload\" style=\"text-align: center;\"><span style=\"font-size: 14px;\">Secretario General del Gremi del Motor y de Fecavem<\/span><\/p>\n<p>[\/vc_column_text][\/vc_column][\/vc_row][vc_row][vc_column]<div  class=\"jeg_postblock_27 jeg_postblock_blog_2 jeg_postblock jeg_module_hook jeg_pagination_loadmore jeg_col_2o3 epic_module__0_69e0ded966647   \" data-unique=\"epic_module__0_69e0ded966647\">\n                \n                <div class=\"jeg_block_container\">\n                \n                <div class=\"jeg_posts jeg_load_more_flag\"><article class=\"jeg_post jeg_pl_md_4 post-19749 post type-post status-publish format-standard has-post-thumbnail hentry category-joan-blancafort-es\">\n                <div class=\"jeg_thumb\">\n                    \n                    <a href=\"https:\/\/fecavem.com\/es\/sacar-mas-espacio-coche-joan-blancafort\/\"><div class=\"thumbnail-container animate-lazy  size-715 \"><img loading=\"lazy\" decoding=\"async\" width=\"350\" height=\"250\" src=\"https:\/\/fecavem.com\/wp-content\/plugins\/epic-news-element\/assets\/img\/jeg-empty.png\" class=\"attachment-epic-350x250 size-epic-350x250 progressive__img progressive--not-loaded lazyload wp-post-image\" alt=\"&#8216;\u00bfSe debe sacar m\u00e1s espacio al coche?&#8217;\" data-progressive=\"https:\/\/fecavem.com\/wp-content\/uploads\/2026\/04\/joan-blancafort-350x250.jpg\" data-src=\"https:\/\/fecavem.com\/wp-content\/uploads\/2026\/04\/joan-blancafort-350x250-30x21.jpg\" data-sizes=\"auto\" data-srcset=\"\" data-expand=\"700\" \/><\/div><\/a>\n                <\/div>\n                <div class=\"jeg_postblock_content\">\n                    <div class=\"jeg_post_category\">\n                        <span><a href=\"https:\/\/fecavem.com\/es\/autores\/joan-blancafort-es\/\">Joan Blancafort<\/a><\/span>\n                    <\/div>\n                    <h3 class=\"jeg_post_title\"><a href=\"https:\/\/fecavem.com\/es\/sacar-mas-espacio-coche-joan-blancafort\/\" >&#8216;\u00bfSe debe sacar m\u00e1s espacio al coche?&#8217;<\/a><\/h3>\n                    \n                    <div class=\"jeg_post_excerpt\">\n                        <p>Este mes de marzo, he participado en un debate televisivo...<\/p>\n                    <\/div>\n                <\/div>\n            <\/article><article class=\"jeg_post jeg_pl_md_4 post-18921 post type-post status-publish format-standard has-post-thumbnail hentry category-joan-blancafort-es\">\n                <div class=\"jeg_thumb\">\n                    \n                    <a href=\"https:\/\/fecavem.com\/es\/joan-blancafort-secretario-general-del-gremi-motor-reto-mayusculo-asumir-organizacion-salon-ocasion\/\"><div class=\"thumbnail-container animate-lazy  size-715 \"><img loading=\"lazy\" decoding=\"async\" width=\"350\" height=\"250\" src=\"https:\/\/fecavem.com\/wp-content\/plugins\/epic-news-element\/assets\/img\/jeg-empty.png\" class=\"attachment-epic-350x250 size-epic-350x250 progressive__img progressive--not-loaded lazyload wp-post-image\" alt=\"Joan Blancafort, secretario general del Gremi del Motor: \u00abEs un reto may\u00fasculo asumir la organizaci\u00f3n del Sal\u00f3n desde nuestra entidad\u00bb\" data-progressive=\"https:\/\/fecavem.com\/wp-content\/uploads\/2025\/12\/980x250_-cat1-1-350x250.png\" data-src=\"https:\/\/fecavem.com\/wp-content\/uploads\/2025\/12\/980x250_-cat1-1-350x250-30x21.png\" data-sizes=\"auto\" data-srcset=\"\" data-expand=\"700\" \/><\/div><\/a>\n                <\/div>\n                <div class=\"jeg_postblock_content\">\n                    <div class=\"jeg_post_category\">\n                        <span><a href=\"https:\/\/fecavem.com\/es\/autores\/joan-blancafort-es\/\">Joan Blancafort<\/a><\/span>\n                    <\/div>\n                    <h3 class=\"jeg_post_title\"><a href=\"https:\/\/fecavem.com\/es\/joan-blancafort-secretario-general-del-gremi-motor-reto-mayusculo-asumir-organizacion-salon-ocasion\/\" >Joan Blancafort, secretario general del Gremi del Motor: \u00abEs un reto may\u00fasculo asumir la organizaci\u00f3n del Sal\u00f3n desde nuestra entidad\u00bb<\/a><\/h3>\n                    \n                    <div class=\"jeg_post_excerpt\">\n                        <p>Este mes de diciembre tiene lugar el Sal\u00f3n Ocasi\u00f3n, con...<\/p>\n                    <\/div>\n                <\/div>\n            <\/article><article class=\"jeg_post jeg_pl_md_4 post-18800 post type-post status-publish format-standard has-post-thumbnail hentry category-joan-blancafort-es\">\n                <div class=\"jeg_thumb\">\n                    \n                    <a href=\"https:\/\/fecavem.com\/es\/barcelona-epicentre-europeu-mobilitat-urbana-joan-blancafort\/\"><div class=\"thumbnail-container animate-lazy  size-715 \"><img loading=\"lazy\" decoding=\"async\" width=\"350\" height=\"250\" src=\"https:\/\/fecavem.com\/wp-content\/plugins\/epic-news-element\/assets\/img\/jeg-empty.png\" class=\"attachment-epic-350x250 size-epic-350x250 progressive__img progressive--not-loaded lazyload wp-post-image\" alt=\"Barcelona, epicentre europeu de la mobilitat urbana\" data-progressive=\"https:\/\/fecavem.com\/wp-content\/uploads\/2025\/11\/mobility-350x250.jpg\" data-src=\"https:\/\/fecavem.com\/wp-content\/uploads\/2025\/11\/mobility-350x250-30x21.jpg\" data-sizes=\"auto\" data-srcset=\"\" data-expand=\"700\" \/><\/div><\/a>\n                <\/div>\n                <div class=\"jeg_postblock_content\">\n                    <div class=\"jeg_post_category\">\n                        <span><a href=\"https:\/\/fecavem.com\/es\/autores\/joan-blancafort-es\/\">Joan Blancafort<\/a><\/span>\n                    <\/div>\n                    <h3 class=\"jeg_post_title\"><a href=\"https:\/\/fecavem.com\/es\/barcelona-epicentre-europeu-mobilitat-urbana-joan-blancafort\/\" >Barcelona, epicentre europeu de la mobilitat urbana<\/a><\/h3>\n                    \n                    <div class=\"jeg_post_excerpt\">\n                        <p>Des de l'any 2019, Barcelona s'ha consolidat com la capital...<\/p>\n                    <\/div>\n                <\/div>\n            <\/article><article class=\"jeg_post jeg_pl_md_4 post-18787 post type-post status-publish format-standard has-post-thumbnail hentry category-joan-blancafort-es\">\n                <div class=\"jeg_thumb\">\n                    \n                    <a href=\"https:\/\/fecavem.com\/es\/barcelona-epicentre-europeu-mobilitat-urbana\/\"><div class=\"thumbnail-container animate-lazy  size-715 \"><img loading=\"lazy\" decoding=\"async\" width=\"350\" height=\"250\" src=\"https:\/\/fecavem.com\/wp-content\/plugins\/epic-news-element\/assets\/img\/jeg-empty.png\" class=\"attachment-epic-350x250 size-epic-350x250 progressive__img progressive--not-loaded lazyload wp-post-image\" alt=\"La baliza, obligatoria a partir del a\u00f1o 2026\" data-progressive=\"https:\/\/fecavem.com\/wp-content\/uploads\/2025\/11\/unnamed-1-350x250.jpg\" data-src=\"https:\/\/fecavem.com\/wp-content\/uploads\/2025\/11\/unnamed-1-350x250-30x21.jpg\" data-sizes=\"auto\" data-srcset=\"\" data-expand=\"700\" \/><\/div><\/a>\n                <\/div>\n                <div class=\"jeg_postblock_content\">\n                    <div class=\"jeg_post_category\">\n                        <span><a href=\"https:\/\/fecavem.com\/es\/autores\/joan-blancafort-es\/\">Joan Blancafort<\/a><\/span>\n                    <\/div>\n                    <h3 class=\"jeg_post_title\"><a href=\"https:\/\/fecavem.com\/es\/barcelona-epicentre-europeu-mobilitat-urbana\/\" >Barcelona, epicentre europeu de la mobilitat urbana<\/a><\/h3>\n                    \n                    <div class=\"jeg_post_excerpt\">\n                        <p>Des del 2019, Barcelona s'ha consolidat com la capital europea...<\/p>\n                    <\/div>\n                <\/div>\n            <\/article><article class=\"jeg_post jeg_pl_md_4 post-18767 post type-post status-publish format-standard has-post-thumbnail hentry category-administracion category-joan-blancafort-es\">\n                <div class=\"jeg_thumb\">\n                    \n                    <a href=\"https:\/\/fecavem.com\/es\/baliza-obligatoria-partir-ano-2026\/\"><div class=\"thumbnail-container animate-lazy  size-715 \"><img loading=\"lazy\" decoding=\"async\" width=\"350\" height=\"250\" src=\"https:\/\/fecavem.com\/wp-content\/plugins\/epic-news-element\/assets\/img\/jeg-empty.png\" class=\"attachment-epic-350x250 size-epic-350x250 progressive__img progressive--not-loaded lazyload wp-post-image\" alt=\"La baliza, obligatoria a partir del a\u00f1o 2026\" data-progressive=\"https:\/\/fecavem.com\/wp-content\/uploads\/2025\/11\/balisa-350x250.jpg\" data-src=\"https:\/\/fecavem.com\/wp-content\/uploads\/2025\/11\/balisa-350x250-30x21.jpg\" data-sizes=\"auto\" data-srcset=\"\" data-expand=\"700\" \/><\/div><\/a>\n                <\/div>\n                <div class=\"jeg_postblock_content\">\n                    <div class=\"jeg_post_category\">\n                        <span><a href=\"https:\/\/fecavem.com\/es\/tematicas\/administracion\/\">Administraci\u00f3n<\/a><\/span>\n                    <\/div>\n                    <h3 class=\"jeg_post_title\"><a href=\"https:\/\/fecavem.com\/es\/baliza-obligatoria-partir-ano-2026\/\" >La baliza, obligatoria a partir del a\u00f1o 2026<\/a><\/h3>\n                    \n                    <div class=\"jeg_post_excerpt\">\n                        <p>La baliza es un dispositivo luminoso de emergencia intermitente homologado...<\/p>\n                    <\/div>\n                <\/div>\n            <\/article><article class=\"jeg_post jeg_pl_md_4 post-18568 post type-post status-publish format-standard has-post-thumbnail hentry category-joan-blancafort-es\">\n                <div class=\"jeg_thumb\">\n                    \n                    <a href=\"https:\/\/fecavem.com\/es\/sin-noticias-gurb-moves\/\"><div class=\"thumbnail-container animate-lazy  size-715 \"><img loading=\"lazy\" decoding=\"async\" width=\"350\" height=\"250\" src=\"https:\/\/fecavem.com\/wp-content\/plugins\/epic-news-element\/assets\/img\/jeg-empty.png\" class=\"attachment-epic-350x250 size-epic-350x250 progressive__img progressive--not-loaded lazyload wp-post-image\" alt=\"&#8216;Sin noticias de Gurb&#8217;\" data-progressive=\"https:\/\/fecavem.com\/wp-content\/uploads\/2025\/09\/Sin_noticias_de_Grub-Eduardo_Mendoza-350x250.jpg\" data-src=\"https:\/\/fecavem.com\/wp-content\/uploads\/2025\/09\/Sin_noticias_de_Grub-Eduardo_Mendoza-350x250-30x21.jpg\" data-sizes=\"auto\" data-srcset=\"\" data-expand=\"700\" \/><\/div><\/a>\n                <\/div>\n                <div class=\"jeg_postblock_content\">\n                    <div class=\"jeg_post_category\">\n                        <span><a href=\"https:\/\/fecavem.com\/es\/autores\/joan-blancafort-es\/\">Joan Blancafort<\/a><\/span>\n                    <\/div>\n                    <h3 class=\"jeg_post_title\"><a href=\"https:\/\/fecavem.com\/es\/sin-noticias-gurb-moves\/\" >&#8216;Sin noticias de Gurb&#8217;<\/a><\/h3>\n                    \n                    <div class=\"jeg_post_excerpt\">\n                        <p>A inicios de esta d\u00e9cada, Eduardo Mendoza public\u00f3 un libro...<\/p>\n                    <\/div>\n                <\/div>\n            <\/article><\/div>\n                <div class='module-overlay'>\n                <div class='preloader_type preloader_dot'>\n                    <div class=\"module-preloader jeg_preloader dot\">\n                        <span><\/span><span><\/span><span><\/span>\n                    <\/div>\n                    <div class=\"module-preloader jeg_preloader circle\">\n                        <div class=\"epic_preloader_circle_outer\">\n                            <div class=\"epic_preloader_circle_inner\"><\/div>\n                        <\/div>\n                    <\/div>\n                    <div class=\"module-preloader jeg_preloader square\">\n                        <div class=\"jeg_square\"><div class=\"jeg_square_inner\"><\/div><\/div>\n                    <\/div>\n                <\/div>\n            <\/div>\n            <\/div>\n            <div class=\"jeg_block_navigation\">\n                <div class='navigation_overlay'><div class='module-preloader jeg_preloader'><span><\/span><span><\/span><span><\/span><\/div><\/div>\n                <div class=\"jeg_block_loadmore \">\n                    <a href=\"#\" class='' data-load='Ver m\u00e1s' data-loading='Cargando...'> Ver m\u00e1s<\/a>\n                <\/div>\n                \n            <\/div>\n                \n                <script>var epic_module__0_69e0ded966647 = {\"header_icon\":\"\",\"first_title\":\"\",\"second_title\":\"\",\"url\":\"\",\"header_type\":\"heading_6\",\"header_background\":\"\",\"header_secondary_background\":\"\",\"header_text_color\":\"\",\"header_line_color\":\"\",\"header_accent_color\":\"\",\"header_filter_category\":\"\",\"header_filter_author\":\"\",\"header_filter_tag\":\"\",\"header_filter_text\":\"All\",\"post_type\":\"post\",\"number_post\":\"6\",\"post_offset\":\"0\",\"unique_content\":\"disable\",\"include_post\":\"\",\"exclude_post\":\"\",\"include_category\":\"132,99\",\"exclude_category\":\"\",\"include_author\":\"\",\"include_tag\":\"\",\"exclude_tag\":\"\",\"rella-portfolio-category\":\"\",\"sort_by\":\"latest\",\"date_format\":\"default\",\"date_format_custom\":\"Y\\\/m\\\/d\",\"excerpt_length\":\"10\",\"excerpt_ellipsis\":\"...\",\"pagination_mode\":\"loadmore\",\"pagination_nextprev_showtext\":\"\",\"pagination_number_post\":\"6\",\"pagination_scroll_limit\":0,\"boxed\":\"\",\"boxed_shadow\":\"\",\"el_id\":\"\",\"el_class\":\"\",\"scheme\":\"\",\"column_width\":\"auto\",\"title_color\":\"\",\"accent_color\":\"\",\"alt_color\":\"\",\"excerpt_color\":\"\",\"css\":\"\",\"compatible_column_notice\":\"\",\"paged\":1,\"column_class\":\"jeg_col_2o3\",\"class\":\"epic_block_27\"};<\/script>\n            <\/div>[\/vc_column][\/vc_row][\/vc_section]<\/p>\n<\/div>","protected":false},"excerpt":{"rendered":"<p>[vc_section][vc_row][vc_column][\/vc_column][\/vc_row][\/vc_section][vc_section css=\u00bb.vc_custom_1655108382840{margin-top: 5% !important;}\u00bb][vc_row][vc_column width=\u00bb1\/2&#8243; css=\u00bb.vc_custom_1654511606442{margin-left: 0px !important;padding-left: 0px !important;}\u00bb][vc_single_image image=\u00bb1684&#8243; img_size=\u00bbfull\u00bb alignment=\u00bbcenter\u00bb style=\u00bbvc_box_circle_2&#8243; css=\u00bb.vc_custom_1604655806191{margin-bottom: 20px !important;}\u00bb][vc_column_text css=\u00bb.vc_custom_1657646592664{margin-bottom: 5px !important;}\u00bb] Jaume Roura [\/vc_column_text][vc_column_text css=\u00bb.vc_custom_1704991294347{margin-top: 0px !important;padding-top: 0px !important;}\u00bb] Presidente del Gremi del Motor y de Fecavem [\/vc_column_text][\/vc_column][vc_column width=\u00bb1\/2&#8243; enable_responsive_options=\u00bbyes\u00bb css=\u00bb.vc_custom_1654511723410{margin-right: 0px !important;padding-right: 0px !important;}\u00bb responsive_css=\u00bbmargin_bottom_mobile:30&#8243;][vc_single_image image=\u00bb1686&#8243; img_size=\u00bbfull\u00bb alignment=\u00bbcenter\u00bb style=\u00bbvc_box_circle_2&#8243; css=\u00bb.vc_custom_1604655847310{margin-bottom: 20px !important;}\u00bb][vc_column_text css=\u00bb.vc_custom_1657646606551{margin-bottom: 5px !important;}\u00bb] [&#8230;]<\/p>\n","protected":false},"author":2,"featured_media":0,"parent":0,"menu_order":0,"comment_status":"closed","ping_status":"closed","template":"","meta":{"footnotes":"","_links_to":"","_links_to_target":""},"class_list":["post-5193","page","type-page","status-publish","hentry"],"_links":{"self":[{"href":"https:\/\/fecavem.com\/es\/wp-json\/wp\/v2\/pages\/5193","targetHints":{"allow":["GET"]}}],"collection":[{"href":"https:\/\/fecavem.com\/es\/wp-json\/wp\/v2\/pages"}],"about":[{"href":"https:\/\/fecavem.com\/es\/wp-json\/wp\/v2\/types\/page"}],"author":[{"embeddable":true,"href":"https:\/\/fecavem.com\/es\/wp-json\/wp\/v2\/users\/2"}],"replies":[{"embeddable":true,"href":"https:\/\/fecavem.com\/es\/wp-json\/wp\/v2\/comments?post=5193"}],"version-history":[{"count":5,"href":"https:\/\/fecavem.com\/es\/wp-json\/wp\/v2\/pages\/5193\/revisions"}],"predecessor-version":[{"id":13240,"href":"https:\/\/fecavem.com\/es\/wp-json\/wp\/v2\/pages\/5193\/revisions\/13240"}],"wp:attachment":[{"href":"https:\/\/fecavem.com\/es\/wp-json\/wp\/v2\/media?parent=5193"}],"curies":[{"name":"wp","href":"https:\/\/api.w.org\/{rel}","templated":true}]}}