{"id":5198,"date":"2020-10-06T09:54:36","date_gmt":"2020-10-06T09:54:36","guid":{"rendered":"https:\/\/fecavem.com\/dades-de-mercat\/"},"modified":"2025-03-04T09:21:07","modified_gmt":"2025-03-04T09:21:07","slug":"datos-de-mercado","status":"publish","type":"page","link":"https:\/\/fecavem.com\/es\/prensa\/datos-de-mercado\/","title":{"rendered":"Datos de mercado"},"content":{"rendered":"<div class=\"wpb-content-wrapper\"><p>[vc_section][vc_row][vc_column]\n\t\t\t<!-- START Datos de mercado ES REVOLUTION SLIDER 6.7.12 --><p class=\"rs-p-wp-fix\"><\/p>\n\t\t\t<rs-module-wrap id=\"rev_slider_31_1_wrapper\" data-source=\"gallery\" style=\"visibility:hidden;background:transparent;padding:0;margin:0px auto;margin-top:0;margin-bottom:0;\">\n\t\t\t\t<rs-module id=\"rev_slider_31_1\" style=\"\" data-version=\"6.7.12\">\n\t\t\t\t\t<rs-slides style=\"overflow: hidden; position: absolute;\">\n\t\t\t\t\t\t<rs-slide style=\"position: absolute;\" data-key=\"rs-58\" data-title=\"Slide\" data-anim=\"adpr:false;\" data-in=\"o:0;\" data-out=\"a:false;\">\n\t\t\t\t\t\t\t<img decoding=\"async\" src=\"\/\/fecavem.com\/wp-content\/plugins\/revslider\/sr6\/assets\/assets\/dummy.png\" alt=\"Slide\" title=\"Datos de mercado\" class=\"rev-slidebg tp-rs-img rs-lazyload\" data-lazyload=\"\/\/fecavem.com\/wp-content\/plugins\/revslider\/sr6\/assets\/assets\/transparent.png\" data-bg=\"c:#efefef;\" data-no-retina>\n<!--\n\t\t\t\t\t\t\t--><rs-layer\n\t\t\t\t\t\t\t\tid=\"slider-31-slide-58-layer-0\" \n\t\t\t\t\t\t\t\tdata-type=\"text\"\n\t\t\t\t\t\t\t\tdata-color=\"#9b9b9b\"\n\t\t\t\t\t\t\t\tdata-rsp_ch=\"on\"\n\t\t\t\t\t\t\t\tdata-xy=\"x:c;y:c;\"\n\t\t\t\t\t\t\t\tdata-text=\"w:normal;s:42;l:64;fw:600;\"\n\t\t\t\t\t\t\t\tdata-frame_999=\"o:0;st:w;\"\n\t\t\t\t\t\t\t\tstyle=\"z-index:5;font-family:'Work Sans';\"\n\t\t\t\t\t\t\t>DATOS DE MERCADO \n\t\t\t\t\t\t\t<\/rs-layer><!--\n-->\t\t\t\t\t<\/rs-slide>\n\t\t\t\t\t<\/rs-slides>\n\t\t\t\t<\/rs-module>\n\t\t\t\t<script>\n\t\t\t\t\tsetREVStartSize({c: 'rev_slider_31_1',rl:[1240,1024,778,480],el:[140],gw:[1240],gh:[140],type:'standard',justify:'',layout:'fullwidth',mh:\"0\"});if (window.RS_MODULES!==undefined && window.RS_MODULES.modules!==undefined && window.RS_MODULES.modules[\"revslider311\"]!==undefined) {window.RS_MODULES.modules[\"revslider311\"].once = false;window.revapi31 = undefined;if (window.RS_MODULES.checkMinimal!==undefined) window.RS_MODULES.checkMinimal()}\n\t\t\t\t<\/script>\n\t\t\t<\/rs-module-wrap>\n\t\t\t<!-- END REVOLUTION SLIDER -->\n[\/vc_column][\/vc_row][\/vc_section][vc_section css=\u00bb.vc_custom_1655108533583{margin-top: 5% !important;}\u00bb][vc_row][vc_column][vc_column_text css=\u00bb\u00bb]<\/p>\n<p style=\"text-align: center;\"><strong>Despla\u00e7a&#8217;t cap avall<\/strong>\u00a0per veure totes les p\u00e0gines de l&#8217;informe i u<strong>tilitza les eines de navegaci\u00f3<\/strong> per moure&#8217;t entre les p\u00e0gines.<br \/>\n<strong>Desplazate hacia abajo<\/strong> para ver todas las p\u00e1ginas del informe y utiliza las herramientas de navegaci\u00f3n para moverte entre las p\u00e1ginas.<\/p>\n<p>[\/vc_column_text][\/vc_column][\/vc_row][vc_row][vc_column][vc_raw_html]JTNDZGl2JTIwY2xhc3MlM0QlMjJjdXRvbW1hcHNlciUyMiUyMHN0eWxlJTNEJTIybWFyZ2luJTNBJTIwMCUyMGF1dG8lM0IlMjIlMjAlM0UlMEElM0NkaXYlMjBjbGFzcyUzRCUyMmluZm9ncmFtLWVtYmVkJTIyJTIwZGF0YS1pZCUzRCUyMjUyNzk0MjBhLTQwNzgtNDkyOS1hNTI4LWQyZTc3OTk4ZjM2MiUyMiUyMGRhdGEtdHlwZSUzRCUyMmludGVyYWN0aXZlJTIyJTIwZGF0YS10aXRsZSUzRCUyMlR1cmlzbW9zJTJDJTIwTW90b2NpY2xldGFzJTJDJTIwQ2ljbG9tb3RvcmVzJTIyJTNFJTNDJTJGZGl2JTNFJTNDc2NyaXB0JTNFJTIxZnVuY3Rpb24lMjhlJTJDaSUyQ24lMkNzJTI5JTdCdmFyJTIwdCUzRCUyMkluZm9ncmFtRW1iZWRzJTIyJTJDZCUzRGUuZ2V0RWxlbWVudHNCeVRhZ05hbWUlMjglMjJzY3JpcHQlMjIlMjklNUIwJTVEJTNCaWYlMjh3aW5kb3clNUJ0JTVEJTI2JTI2d2luZG93JTVCdCU1RC5pbml0aWFsaXplZCUyOXdpbmRvdyU1QnQlNUQucHJvY2VzcyUyNiUyNndpbmRvdyU1QnQlNUQucHJvY2VzcyUyOCUyOSUzQmVsc2UlMjBpZiUyOCUyMWUuZ2V0RWxlbWVudEJ5SWQlMjhuJTI5JTI5JTdCdmFyJTIwbyUzRGUuY3JlYXRlRWxlbWVudCUyOCUyMnNjcmlwdCUyMiUyOSUzQm8uYXN5bmMlM0QxJTJDby5pZCUzRG4lMkNvLnNyYyUzRCUyMmh0dHBzJTNBJTJGJTJGZS5pbmZvZ3JhbS5jb20lMkZqcyUyRmRpc3QlMkZlbWJlZC1sb2FkZXItbWluLmpzJTIyJTJDZC5wYXJlbnROb2RlLmluc2VydEJlZm9yZSUyOG8lMkNkJTI5JTdEJTdEJTI4ZG9jdW1lbnQlMkMwJTJDJTIyaW5mb2dyYW0tYXN5bmMlMjIlMjklM0IlM0MlMkZzY3JpcHQlM0UlM0NkaXYlMjBzdHlsZSUzRCUyMnBhZGRpbmclM0E4cHglMjAwJTNCZm9udC1mYW1pbHklM0FBcmlhbCUyMWltcG9ydGFudCUzQmZvbnQtc2l6ZSUzQTEzcHglMjFpbXBvcnRhbnQlM0JsaW5lLWhlaWdodCUzQTE1cHglMjFpbXBvcnRhbnQlM0J0ZXh0LWFsaWduJTNBY2VudGVyJTNCYm9yZGVyLXRvcCUzQTFweCUyMHNvbGlkJTIwJTIzZGFkYWRhJTNCbWFyZ2luJTNBMCUyMDMwcHglMjIlM0UlM0NhJTIwaHJlZiUzRCUyMmh0dHBzJTNBJTJGJTJGaW5mb2dyYW0uY29tJTJGNTI3OTQyMGEtNDA3OC00OTI5LWE1MjgtZDJlNzc5OThmMzYyJTIyJTIwc3R5bGUlM0QlMjJjb2xvciUzQSUyMzk4OTg5OCUyMWltcG9ydGFudCUzQnRleHQtZGVjb3JhdGlvbiUzQW5vbmUlMjFpbXBvcnRhbnQlM0IlMjIlMjB0YXJnZXQlM0QlMjJfYmxhbmslMjIlM0VUdXJpc21vcyUyQyUyME1vdG9jaWNsZXRhcyUyQyUyMENpY2xvbW90b3JlcyUzQyUyRmElM0UlM0NiciUzRSUzQ2ElMjBocmVmJTNEJTIyaHR0cHMlM0ElMkYlMkZpbmZvZ3JhbS5jb20lMjIlMjBzdHlsZSUzRCUyMmNvbG9yJTNBJTIzOTg5ODk4JTIxaW1wb3J0YW50JTNCdGV4dC1kZWNvcmF0aW9uJTNBbm9uZSUyMWltcG9ydGFudCUzQiUyMiUyMHRhcmdldCUzRCUyMl9ibGFuayUyMiUyMHJlbCUzRCUyMm5vZm9sbG93JTIyJTNFSW5mb2dyYW0lM0MlMkZhJTNFJTNDJTJGZGl2JTNFJTBBJTNDJTJGZGl2JTNF[\/vc_raw_html][\/vc_column][\/vc_row][vc_row disable_element=\u00bbyes\u00bb][vc_column][vc_raw_html]JTNDZGl2JTIwY2xhc3MlM0QlMjJjdXRvbW1hcHNlciUyMiUyMHN0eWxlJTNEJTIybWFyZ2luJTNBJTIwMCUyMGF1dG8lM0IlMjIlMjAlM0UlMEElM0NkaXYlMjBjbGFzcyUzRCUyMmluZm9ncmFtLWVtYmVkJTIyJTIwZGF0YS1pZCUzRCUyMmQxNTE3M2U2LWU1NWMtNDhjMS1hY2M0LWU0N2IyZWQyZDFiNCUyMiUyMGRhdGEtdHlwZSUzRCUyMmludGVyYWN0aXZlJTIyJTIwZGF0YS10aXRsZSUzRCUyMk1lcmNhZG8lMjBhdXRvbW9jaSVDMyVCM24lMjIlM0UlM0MlMkZkaXYlM0UlM0NzY3JpcHQlM0UlMjFmdW5jdGlvbiUyOGUlMkNpJTJDbiUyQ3MlMjklN0J2YXIlMjB0JTNEJTIySW5mb2dyYW1FbWJlZHMlMjIlMkNkJTNEZS5nZXRFbGVtZW50c0J5VGFnTmFtZSUyOCUyMnNjcmlwdCUyMiUyOSU1QjAlNUQlM0JpZiUyOHdpbmRvdyU1QnQlNUQlMjYlMjZ3aW5kb3clNUJ0JTVELmluaXRpYWxpemVkJTI5d2luZG93JTVCdCU1RC5wcm9jZXNzJTI2JTI2d2luZG93JTVCdCU1RC5wcm9jZXNzJTI4JTI5JTNCZWxzZSUyMGlmJTI4JTIxZS5nZXRFbGVtZW50QnlJZCUyOG4lMjklMjklN0J2YXIlMjBvJTNEZS5jcmVhdGVFbGVtZW50JTI4JTIyc2NyaXB0JTIyJTI5JTNCby5hc3luYyUzRDElMkNvLmlkJTNEbiUyQ28uc3JjJTNEJTIyaHR0cHMlM0ElMkYlMkZlLmluZm9ncmFtLmNvbSUyRmpzJTJGZGlzdCUyRmVtYmVkLWxvYWRlci1taW4uanMlMjIlMkNkLnBhcmVudE5vZGUuaW5zZXJ0QmVmb3JlJTI4byUyQ2QlMjklN0QlN0QlMjhkb2N1bWVudCUyQzAlMkMlMjJpbmZvZ3JhbS1hc3luYyUyMiUyOSUzQiUzQyUyRnNjcmlwdCUzRSUzQ2RpdiUyMHN0eWxlJTNEJTIycGFkZGluZyUzQThweCUyMDAlM0Jmb250LWZhbWlseSUzQUFyaWFsJTIxaW1wb3J0YW50JTNCZm9udC1zaXplJTNBMTNweCUyMWltcG9ydGFudCUzQmxpbmUtaGVpZ2h0JTNBMTVweCUyMWltcG9ydGFudCUzQnRleHQtYWxpZ24lM0FjZW50ZXIlM0Jib3JkZXItdG9wJTNBMXB4JTIwc29saWQlMjAlMjNkYWRhZGElM0JtYXJnaW4lM0EwJTIwMzBweCUyMiUzRSUzQ2ElMjBocmVmJTNEJTIyaHR0cHMlM0ElMkYlMkZpbmZvZ3JhbS5jb20lMkZkMTUxNzNlNi1lNTVjLTQ4YzEtYWNjNC1lNDdiMmVkMmQxYjQlMjIlMjBzdHlsZSUzRCUyMmNvbG9yJTNBJTIzOTg5ODk4JTIxaW1wb3J0YW50JTNCdGV4dC1kZWNvcmF0aW9uJTNBbm9uZSUyMWltcG9ydGFudCUzQiUyMiUyMHRhcmdldCUzRCUyMl9ibGFuayUyMiUzRU1lcmNhZG8lMjBhdXRvbW9jaSVDMyVCM24lM0MlMkZhJTNFJTNDYnIlM0UlM0NhJTIwaHJlZiUzRCUyMmh0dHBzJTNBJTJGJTJGaW5mb2dyYW0uY29tJTIyJTIwc3R5bGUlM0QlMjJjb2xvciUzQSUyMzk4OTg5OCUyMWltcG9ydGFudCUzQnRleHQtZGVjb3JhdGlvbiUzQW5vbmUlMjFpbXBvcnRhbnQlM0IlMjIlMjB0YXJnZXQlM0QlMjJfYmxhbmslMjIlMjByZWwlM0QlMjJub2ZvbGxvdyUyMiUzRUluZm9ncmFtJTNDJTJGYSUzRSUzQyUyRmRpdiUzRSUwQSUzQyUyRmRpdiUzRQ==[\/vc_raw_html][\/vc_column][\/vc_row][vc_row][vc_column][vc_raw_html]JTNDZGl2JTIwY2xhc3MlM0QlMjJjdXRvbW1hcHNlciUyMiUyMHN0eWxlJTNEJTIybWFyZ2luJTNBJTIwMCUyMGF1dG8lM0IlMjIlMjAlM0UlMEElM0NkaXYlMjBjbGFzcyUzRCUyMmluZm9ncmFtLWVtYmVkJTIyJTIwZGF0YS1pZCUzRCUyMjc3OThlZTI2LTc0NTctNGM5NC05ZmEzLWYwMDYwYmFlNWY2NyUyMiUyMGRhdGEtdHlwZSUzRCUyMmludGVyYWN0aXZlJTIyJTIwZGF0YS10aXRsZSUzRCUyMkZlY2F2ZW0lMjBWTyUyMiUzRSUzQyUyRmRpdiUzRSUzQ3NjcmlwdCUzRSUyMWZ1bmN0aW9uJTI4ZSUyQ2klMkNuJTJDcyUyOSU3QnZhciUyMHQlM0QlMjJJbmZvZ3JhbUVtYmVkcyUyMiUyQ2QlM0RlLmdldEVsZW1lbnRzQnlUYWdOYW1lJTI4JTIyc2NyaXB0JTIyJTI5JTVCMCU1RCUzQmlmJTI4d2luZG93JTVCdCU1RCUyNiUyNndpbmRvdyU1QnQlNUQuaW5pdGlhbGl6ZWQlMjl3aW5kb3clNUJ0JTVELnByb2Nlc3MlMjYlMjZ3aW5kb3clNUJ0JTVELnByb2Nlc3MlMjglMjklM0JlbHNlJTIwaWYlMjglMjFlLmdldEVsZW1lbnRCeUlkJTI4biUyOSUyOSU3QnZhciUyMG8lM0RlLmNyZWF0ZUVsZW1lbnQlMjglMjJzY3JpcHQlMjIlMjklM0JvLmFzeW5jJTNEMSUyQ28uaWQlM0RuJTJDby5zcmMlM0QlMjJodHRwcyUzQSUyRiUyRmUuaW5mb2dyYW0uY29tJTJGanMlMkZkaXN0JTJGZW1iZWQtbG9hZGVyLW1pbi5qcyUyMiUyQ2QucGFyZW50Tm9kZS5pbnNlcnRCZWZvcmUlMjhvJTJDZCUyOSU3RCU3RCUyOGRvY3VtZW50JTJDMCUyQyUyMmluZm9ncmFtLWFzeW5jJTIyJTI5JTNCJTNDJTJGc2NyaXB0JTNFJTNDZGl2JTIwc3R5bGUlM0QlMjJwYWRkaW5nJTNBOHB4JTIwMCUzQmZvbnQtZmFtaWx5JTNBQXJpYWwlMjFpbXBvcnRhbnQlM0Jmb250LXNpemUlM0ExM3B4JTIxaW1wb3J0YW50JTNCbGluZS1oZWlnaHQlM0ExNXB4JTIxaW1wb3J0YW50JTNCdGV4dC1hbGlnbiUzQWNlbnRlciUzQmJvcmRlci10b3AlM0ExcHglMjBzb2xpZCUyMCUyM2RhZGFkYSUzQm1hcmdpbiUzQTAlMjAzMHB4JTIyJTNFJTNDYSUyMGhyZWYlM0QlMjJodHRwcyUzQSUyRiUyRmluZm9ncmFtLmNvbSUyRjc3OThlZTI2LTc0NTctNGM5NC05ZmEzLWYwMDYwYmFlNWY2NyUyMiUyMHN0eWxlJTNEJTIyY29sb3IlM0ElMjM5ODk4OTglMjFpbXBvcnRhbnQlM0J0ZXh0LWRlY29yYXRpb24lM0Fub25lJTIxaW1wb3J0YW50JTNCJTIyJTIwdGFyZ2V0JTNEJTIyX2JsYW5rJTIyJTNFRmVjYXZlbSUyMFZPJTNDJTJGYSUzRSUzQ2JyJTNFJTNDYSUyMGhyZWYlM0QlMjJodHRwcyUzQSUyRiUyRmluZm9ncmFtLmNvbSUyMiUyMHN0eWxlJTNEJTIyY29sb3IlM0ElMjM5ODk4OTglMjFpbXBvcnRhbnQlM0J0ZXh0LWRlY29yYXRpb24lM0Fub25lJTIxaW1wb3J0YW50JTNCJTIyJTIwdGFyZ2V0JTNEJTIyX2JsYW5rJTIyJTIwcmVsJTNEJTIybm9mb2xsb3clMjIlM0VJbmZvZ3JhbSUzQyUyRmElM0UlM0MlMkZkaXYlM0UlMEElM0MlMkZkaXYlM0U=[\/vc_raw_html][\/vc_column][\/vc_row][vc_row disable_element=\u00bbyes\u00bb][vc_column][vc_raw_html]JTNDZGl2JTIwY2xhc3MlM0QlMjJjdXRvbW1hcHNlciUyMiUyMHN0eWxlJTNEJTIybWFyZ2luJTNBJTIwMCUyMGF1dG8lM0IlMjIlMjAlM0UlMEElM0NkaXYlMjBjbGFzcyUzRCUyMmluZm9ncmFtLWVtYmVkJTIyJTIwZGF0YS1pZCUzRCUyMjdjZjE5YTM5LTRhZjctNDk5ZS04ZjEyLWFkZTJmNzc4YzU0YSUyMiUyMGRhdGEtdHlwZSUzRCUyMmludGVyYWN0aXZlJTIyJTIwZGF0YS10aXRsZSUzRCUyMk1vdG9yaXphY2lvbmVzJTIyJTNFJTNDJTJGZGl2JTNFJTNDc2NyaXB0JTNFJTIxZnVuY3Rpb24lMjhlJTJDaSUyQ24lMkNzJTI5JTdCdmFyJTIwdCUzRCUyMkluZm9ncmFtRW1iZWRzJTIyJTJDZCUzRGUuZ2V0RWxlbWVudHNCeVRhZ05hbWUlMjglMjJzY3JpcHQlMjIlMjklNUIwJTVEJTNCaWYlMjh3aW5kb3clNUJ0JTVEJTI2JTI2d2luZG93JTVCdCU1RC5pbml0aWFsaXplZCUyOXdpbmRvdyU1QnQlNUQucHJvY2VzcyUyNiUyNndpbmRvdyU1QnQlNUQucHJvY2VzcyUyOCUyOSUzQmVsc2UlMjBpZiUyOCUyMWUuZ2V0RWxlbWVudEJ5SWQlMjhuJTI5JTI5JTdCdmFyJTIwbyUzRGUuY3JlYXRlRWxlbWVudCUyOCUyMnNjcmlwdCUyMiUyOSUzQm8uYXN5bmMlM0QxJTJDby5pZCUzRG4lMkNvLnNyYyUzRCUyMmh0dHBzJTNBJTJGJTJGZS5pbmZvZ3JhbS5jb20lMkZqcyUyRmRpc3QlMkZlbWJlZC1sb2FkZXItbWluLmpzJTIyJTJDZC5wYXJlbnROb2RlLmluc2VydEJlZm9yZSUyOG8lMkNkJTI5JTdEJTdEJTI4ZG9jdW1lbnQlMkMwJTJDJTIyaW5mb2dyYW0tYXN5bmMlMjIlMjklM0IlM0MlMkZzY3JpcHQlM0UlM0NkaXYlMjBzdHlsZSUzRCUyMnBhZGRpbmclM0E4cHglMjAwJTNCZm9udC1mYW1pbHklM0FBcmlhbCUyMWltcG9ydGFudCUzQmZvbnQtc2l6ZSUzQTEzcHglMjFpbXBvcnRhbnQlM0JsaW5lLWhlaWdodCUzQTE1cHglMjFpbXBvcnRhbnQlM0J0ZXh0LWFsaWduJTNBY2VudGVyJTNCYm9yZGVyLXRvcCUzQTFweCUyMHNvbGlkJTIwJTIzZGFkYWRhJTNCbWFyZ2luJTNBMCUyMDMwcHglMjIlM0UlM0NhJTIwaHJlZiUzRCUyMmh0dHBzJTNBJTJGJTJGaW5mb2dyYW0uY29tJTJGN2NmMTlhMzktNGFmNy00OTllLThmMTItYWRlMmY3NzhjNTRhJTIyJTIwc3R5bGUlM0QlMjJjb2xvciUzQSUyMzk4OTg5OCUyMWltcG9ydGFudCUzQnRleHQtZGVjb3JhdGlvbiUzQW5vbmUlMjFpbXBvcnRhbnQlM0IlMjIlMjB0YXJnZXQlM0QlMjJfYmxhbmslMjIlM0VNb3Rvcml6YWNpb25lcyUzQyUyRmElM0UlM0NiciUzRSUzQ2ElMjBocmVmJTNEJTIyaHR0cHMlM0ElMkYlMkZpbmZvZ3JhbS5jb20lMjIlMjBzdHlsZSUzRCUyMmNvbG9yJTNBJTIzOTg5ODk4JTIxaW1wb3J0YW50JTNCdGV4dC1kZWNvcmF0aW9uJTNBbm9uZSUyMWltcG9ydGFudCUzQiUyMiUyMHRhcmdldCUzRCUyMl9ibGFuayUyMiUyMHJlbCUzRCUyMm5vZm9sbG93JTIyJTNFSW5mb2dyYW0lM0MlMkZhJTNFJTNDJTJGZGl2JTNFJTBBJTNDJTJGZGl2JTNF[\/vc_raw_html][\/vc_column][\/vc_row][\/vc_section]<\/p>\n<\/div>","protected":false},"excerpt":{"rendered":"<p>[vc_section][vc_row][vc_column][\/vc_column][\/vc_row][\/vc_section][vc_section css=\u00bb.vc_custom_1655108533583{margin-top: 5% !important;}\u00bb][vc_row][vc_column][vc_column_text css=\u00bb\u00bb] Despla\u00e7a&#8217;t cap avall\u00a0per veure totes les p\u00e0gines de l&#8217;informe i utilitza les eines de navegaci\u00f3 per moure&#8217;t entre les p\u00e0gines. Desplazate hacia abajo para ver todas las p\u00e1ginas del informe y utiliza las herramientas de navegaci\u00f3n para moverte entre las p\u00e1ginas. [\/vc_column_text][\/vc_column][\/vc_row][vc_row][vc_column][vc_raw_html]JTNDZGl2JTIwY2xhc3MlM0QlMjJjdXRvbW1hcHNlciUyMiUyMHN0eWxlJTNEJTIybWFyZ2luJTNBJTIwMCUyMGF1dG8lM0IlMjIlMjAlM0UlMEElM0NkaXYlMjBjbGFzcyUzRCUyMmluZm9ncmFtLWVtYmVkJTIyJTIwZGF0YS1pZCUzRCUyMjUyNzk0MjBhLTQwNzgtNDkyOS1hNTI4LWQyZTc3OTk4ZjM2MiUyMiUyMGRhdGEtdHlwZSUzRCUyMmludGVyYWN0aXZlJTIyJTIwZGF0YS10aXRsZSUzRCUyMlR1cmlzbW9zJTJDJTIwTW90b2NpY2xldGFzJTJDJTIwQ2ljbG9tb3RvcmVzJTIyJTNFJTNDJTJGZGl2JTNFJTNDc2NyaXB0JTNFJTIxZnVuY3Rpb24lMjhlJTJDaSUyQ24lMkNzJTI5JTdCdmFyJTIwdCUzRCUyMkluZm9ncmFtRW1iZWRzJTIyJTJDZCUzRGUuZ2V0RWxlbWVudHNCeVRhZ05hbWUlMjglMjJzY3JpcHQlMjIlMjklNUIwJTVEJTNCaWYlMjh3aW5kb3clNUJ0JTVEJTI2JTI2d2luZG93JTVCdCU1RC5pbml0aWFsaXplZCUyOXdpbmRvdyU1QnQlNUQucHJvY2VzcyUyNiUyNndpbmRvdyU1QnQlNUQucHJvY2VzcyUyOCUyOSUzQmVsc2UlMjBpZiUyOCUyMWUuZ2V0RWxlbWVudEJ5SWQlMjhuJTI5JTI5JTdCdmFyJTIwbyUzRGUuY3JlYXRlRWxlbWVudCUyOCUyMnNjcmlwdCUyMiUyOSUzQm8uYXN5bmMlM0QxJTJDby5pZCUzRG4lMkNvLnNyYyUzRCUyMmh0dHBzJTNBJTJGJTJGZS5pbmZvZ3JhbS5jb20lMkZqcyUyRmRpc3QlMkZlbWJlZC1sb2FkZXItbWluLmpzJTIyJTJDZC5wYXJlbnROb2RlLmluc2VydEJlZm9yZSUyOG8lMkNkJTI5JTdEJTdEJTI4ZG9jdW1lbnQlMkMwJTJDJTIyaW5mb2dyYW0tYXN5bmMlMjIlMjklM0IlM0MlMkZzY3JpcHQlM0UlM0NkaXYlMjBzdHlsZSUzRCUyMnBhZGRpbmclM0E4cHglMjAwJTNCZm9udC1mYW1pbHklM0FBcmlhbCUyMWltcG9ydGFudCUzQmZvbnQtc2l6ZSUzQTEzcHglMjFpbXBvcnRhbnQlM0JsaW5lLWhlaWdodCUzQTE1cHglMjFpbXBvcnRhbnQlM0J0ZXh0LWFsaWduJTNBY2VudGVyJTNCYm9yZGVyLXRvcCUzQTFweCUyMHNvbGlkJTIwJTIzZGFkYWRhJTNCbWFyZ2luJTNBMCUyMDMwcHglMjIlM0UlM0NhJTIwaHJlZiUzRCUyMmh0dHBzJTNBJTJGJTJGaW5mb2dyYW0uY29tJTJGNTI3OTQyMGEtNDA3OC00OTI5LWE1MjgtZDJlNzc5OThmMzYyJTIyJTIwc3R5bGUlM0QlMjJjb2xvciUzQSUyMzk4OTg5OCUyMWltcG9ydGFudCUzQnRleHQtZGVjb3JhdGlvbiUzQW5vbmUlMjFpbXBvcnRhbnQlM0IlMjIlMjB0YXJnZXQlM0QlMjJfYmxhbmslMjIlM0VUdXJpc21vcyUyQyUyME1vdG9jaWNsZXRhcyUyQyUyMENpY2xvbW90b3JlcyUzQyUyRmElM0UlM0NiciUzRSUzQ2ElMjBocmVmJTNEJTIyaHR0cHMlM0ElMkYlMkZpbmZvZ3JhbS5jb20lMjIlMjBzdHlsZSUzRCUyMmNvbG9yJTNBJTIzOTg5ODk4JTIxaW1wb3J0YW50JTNCdGV4dC1kZWNvcmF0aW9uJTNBbm9uZSUyMWltcG9ydGFudCUzQiUyMiUyMHRhcmdldCUzRCUyMl9ibGFuayUyMiUyMHJlbCUzRCUyMm5vZm9sbG93JTIyJTNFSW5mb2dyYW0lM0MlMkZhJTNFJTNDJTJGZGl2JTNFJTBBJTNDJTJGZGl2JTNF[\/vc_raw_html][\/vc_column][\/vc_row][vc_row disable_element=\u00bbyes\u00bb][vc_column][vc_raw_html]JTNDZGl2JTIwY2xhc3MlM0QlMjJjdXRvbW1hcHNlciUyMiUyMHN0eWxlJTNEJTIybWFyZ2luJTNBJTIwMCUyMGF1dG8lM0IlMjIlMjAlM0UlMEElM0NkaXYlMjBjbGFzcyUzRCUyMmluZm9ncmFtLWVtYmVkJTIyJTIwZGF0YS1pZCUzRCUyMmQxNTE3M2U2LWU1NWMtNDhjMS1hY2M0LWU0N2IyZWQyZDFiNCUyMiUyMGRhdGEtdHlwZSUzRCUyMmludGVyYWN0aXZlJTIyJTIwZGF0YS10aXRsZSUzRCUyMk1lcmNhZG8lMjBhdXRvbW9jaSVDMyVCM24lMjIlM0UlM0MlMkZkaXYlM0UlM0NzY3JpcHQlM0UlMjFmdW5jdGlvbiUyOGUlMkNpJTJDbiUyQ3MlMjklN0J2YXIlMjB0JTNEJTIySW5mb2dyYW1FbWJlZHMlMjIlMkNkJTNEZS5nZXRFbGVtZW50c0J5VGFnTmFtZSUyOCUyMnNjcmlwdCUyMiUyOSU1QjAlNUQlM0JpZiUyOHdpbmRvdyU1QnQlNUQlMjYlMjZ3aW5kb3clNUJ0JTVELmluaXRpYWxpemVkJTI5d2luZG93JTVCdCU1RC5wcm9jZXNzJTI2JTI2d2luZG93JTVCdCU1RC5wcm9jZXNzJTI4JTI5JTNCZWxzZSUyMGlmJTI4JTIxZS5nZXRFbGVtZW50QnlJZCUyOG4lMjklMjklN0J2YXIlMjBvJTNEZS5jcmVhdGVFbGVtZW50JTI4JTIyc2NyaXB0JTIyJTI5JTNCby5hc3luYyUzRDElMkNvLmlkJTNEbiUyQ28uc3JjJTNEJTIyaHR0cHMlM0ElMkYlMkZlLmluZm9ncmFtLmNvbSUyRmpzJTJGZGlzdCUyRmVtYmVkLWxvYWRlci1taW4uanMlMjIlMkNkLnBhcmVudE5vZGUuaW5zZXJ0QmVmb3JlJTI4byUyQ2QlMjklN0QlN0QlMjhkb2N1bWVudCUyQzAlMkMlMjJpbmZvZ3JhbS1hc3luYyUyMiUyOSUzQiUzQyUyRnNjcmlwdCUzRSUzQ2RpdiUyMHN0eWxlJTNEJTIycGFkZGluZyUzQThweCUyMDAlM0Jmb250LWZhbWlseSUzQUFyaWFsJTIxaW1wb3J0YW50JTNCZm9udC1zaXplJTNBMTNweCUyMWltcG9ydGFudCUzQmxpbmUtaGVpZ2h0JTNBMTVweCUyMWltcG9ydGFudCUzQnRleHQtYWxpZ24lM0FjZW50ZXIlM0Jib3JkZXItdG9wJTNBMXB4JTIwc29saWQlMjAlMjNkYWRhZGElM0JtYXJnaW4lM0EwJTIwMzBweCUyMiUzRSUzQ2ElMjBocmVmJTNEJTIyaHR0cHMlM0ElMkYlMkZpbmZvZ3JhbS5jb20lMkZkMTUxNzNlNi1lNTVjLTQ4YzEtYWNjNC1lNDdiMmVkMmQxYjQlMjIlMjBzdHlsZSUzRCUyMmNvbG9yJTNBJTIzOTg5ODk4JTIxaW1wb3J0YW50JTNCdGV4dC1kZWNvcmF0aW9uJTNBbm9uZSUyMWltcG9ydGFudCUzQiUyMiUyMHRhcmdldCUzRCUyMl9ibGFuayUyMiUzRU1lcmNhZG8lMjBhdXRvbW9jaSVDMyVCM24lM0MlMkZhJTNFJTNDYnIlM0UlM0NhJTIwaHJlZiUzRCUyMmh0dHBzJTNBJTJGJTJGaW5mb2dyYW0uY29tJTIyJTIwc3R5bGUlM0QlMjJjb2xvciUzQSUyMzk4OTg5OCUyMWltcG9ydGFudCUzQnRleHQtZGVjb3JhdGlvbiUzQW5vbmUlMjFpbXBvcnRhbnQlM0IlMjIlMjB0YXJnZXQlM0QlMjJfYmxhbmslMjIlMjByZWwlM0QlMjJub2ZvbGxvdyUyMiUzRUluZm9ncmFtJTNDJTJGYSUzRSUzQyUyRmRpdiUzRSUwQSUzQyUyRmRpdiUzRQ==[\/vc_raw_html][\/vc_column][\/vc_row][vc_row][vc_column][vc_raw_html]JTNDZGl2JTIwY2xhc3MlM0QlMjJjdXRvbW1hcHNlciUyMiUyMHN0eWxlJTNEJTIybWFyZ2luJTNBJTIwMCUyMGF1dG8lM0IlMjIlMjAlM0UlMEElM0NkaXYlMjBjbGFzcyUzRCUyMmluZm9ncmFtLWVtYmVkJTIyJTIwZGF0YS1pZCUzRCUyMjc3OThlZTI2LTc0NTctNGM5NC05ZmEzLWYwMDYwYmFlNWY2NyUyMiUyMGRhdGEtdHlwZSUzRCUyMmludGVyYWN0aXZlJTIyJTIwZGF0YS10aXRsZSUzRCUyMkZlY2F2ZW0lMjBWTyUyMiUzRSUzQyUyRmRpdiUzRSUzQ3NjcmlwdCUzRSUyMWZ1bmN0aW9uJTI4ZSUyQ2klMkNuJTJDcyUyOSU3QnZhciUyMHQlM0QlMjJJbmZvZ3JhbUVtYmVkcyUyMiUyQ2QlM0RlLmdldEVsZW1lbnRzQnlUYWdOYW1lJTI4JTIyc2NyaXB0JTIyJTI5JTVCMCU1RCUzQmlmJTI4d2luZG93JTVCdCU1RCUyNiUyNndpbmRvdyU1QnQlNUQuaW5pdGlhbGl6ZWQlMjl3aW5kb3clNUJ0JTVELnByb2Nlc3MlMjYlMjZ3aW5kb3clNUJ0JTVELnByb2Nlc3MlMjglMjklM0JlbHNlJTIwaWYlMjglMjFlLmdldEVsZW1lbnRCeUlkJTI4biUyOSUyOSU3QnZhciUyMG8lM0RlLmNyZWF0ZUVsZW1lbnQlMjglMjJzY3JpcHQlMjIlMjklM0JvLmFzeW5jJTNEMSUyQ28uaWQlM0RuJTJDby5zcmMlM0QlMjJodHRwcyUzQSUyRiUyRmUuaW5mb2dyYW0uY29tJTJGanMlMkZkaXN0JTJGZW1iZWQtbG9hZGVyLW1pbi5qcyUyMiUyQ2QucGFyZW50Tm9kZS5pbnNlcnRCZWZvcmUlMjhvJTJDZCUyOSU3RCU3RCUyOGRvY3VtZW50JTJDMCUyQyUyMmluZm9ncmFtLWFzeW5jJTIyJTI5JTNCJTNDJTJGc2NyaXB0JTNFJTNDZGl2JTIwc3R5bGUlM0QlMjJwYWRkaW5nJTNBOHB4JTIwMCUzQmZvbnQtZmFtaWx5JTNBQXJpYWwlMjFpbXBvcnRhbnQlM0Jmb250LXNpemUlM0ExM3B4JTIxaW1wb3J0YW50JTNCbGluZS1oZWlnaHQlM0ExNXB4JTIxaW1wb3J0YW50JTNCdGV4dC1hbGlnbiUzQWNlbnRlciUzQmJvcmRlci10b3AlM0ExcHglMjBzb2xpZCUyMCUyM2RhZGFkYSUzQm1hcmdpbiUzQTAlMjAzMHB4JTIyJTNFJTNDYSUyMGhyZWYlM0QlMjJodHRwcyUzQSUyRiUyRmluZm9ncmFtLmNvbSUyRjc3OThlZTI2LTc0NTctNGM5NC05ZmEzLWYwMDYwYmFlNWY2NyUyMiUyMHN0eWxlJTNEJTIyY29sb3IlM0ElMjM5ODk4OTglMjFpbXBvcnRhbnQlM0J0ZXh0LWRlY29yYXRpb24lM0Fub25lJTIxaW1wb3J0YW50JTNCJTIyJTIwdGFyZ2V0JTNEJTIyX2JsYW5rJTIyJTNFRmVjYXZlbSUyMFZPJTNDJTJGYSUzRSUzQ2JyJTNFJTNDYSUyMGhyZWYlM0QlMjJodHRwcyUzQSUyRiUyRmluZm9ncmFtLmNvbSUyMiUyMHN0eWxlJTNEJTIyY29sb3IlM0ElMjM5ODk4OTglMjFpbXBvcnRhbnQlM0J0ZXh0LWRlY29yYXRpb24lM0Fub25lJTIxaW1wb3J0YW50JTNCJTIyJTIwdGFyZ2V0JTNEJTIyX2JsYW5rJTIyJTIwcmVsJTNEJTIybm9mb2xsb3clMjIlM0VJbmZvZ3JhbSUzQyUyRmElM0UlM0MlMkZkaXYlM0UlMEElM0MlMkZkaXYlM0U=[\/vc_raw_html][\/vc_column][\/vc_row][vc_row disable_element=\u00bbyes\u00bb][vc_column][vc_raw_html]JTNDZGl2JTIwY2xhc3MlM0QlMjJjdXRvbW1hcHNlciUyMiUyMHN0eWxlJTNEJTIybWFyZ2luJTNBJTIwMCUyMGF1dG8lM0IlMjIlMjAlM0UlMEElM0NkaXYlMjBjbGFzcyUzRCUyMmluZm9ncmFtLWVtYmVkJTIyJTIwZGF0YS1pZCUzRCUyMjdjZjE5YTM5LTRhZjctNDk5ZS04ZjEyLWFkZTJmNzc4YzU0YSUyMiUyMGRhdGEtdHlwZSUzRCUyMmludGVyYWN0aXZlJTIyJTIwZGF0YS10aXRsZSUzRCUyMk1vdG9yaXphY2lvbmVzJTIyJTNFJTNDJTJGZGl2JTNFJTNDc2NyaXB0JTNFJTIxZnVuY3Rpb24lMjhlJTJDaSUyQ24lMkNzJTI5JTdCdmFyJTIwdCUzRCUyMkluZm9ncmFtRW1iZWRzJTIyJTJDZCUzRGUuZ2V0RWxlbWVudHNCeVRhZ05hbWUlMjglMjJzY3JpcHQlMjIlMjklNUIwJTVEJTNCaWYlMjh3aW5kb3clNUJ0JTVEJTI2JTI2d2luZG93JTVCdCU1RC5pbml0aWFsaXplZCUyOXdpbmRvdyU1QnQlNUQucHJvY2VzcyUyNiUyNndpbmRvdyU1QnQlNUQucHJvY2VzcyUyOCUyOSUzQmVsc2UlMjBpZiUyOCUyMWUuZ2V0RWxlbWVudEJ5SWQlMjhuJTI5JTI5JTdCdmFyJTIwbyUzRGUuY3JlYXRlRWxlbWVudCUyOCUyMnNjcmlwdCUyMiUyOSUzQm8uYXN5bmMlM0QxJTJDby5pZCUzRG4lMkNvLnNyYyUzRCUyMmh0dHBzJTNBJTJGJTJGZS5pbmZvZ3JhbS5jb20lMkZqcyUyRmRpc3QlMkZlbWJlZC1sb2FkZXItbWluLmpzJTIyJTJDZC5wYXJlbnROb2RlLmluc2VydEJlZm9yZSUyOG8lMkNkJTI5JTdEJTdEJTI4ZG9jdW1lbnQlMkMwJTJDJTIyaW5mb2dyYW0tYXN5bmMlMjIlMjklM0IlM0MlMkZzY3JpcHQlM0UlM0NkaXYlMjBzdHlsZSUzRCUyMnBhZGRpbmclM0E4cHglMjAwJTNCZm9udC1mYW1pbHklM0FBcmlhbCUyMWltcG9ydGFudCUzQmZvbnQtc2l6ZSUzQTEzcHglMjFpbXBvcnRhbnQlM0JsaW5lLWhlaWdodCUzQTE1cHglMjFpbXBvcnRhbnQlM0J0ZXh0LWFsaWduJTNBY2VudGVyJTNCYm9yZGVyLXRvcCUzQTFweCUyMHNvbGlkJTIwJTIzZGFkYWRhJTNCbWFyZ2luJTNBMCUyMDMwcHglMjIlM0UlM0NhJTIwaHJlZiUzRCUyMmh0dHBzJTNBJTJGJTJGaW5mb2dyYW0uY29tJTJGN2NmMTlhMzktNGFmNy00OTllLThmMTItYWRlMmY3NzhjNTRhJTIyJTIwc3R5bGUlM0QlMjJjb2xvciUzQSUyMzk4OTg5OCUyMWltcG9ydGFudCUzQnRleHQtZGVjb3JhdGlvbiUzQW5vbmUlMjFpbXBvcnRhbnQlM0IlMjIlMjB0YXJnZXQlM0QlMjJfYmxhbmslMjIlM0VNb3Rvcml6YWNpb25lcyUzQyUyRmElM0UlM0NiciUzRSUzQ2ElMjBocmVmJTNEJTIyaHR0cHMlM0ElMkYlMkZpbmZvZ3JhbS5jb20lMjIlMjBzdHlsZSUzRCUyMmNvbG9yJTNBJTIzOTg5ODk4JTIxaW1wb3J0YW50JTNCdGV4dC1kZWNvcmF0aW9uJTNBbm9uZSUyMWltcG9ydGFudCUzQiUyMiUyMHRhcmdldCUzRCUyMl9ibGFuayUyMiUyMHJlbCUzRCUyMm5vZm9sbG93JTIyJTNFSW5mb2dyYW0lM0MlMkZhJTNFJTNDJTJGZGl2JTNFJTBBJTNDJTJGZGl2JTNF[\/vc_raw_html][\/vc_column][\/vc_row][\/vc_section]<\/p>\n","protected":false},"author":2,"featured_media":0,"parent":5236,"menu_order":0,"comment_status":"closed","ping_status":"closed","template":"","meta":{"footnotes":"","_links_to":"","_links_to_target":""},"class_list":["post-5198","page","type-page","status-publish","hentry"],"_links":{"self":[{"href":"https:\/\/fecavem.com\/es\/wp-json\/wp\/v2\/pages\/5198","targetHints":{"allow":["GET"]}}],"collection":[{"href":"https:\/\/fecavem.com\/es\/wp-json\/wp\/v2\/pages"}],"about":[{"href":"https:\/\/fecavem.com\/es\/wp-json\/wp\/v2\/types\/page"}],"author":[{"embeddable":true,"href":"https:\/\/fecavem.com\/es\/wp-json\/wp\/v2\/users\/2"}],"replies":[{"embeddable":true,"href":"https:\/\/fecavem.com\/es\/wp-json\/wp\/v2\/comments?post=5198"}],"version-history":[{"count":7,"href":"https:\/\/fecavem.com\/es\/wp-json\/wp\/v2\/pages\/5198\/revisions"}],"predecessor-version":[{"id":16866,"href":"https:\/\/fecavem.com\/es\/wp-json\/wp\/v2\/pages\/5198\/revisions\/16866"}],"up":[{"embeddable":true,"href":"https:\/\/fecavem.com\/es\/wp-json\/wp\/v2\/pages\/5236"}],"wp:attachment":[{"href":"https:\/\/fecavem.com\/es\/wp-json\/wp\/v2\/media?parent=5198"}],"curies":[{"name":"wp","href":"https:\/\/api.w.org\/{rel}","templated":true}]}}