{"id":5201,"date":"2020-09-30T10:45:04","date_gmt":"2020-09-30T10:45:04","guid":{"rendered":"https:\/\/fecavem.com\/qui-som\/"},"modified":"2026-02-25T10:18:05","modified_gmt":"2026-02-25T10:18:05","slug":"quienes-somos","status":"publish","type":"page","link":"https:\/\/fecavem.com\/es\/quienes-somos\/","title":{"rendered":"Qui\u00e9nes somos"},"content":{"rendered":"<div class=\"wpb-content-wrapper\"><p>[vc_section][vc_row][vc_column]\n\t\t\t<!-- START Qui Som REVOLUTION SLIDER 6.7.12 --><p class=\"rs-p-wp-fix\"><\/p>\n\t\t\t<rs-module-wrap id=\"rev_slider_13_1_wrapper\" data-source=\"gallery\" style=\"visibility:hidden;background:transparent;padding:0;margin:0px auto;margin-top:0;margin-bottom:0;\">\n\t\t\t\t<rs-module id=\"rev_slider_13_1\" style=\"\" data-version=\"6.7.12\">\n\t\t\t\t\t<rs-slides style=\"overflow: hidden; position: absolute;\">\n\t\t\t\t\t\t<rs-slide style=\"position: absolute;\" data-key=\"rs-38\" data-title=\"Slide\" data-anim=\"adpr:false;\" data-in=\"o:0;\" data-out=\"a:false;\">\n\t\t\t\t\t\t\t<img decoding=\"async\" src=\"\/\/fecavem.com\/wp-content\/plugins\/revslider\/sr6\/assets\/assets\/dummy.png\" alt=\"Slide\" title=\"Qui\u00e9nes somos\" class=\"rev-slidebg tp-rs-img rs-lazyload\" data-lazyload=\"\/\/fecavem.com\/wp-content\/plugins\/revslider\/sr6\/assets\/assets\/transparent.png\" data-bg=\"c:#efefef;\" data-no-retina>\n<!--\n\t\t\t\t\t\t\t--><rs-layer\n\t\t\t\t\t\t\t\tid=\"slider-13-slide-38-layer-0\" \n\t\t\t\t\t\t\t\tdata-type=\"text\"\n\t\t\t\t\t\t\t\tdata-color=\"#9b9b9b\"\n\t\t\t\t\t\t\t\tdata-rsp_ch=\"on\"\n\t\t\t\t\t\t\t\tdata-xy=\"x:c;y:c;\"\n\t\t\t\t\t\t\t\tdata-text=\"w:normal;s:42;l:64;fw:600;\"\n\t\t\t\t\t\t\t\tdata-frame_999=\"o:0;st:w;\"\n\t\t\t\t\t\t\t\tstyle=\"z-index:5;font-family:'Work Sans';\"\n\t\t\t\t\t\t\t>QUI SOM \n\t\t\t\t\t\t\t<\/rs-layer><!--\n-->\t\t\t\t\t<\/rs-slide>\n\t\t\t\t\t<\/rs-slides>\n\t\t\t\t<\/rs-module>\n\t\t\t\t<script>\n\t\t\t\t\tsetREVStartSize({c: 'rev_slider_13_1',rl:[1240,1024,778,480],el:[140],gw:[1240],gh:[140],type:'standard',justify:'',layout:'fullwidth',mh:\"0\"});if (window.RS_MODULES!==undefined && window.RS_MODULES.modules!==undefined && window.RS_MODULES.modules[\"revslider131\"]!==undefined) {window.RS_MODULES.modules[\"revslider131\"].once = false;window.revapi13 = undefined;if (window.RS_MODULES.checkMinimal!==undefined) window.RS_MODULES.checkMinimal()}\n\t\t\t\t<\/script>\n\t\t\t<\/rs-module-wrap>\n\t\t\t<!-- END REVOLUTION SLIDER -->\n[\/vc_column][\/vc_row][\/vc_section][vc_section el_class=\u00bbclassSpace\u00bb][vc_row full_width=\u00bbstretch_row_content\u00bb el_class=\u00bbbloquetertyp\u00bb][vc_column width=\u00bb1\/6&#8243; offset=\u00bbvc_hidden-sm vc_hidden-xs\u00bb align=\u00bbtext-lg-center text-md-center text-sm-center text-xs-center\u00bb][\/vc_column][vc_column width=\u00bb2\/3&#8243; align=\u00bbtext-lg-center text-md-center text-sm-center text-xs-center\u00bb][vc_column_text css=\u00bb\u00bb el_class=\u00bbclasstextpage\u00bb]<\/p>\n<p style=\"text-align: left;\"><span style=\"color: #012853; font-size: 14px;\">Somos <strong>Fecavem<\/strong>, la <strong>Patronal Catalana de la Distribuci\u00f3 d&#8217;Automoci\u00f3<\/strong> que re\u00fane las cuatro provincias de Catalunya: el <strong>Gremi del Motor de Barcelona<\/strong>, <strong>Corve Girona<\/strong>, <strong>Astave Tarragona<\/strong> y la <strong>Associaci\u00f3 Provincial d&#8217;Empreses d&#8217;Automoci\u00f3 de Lleida<\/strong>.<\/span><\/p>\n<p style=\"text-align: left;\"><span style=\"color: #012853; font-size: 14px;\">Desde <strong>Fecavem<\/strong>, representamos a los comerciantes dedicados a la venta de veh\u00edculos en todo el territorio catal\u00e1n y somos un organismo interprovincial. Su presidente es el se\u00f1or <strong>Jaume Roura<\/strong>, tambi\u00e9n presidente del Gremi del Motor y UPM, Uni\u00f3n Patronal Metal\u00fargica.<\/span><\/p>\n<p style=\"text-align: left;\"><span style=\"color: #012853; font-size: 14px;\">Nuestra Patronal naci\u00f3 en 1984 y su funci\u00f3n es la de <strong>representar y velar por los intereses del empresariado catal\u00e1n de la automoci\u00f3n<\/strong>. Tenemos hilo directo con los organismos e instituciones p\u00fablicas y privadas y somos la voz representativa medi\u00e1ticamente. Pero tambi\u00e9n colaboramos con los representantes de otras instituciones como <strong>UPM<\/strong>, <strong>Fomento del Trabajo Nacional<\/strong>, el <strong>Consejo de Gremios<\/strong>, <strong>Fira de Barcelona<\/strong> y <strong>C\u00e1mara de Comercio<\/strong>, entre otros. Obviamente, tambi\u00e9n con <strong>Faconauto<\/strong>, la patronal espa\u00f1ola de concesionarios de la automoci\u00f3n y <strong>Ganvam<\/strong>, la patronal espa\u00f1ola de los comerciantes de veh\u00edculos a motor, con los que trabajamos conjuntamente.<\/span><\/p>\n<p style=\"text-align: left;\"><span style=\"color: #012853; font-size: 14px;\">Si eres o quieres ser un afiliado, debes saber que cuentas con nuestra representaci\u00f3n, asesoramiento y defensa de los leg\u00edtimos intereses en tu profesi\u00f3n. Y velaremos por que te sientas representado ante la administraci\u00f3n: en el \u00e1mbito municipal y de los ayuntamientos, el Gobierno de la Generalitat y el Gobierno de Espa\u00f1a. Somos el interlocutor v\u00e1lido y calificado para ello. \u00a1Te animamos a que digas la tuya, porque queremos seguir creciendo! <\/span><\/p>\n<p>[\/vc_column_text][\/vc_column][vc_column width=\u00bb1\/6&#8243;][\/vc_column][\/vc_row][\/vc_section][vc_section full_width=\u00bbstretch_row\u00bb css=\u00bb.vc_custom_1601621789655{background-color: #f9f9f9 !important;}\u00bb el_class=\u00bbclassSpace\u00bb][vc_row][vc_column][vc_custom_heading text=\u00bbOBJETIVOS DE FECAVEM\u00bb font_container=\u00bbtag:h2|font_size:21|text_align:center|color:%23012853&#8243; google_fonts=\u00bbfont_family:Work%20Sans%3Aregular|font_style:700%20Bold%20Regular%3A700%3Anormal\u00bb css=\u00bb.vc_custom_1657700507226{padding-bottom: 3% !important;}\u00bb][\/vc_column][\/vc_row][vc_row][vc_column width=\u00bb1\/3&#8243;]<style>.ra_icon_box_69e4eb36f27b6 .contents p{color:#012853;}<\/style>\n<div class=\"icon-box ra_icon_box_69e4eb36f27b6 vc_custom_1657647479784\"  id=\"ra_icon_box_69e4eb36f27b6\">\n\n\t\t<span class=\"icon-container\"><img decoding=\"async\" src=\"https:\/\/fecavem.com\/wp-content\/uploads\/2020\/09\/quisomicons-10.png\" alt=\"\" \/><\/span>\n\t\n\t<div class=\"contents\">\n\t\t\t\t<h3><\/h3>\t\t<p><span style=\"font-size: 14px\">Representaci\u00f3n, asesoramiento y defensa de los leg\u00edtimos intereses de sus afiliados, en el ejercicio de su profesi\u00f3n.<\/span><\/p>\n\t\t\t\t\n\t<\/div>\n<\/div>\n[\/vc_column][vc_column width=\u00bb1\/3&#8243;]<style>.ra_icon_box_69e4eb36f2f33 .contents p{color:#012853;}<\/style>\n<div class=\"icon-box ra_icon_box_69e4eb36f2f33 vc_custom_1657647489401\"  id=\"ra_icon_box_69e4eb36f2f33\">\n\n\t\t<span class=\"icon-container\"><img decoding=\"async\" src=\"https:\/\/fecavem.com\/wp-content\/uploads\/2020\/09\/quisomicons-11.png\" alt=\"\" \/><\/span>\n\t\n\t<div class=\"contents\">\n\t\t\t\t<h3><\/h3>\t\t<p><span style=\"font-size: 14px\">Colaboramos y trabajamos conjuntamente con la administraci\u00f3n para velar por nuestros intereses. Siempre situamos al socio y socia por delante de todo.<\/span><\/p>\n\t\t\t\t\n\t<\/div>\n<\/div>\n[\/vc_column][vc_column width=\u00bb1\/3&#8243;]<style>.ra_icon_box_69e4eb36f3419 .contents p{color:#012853;}<\/style>\n<div class=\"icon-box ra_icon_box_69e4eb36f3419 vc_custom_1657647498184\"  id=\"ra_icon_box_69e4eb36f3419\">\n\n\t\t<span class=\"icon-container\"><img decoding=\"async\" src=\"https:\/\/fecavem.com\/wp-content\/uploads\/2020\/09\/quisomicons-12.png\" alt=\"\" \/><\/span>\n\t\n\t<div class=\"contents\">\n\t\t\t\t<h3><\/h3>\t\t<p><span style=\"font-size: 14px\">Participaci\u00f3n y voz en todos los puntos de decisi\u00f3n. Tambi\u00e9n coordinamos charlas, debates, formaci\u00f3n y actualizamos toda la agenda de debate en torno a nuestro sector.<\/span><\/p>\n\t\t\t\t\n\t<\/div>\n<\/div>\n[\/vc_column][\/vc_row][\/vc_section][vc_section][vc_row][vc_column][vc_custom_heading text=\u00bbASOCIACIONES QUE INTEGRAN FECAVEM\u00bb font_container=\u00bbtag:h2|font_size:21|text_align:center|color:%23012853&#8243; google_fonts=\u00bbfont_family:Work%20Sans%3Aregular|font_style:700%20Bold%20Regular%3A700%3Anormal\u00bb][\/vc_column][\/vc_row][vc_row equal_height=\u00bbyes\u00bb content_placement=\u00bbbottom\u00bb][vc_column width=\u00bb1\/4&#8243; enable_responsive_options=\u00bbyes\u00bb bg_position=\u00bbcenter center\u00bb align=\u00bbtext-sm-center text-xs-center\u00bb offset=\u00bbvc_hidden-sm vc_hidden-xs\u00bb][vc_raw_html]PGEgaHJlZj0iaHR0cDovL3d3dy5ncmVtaWRlbG1vdG9yLm9yZy8iIHRhcmdldD0iX2JsYW5rIj4=[\/vc_raw_html][vc_single_image image=\u00bb6180&#8243; alignment=\u00bbcenter\u00bb][vc_column_text]<\/p>\n<p style=\"text-align: center;\"><strong><span style=\"font-family: arial, helvetica, sans-serif;\">Barcelona<\/span><\/strong><\/p>\n<p>[\/vc_column_text][vc_column_text]<\/p>\n<p style=\"text-align: center;\">T. 93415.06.95<br \/>\ninfo@gremidelmotor.org<\/p>\n<p>[\/vc_column_text][vc_raw_html]PC9hPg==[\/vc_raw_html][\/vc_column][vc_column width=\u00bb1\/4&#8243; align=\u00bbtext-sm-center text-xs-center\u00bb offset=\u00bbvc_hidden-sm vc_hidden-xs\u00bb][vc_raw_html]PGEgaHJlZj0iaHR0cDovL3d3dy5hc3RhdmUub3JnLyIgdGFyZ2V0PSJfYmxhbmsiPg==[\/vc_raw_html][vc_single_image image=\u00bb6182&#8243; alignment=\u00bbcenter\u00bb][vc_column_text]<\/p>\n<p style=\"text-align: center;\"><strong><span style=\"font-family: arial, helvetica, sans-serif;\">Tarragona<\/span><\/strong><\/p>\n<p>[\/vc_column_text][vc_column_text]<\/p>\n<p style=\"text-align: center;\">T. 977.21.15.96<br \/>\nastave@astave.org<\/p>\n<p>[\/vc_column_text][vc_raw_html]PC9hPg==[\/vc_raw_html][\/vc_column][vc_column width=\u00bb1\/4&#8243; align=\u00bbtext-sm-center text-xs-center\u00bb offset=\u00bbvc_hidden-sm vc_hidden-xs\u00bb][vc_raw_html]PGEgaHJlZj0iaHR0cDovL3d3dy5hdXRvbW9jaW8uY2F0LyIgdGFyZ2V0PSJfYmxhbmsiPg==[\/vc_raw_html][vc_single_image image=\u00bb6186&#8243; alignment=\u00bbcenter\u00bb][vc_column_text]<\/p>\n<p style=\"text-align: center;\"><strong><span style=\"font-family: arial, helvetica, sans-serif;\">Lleida<\/span><\/strong><\/p>\n<p>[\/vc_column_text][vc_column_text]<\/p>\n<p style=\"text-align: center;\">T. 973.281.820<br \/>\nautomocio@automocio.cat<\/p>\n<p>[\/vc_column_text][vc_raw_html]PC9hPg==[\/vc_raw_html][\/vc_column][vc_column width=\u00bb1\/4&#8243; align=\u00bbtext-sm-center text-xs-center\u00bb offset=\u00bbvc_hidden-sm vc_hidden-xs\u00bb][vc_raw_html]PGEgaHJlZj0iaHR0cHM6Ly9jb3J2ZS5vcmcvIiB0YXJnZXQ9Il9ibGFuayI+[\/vc_raw_html][vc_single_image image=\u00bb18364&#8243; alignment=\u00bbcenter\u00bb css=\u00bb\u00bb][vc_column_text]<\/p>\n<p style=\"text-align: center;\"><strong><span style=\"font-family: arial, helvetica, sans-serif;\">Girona<\/span><\/strong><\/p>\n<p>[\/vc_column_text][vc_column_text]<\/p>\n<p style=\"text-align: center;\">T. 972.21.08.92<br \/>\ninfo@corve.org<\/p>\n<p>[\/vc_column_text][vc_raw_html]PC9hPg==[\/vc_raw_html][\/vc_column][\/vc_row][vc_row full_width=\u00bbstretch_row_content\u00bb content_placement=\u00bbmiddle\u00bb][vc_column offset=\u00bbvc_hidden-lg vc_hidden-md\u00bb align=\u00bbtext-sm-center text-xs-center\u00bb][vc_images_carousel images=\u00bb6180,6182,6186,6188,19354&#8243; img_size=\u00bbfull\u00bb onclick=\u00bbcustom_link\u00bb custom_links_target=\u00bb_blank\u00bb speed=\u00bb3000&#8243; slides_per_view=\u00bb2&#8243; autoplay=\u00bbyes\u00bb hide_pagination_control=\u00bbyes\u00bb hide_prev_next_buttons=\u00bbyes\u00bb wrap=\u00bbyes\u00bb css=\u00bb\u00bb custom_links=\u00bb#E-8_aHR0cHMlM0ElMkYlMkZ3d3cuZ3JlbWlkZWxtb3Rvci5vcmclMkYlMkNodHRwcyUzQSUyRiUyRnd3dy5hc3RhdmUub3JnJTJGJTJDaHR0cHMlM0ElMkYlMkZ3d3cuYXV0b21vY2lvLmNhdCUyRiUyQ2h0dHBzJTNBJTJGJTJGZ3JlbWltb3Rvci5jb20lMkNodHRwcyUzQSUyRiUyRnd3dy5ncmVtaW1vYmlsaXRhdC5jYXQlMkYlMkM=\u00bb][\/vc_column][\/vc_row][\/vc_section][vc_section][vc_row][vc_column][vc_custom_heading text=\u00bbACTIVIDADES DE FECAVEM\u00bb font_container=\u00bbtag:h2|font_size:21|text_align:center|color:%23012853&#8243; google_fonts=\u00bbfont_family:Work%20Sans%3Aregular|font_style:700%20Bold%20Regular%3A700%3Anormal\u00bb][vc_custom_heading text=\u00bbLas actividades que Fecavem desarrolla por las Asociaciones que la integran son las siguientes:\u00bb font_container=\u00bbtag:p|font_size:14|text_align:left|color:%23012853&#8243; google_fonts=\u00bbfont_family:Work%20Sans%3Aregular|font_style:600%20Semi-Bold%20Regular%3A600%3Anormal\u00bb][\/vc_column][\/vc_row][vc_row equal_height=\u00bbyes\u00bb enable_responsive_options=\u00bbyes\u00bb css=\u00bb.vc_custom_1604058085963{padding-top: 3% !important;padding-bottom: 3% !important;}\u00bb responsive_css=\u00bbpadding_top_desktop:3|padding_bottom_desktop:3|padding_top_tablet:2|padding_bottom_tablet:2|padding_top_mobile:1|padding_bottom_mobile:1&#8243;][vc_column width=\u00bb1\/2&#8243; offset=\u00bbvc_hidden-sm vc_hidden-xs\u00bb][vc_single_image image=\u00bb4565&#8243; img_size=\u00bb\u00bb alignment=\u00bbcenter\u00bb][\/vc_column][vc_column width=\u00bb1\/2&#8243;]<style>.ra_icon_box_69e4eb36f38e3 .icon-container{color:#00ced8;font-size:25px;}.ra_icon_box_69e4eb36f38e3:hover .icon-container{color:#00ced8;}.ra_icon_box_69e4eb36f38e3 .contents p{color:#012853;font-size:19px;}<\/style>\n<div class=\"icon-box icon-box-ci icon-box-side iconsbloquetsecond ra_icon_box_69e4eb36f38e3 vc_custom_1657647535831\"  id=\"ra_icon_box_69e4eb36f38e3\">\n\n\t\t<span class=\"icon-container\"><i class=\"fas fa-check-circle\"><\/i><\/span>\n\t\n\t<div class=\"contents\">\n\t\t\t\t<h3><\/h3>\t\t<p><span style=\"font-size: 14px\">Representaci\u00f3n institucional frente a las administraciones p\u00fablicas: locales, auton\u00f3micas y estatales. Representaci\u00f3n frente a otras asociaciones de \u00e1mbito catal\u00e1n, a nivel estatal e internacional. Coordinaci\u00f3n con otras asociaciones afines a la actividad.<\/span><\/p>\n\t\t\t\t\n\t<\/div>\n<\/div>\n<style>.ra_icon_box_69e4eb36f3b68 .icon-container{color:#00ced8;font-size:25px;}.ra_icon_box_69e4eb36f3b68:hover .icon-container{color:#00ced8;}.ra_icon_box_69e4eb36f3b68 .contents p{color:#012853;font-size:19px;}<\/style>\n<div class=\"icon-box icon-box-ci icon-box-side iconsbloquetsecond ra_icon_box_69e4eb36f3b68 vc_custom_1657647546054\"  id=\"ra_icon_box_69e4eb36f3b68\">\n\n\t\t<span class=\"icon-container\"><i class=\"fas fa-check-circle\"><\/i><\/span>\n\t\n\t<div class=\"contents\">\n\t\t\t\t<h3><\/h3>\t\t<div id=\"gmail-ra_icon_box_5fa055a89766e\" class=\"gmail-icon-box gmail-icon-box-ci gmail-icon-box-side gmail-iconsbloquetsecond gmail-ra_icon_box_5fa055a89766e gmail-vc_custom_1604063208426\">\n<div class=\"gmail-contents\">\n<p><span style=\"font-size: 14px\">Participaci\u00f3n en proyectos de \u00e1mbito estatal e internacional<\/span><\/p>\n<\/div>\n<\/div>\n\t\t\t\t\n\t<\/div>\n<\/div>\n<style>.ra_icon_box_69e4eb36f3e23 .icon-container{color:#00ced8;font-size:25px;}.ra_icon_box_69e4eb36f3e23:hover .icon-container{color:#00ced8;}.ra_icon_box_69e4eb36f3e23 .contents p{color:#012853;font-size:19px;}<\/style>\n<div class=\"icon-box icon-box-ci icon-box-side iconsbloquetsecond ra_icon_box_69e4eb36f3e23 vc_custom_1657647557386\"  id=\"ra_icon_box_69e4eb36f3e23\">\n\n\t\t<span class=\"icon-container\"><i class=\"fas fa-check-circle\"><\/i><\/span>\n\t\n\t<div class=\"contents\">\n\t\t\t\t<h3><\/h3>\t\t<div id=\"gmail-ra_icon_box_5fa055a89766e\" class=\"gmail-icon-box gmail-icon-box-ci gmail-icon-box-side gmail-iconsbloquetsecond gmail-ra_icon_box_5fa055a89766e gmail-vc_custom_1604063208426\">\n<div class=\"gmail-contents\">\n<p><span class=\"gmail-icon-container\" style=\"font-size: 14px\">Organizaci\u00f3n de congresos y jornadas<\/span><\/p>\n<\/div>\n<\/div>\n\t\t\t\t\n\t<\/div>\n<\/div>\n<style>.ra_icon_box_69e4eb36f40e3 .icon-container{color:#00ced8;font-size:25px;}.ra_icon_box_69e4eb36f40e3:hover .icon-container{color:#00ced8;}.ra_icon_box_69e4eb36f40e3 .contents p{color:#012853;font-size:19px;}<\/style>\n<div class=\"icon-box icon-box-ci icon-box-side iconsbloquetsecond ra_icon_box_69e4eb36f40e3 vc_custom_1657647569316\"  id=\"ra_icon_box_69e4eb36f40e3\">\n\n\t\t<span class=\"icon-container\"><i class=\"fas fa-check-circle\"><\/i><\/span>\n\t\n\t<div class=\"contents\">\n\t\t\t\t<h3><\/h3>\t\t<p><span class=\"gmail-icon-container\" style=\"font-size: 14px\">Publicaciones de boletines de inter\u00e9s general por las asociaciones que la integran y sus agremiados.<\/span><\/p>\n\t\t\t\t\n\t<\/div>\n<\/div>\n[vc_empty_space height=\u00bb20px\u00bb][\/vc_column][\/vc_row][\/vc_section]<\/p>\n<\/div>","protected":false},"excerpt":{"rendered":"<p>[vc_section][vc_row][vc_column][\/vc_column][\/vc_row][\/vc_section][vc_section el_class=\u00bbclassSpace\u00bb][vc_row full_width=\u00bbstretch_row_content\u00bb el_class=\u00bbbloquetertyp\u00bb][vc_column width=\u00bb1\/6&#8243; offset=\u00bbvc_hidden-sm vc_hidden-xs\u00bb align=\u00bbtext-lg-center text-md-center text-sm-center text-xs-center\u00bb][\/vc_column][vc_column width=\u00bb2\/3&#8243; align=\u00bbtext-lg-center text-md-center text-sm-center text-xs-center\u00bb][vc_column_text css=\u00bb\u00bb el_class=\u00bbclasstextpage\u00bb] Somos Fecavem, la Patronal Catalana de la Distribuci\u00f3 d&#8217;Automoci\u00f3 que re\u00fane las cuatro provincias de Catalunya: el Gremi del Motor de Barcelona, Corve Girona, Astave Tarragona y la Associaci\u00f3 Provincial d&#8217;Empreses d&#8217;Automoci\u00f3 de Lleida. Desde Fecavem, representamos [&#8230;]<\/p>\n","protected":false},"author":2,"featured_media":0,"parent":0,"menu_order":0,"comment_status":"closed","ping_status":"closed","template":"","meta":{"footnotes":"","_links_to":"","_links_to_target":""},"class_list":["post-5201","page","type-page","status-publish","hentry"],"_links":{"self":[{"href":"https:\/\/fecavem.com\/es\/wp-json\/wp\/v2\/pages\/5201","targetHints":{"allow":["GET"]}}],"collection":[{"href":"https:\/\/fecavem.com\/es\/wp-json\/wp\/v2\/pages"}],"about":[{"href":"https:\/\/fecavem.com\/es\/wp-json\/wp\/v2\/types\/page"}],"author":[{"embeddable":true,"href":"https:\/\/fecavem.com\/es\/wp-json\/wp\/v2\/users\/2"}],"replies":[{"embeddable":true,"href":"https:\/\/fecavem.com\/es\/wp-json\/wp\/v2\/comments?post=5201"}],"version-history":[{"count":12,"href":"https:\/\/fecavem.com\/es\/wp-json\/wp\/v2\/pages\/5201\/revisions"}],"predecessor-version":[{"id":19570,"href":"https:\/\/fecavem.com\/es\/wp-json\/wp\/v2\/pages\/5201\/revisions\/19570"}],"wp:attachment":[{"href":"https:\/\/fecavem.com\/es\/wp-json\/wp\/v2\/media?parent=5201"}],"curies":[{"name":"wp","href":"https:\/\/api.w.org\/{rel}","templated":true}]}}