{"id":5236,"date":"2020-10-05T11:40:53","date_gmt":"2020-10-05T11:40:53","guid":{"rendered":"https:\/\/fecavem.com\/prensa\/"},"modified":"2022-07-07T14:36:43","modified_gmt":"2022-07-07T14:36:43","slug":"prensa","status":"publish","type":"page","link":"https:\/\/fecavem.com\/es\/prensa\/","title":{"rendered":"Prensa"},"content":{"rendered":"<div class=\"wpb-content-wrapper\"><p>[vc_section][vc_row][vc_column width=\u00bb1\/12&#8243;][\/vc_column][vc_column width=\u00bb5\/6&#8243;]<div class=\"blog-posts 1601898039373-83520c10-ade1 classic-image-featured-alt\"><div class=\"row\"><div class=\"col-md-6 col-sm-6\"><article id=\"post-19927\" class=\"blog-post post-image-large-alt post-19927 post type-post status-publish format-standard has-post-thumbnail hentry category-jaume-roura-es\"><figure class=\"post-image hmedia\">\n\n\t<a href=\"https:\/\/fecavem.com\/es\/mayo-2026-alerta-normativas-llegan-francia-situacion-laboral-sufrimos\/\">\n\t\t<a class=\"entry-link\" href=\"https:\/\/fecavem.com\/es\/mayo-2026-alerta-normativas-llegan-francia-situacion-laboral-sufrimos\/\"><\/a><figure><img loading=\"lazy\" decoding=\"async\" width=\"360\" height=\"220\" src=\"https:\/\/fecavem.com\/wp-content\/uploads\/2026\/05\/baja-laboral-360x220-30x18.jpg\" class=\"attachment-rella-featured-blog size-rella-featured-blog progressive__img progressive--not-loaded\" alt=\"Mayo 2026 | \u00abAlerta con las normativas que llegan de Francia y la situaci\u00f3n laboral que sufrimos\u00bb\" data-rjs=\"https:\/\/fecavem.com\/wp-content\/uploads\/2026\/05\/baja-laboral-720x440.jpg\" srcset=\"\" data-progressive=\"https:\/\/fecavem.com\/wp-content\/uploads\/2026\/05\/baja-laboral-360x220.jpg\" \/><\/figure>\t<\/a>\n\t<div class=\"categories\">\n\t\t\t\t<span class=\"trending\">\n\t\t\t<svg xmlns=\"http:\/\/www.w3.org\/2000\/svg\" width=\"16\" height=\"10\" viewBox=\"0 0 16 10\">\n\t\t\t  <polygon fill-rule=\"evenodd\" points=\"104.988 9.2 109.488 9.2 109.488 13.7 107.76 11.972 103.062 16.688 100.074 13.7 95.574 18.2 94.512 17.138 100.074 11.594 103.062 14.582 106.716 10.928\" transform=\"translate(-94 -9)\"\/>\n\t\t\t<\/svg>\n\t\t<\/span>\n\t<\/div>\n\n<\/figure><!-- \/.main-image -->\n<div class=\"post-contents\">\n\n\t<header>\n\n\t\t<h2 class=\"entry-title\"><a href=\"https:\/\/fecavem.com\/es\/mayo-2026-alerta-normativas-llegan-francia-situacion-laboral-sufrimos\/\" rel=\"bookmark\">Mayo 2026 | \u00abAlerta con las normativas que llegan de Francia y la situaci\u00f3n laboral que sufrimos\u00bb<\/a><\/h2>\t\t<div class=\"post-info\">\n\t\t<span class=\"author vcard\"><span class=\"screen-reader-text\">Author <\/span><a class=\"url fn n\" href=\"https:\/\/fecavem.com\/es\/author\/mediatic-mc\/\">Fecavem<\/a><\/span><span><time class=\"published updated\" datetime=\"2026-05-04T01:01:41+00:00\">4 de mayo de 2026<\/time><\/span>\t\t<\/div><!-- \/.post-info -->\n\n\t<\/header>\n\n<\/div><!-- \/.contents -->\n<\/article><\/div><div class=\"col-md-6 col-sm-6\"><article id=\"post-19915\" class=\"blog-post post-image-large-alt post-19915 post type-post status-publish format-standard has-post-thumbnail hentry category-gremi-del-motor-es\"><figure class=\"post-image hmedia\">\n\n\t<a href=\"https:\/\/fecavem.com\/es\/joan-casanovas-drivim-catalanes-pagamos-impuestos-iniciativa-ayudar-venta-automovil\/\">\n\t\t<a class=\"entry-link\" href=\"https:\/\/fecavem.com\/es\/joan-casanovas-drivim-catalanes-pagamos-impuestos-iniciativa-ayudar-venta-automovil\/\"><\/a><figure><img loading=\"lazy\" decoding=\"async\" width=\"360\" height=\"220\" src=\"https:\/\/fecavem.com\/wp-content\/uploads\/2026\/05\/WhatsApp-Image-2026-04-30-at-16.27.50-360x220-30x18.jpeg\" class=\"attachment-rella-featured-blog size-rella-featured-blog progressive__img progressive--not-loaded\" alt=\"Joan Casanovas, Drivim: \u00abLos catalanes pagamos m\u00e1s impuestos que nadie y no hay ni una iniciativa propia para ayudar a la venta del autom\u00f3vil\u00bb\" data-rjs=\"https:\/\/fecavem.com\/wp-content\/uploads\/2026\/05\/WhatsApp-Image-2026-04-30-at-16.27.50-720x440.jpeg\" srcset=\"\" data-progressive=\"https:\/\/fecavem.com\/wp-content\/uploads\/2026\/05\/WhatsApp-Image-2026-04-30-at-16.27.50-360x220.jpeg\" \/><\/figure>\t<\/a>\n\t<div class=\"categories\">\n\t\t\t\t<span class=\"trending\">\n\t\t\t<svg xmlns=\"http:\/\/www.w3.org\/2000\/svg\" width=\"16\" height=\"10\" viewBox=\"0 0 16 10\">\n\t\t\t  <polygon fill-rule=\"evenodd\" points=\"104.988 9.2 109.488 9.2 109.488 13.7 107.76 11.972 103.062 16.688 100.074 13.7 95.574 18.2 94.512 17.138 100.074 11.594 103.062 14.582 106.716 10.928\" transform=\"translate(-94 -9)\"\/>\n\t\t\t<\/svg>\n\t\t<\/span>\n\t<\/div>\n\n<\/figure><!-- \/.main-image -->\n<div class=\"post-contents\">\n\n\t<header>\n\n\t\t<h2 class=\"entry-title\"><a href=\"https:\/\/fecavem.com\/es\/joan-casanovas-drivim-catalanes-pagamos-impuestos-iniciativa-ayudar-venta-automovil\/\" rel=\"bookmark\">Joan Casanovas, Drivim: \u00abLos catalanes pagamos m\u00e1s impuestos que nadie y no hay ni una iniciativa propia para ayudar a la venta del autom\u00f3vil\u00bb<\/a><\/h2>\t\t<div class=\"post-info\">\n\t\t<span class=\"author vcard\"><span class=\"screen-reader-text\">Author <\/span><a class=\"url fn n\" href=\"https:\/\/fecavem.com\/es\/author\/mediatic-mc\/\">Fecavem<\/a><\/span><span><time class=\"published updated\" datetime=\"2026-05-04T00:45:23+00:00\">4 de mayo de 2026<\/time><\/span>\t\t<\/div><!-- \/.post-info -->\n\n\t<\/header>\n\n<\/div><!-- \/.contents -->\n<\/article><\/div><div class=\"col-md-6 col-sm-6\"><article id=\"post-19903\" class=\"blog-post post-image-large-alt post-19903 post type-post status-publish format-standard has-post-thumbnail hentry category-movilidad\"><figure class=\"post-image hmedia\">\n\n\t<a href=\"https:\/\/fecavem.com\/es\/40-iese-auto-mobility-on-campus-inscribete-ahora\/\">\n\t\t<a class=\"entry-link\" href=\"https:\/\/fecavem.com\/es\/40-iese-auto-mobility-on-campus-inscribete-ahora\/\"><\/a><figure><img loading=\"lazy\" decoding=\"async\" width=\"360\" height=\"220\" src=\"https:\/\/fecavem.com\/wp-content\/uploads\/2026\/05\/unnamed-2-360x220-30x18.jpg\" class=\"attachment-rella-featured-blog size-rella-featured-blog progressive__img progressive--not-loaded\" alt=\"40\u00a0IESE\u00a0AUTO MOBILITY ON CAMPUS, \u00a1inscr\u00edbete ahora!\" data-rjs=\"https:\/\/fecavem.com\/wp-content\/uploads\/2026\/05\/unnamed-2-720x363.jpg\" srcset=\"\" data-progressive=\"https:\/\/fecavem.com\/wp-content\/uploads\/2026\/05\/unnamed-2-360x220.jpg\" \/><\/figure>\t<\/a>\n\t<div class=\"categories\">\n\t\t\t\t<span class=\"trending\">\n\t\t\t<svg xmlns=\"http:\/\/www.w3.org\/2000\/svg\" width=\"16\" height=\"10\" viewBox=\"0 0 16 10\">\n\t\t\t  <polygon fill-rule=\"evenodd\" points=\"104.988 9.2 109.488 9.2 109.488 13.7 107.76 11.972 103.062 16.688 100.074 13.7 95.574 18.2 94.512 17.138 100.074 11.594 103.062 14.582 106.716 10.928\" transform=\"translate(-94 -9)\"\/>\n\t\t\t<\/svg>\n\t\t<\/span>\n\t<\/div>\n\n<\/figure><!-- \/.main-image -->\n<div class=\"post-contents\">\n\n\t<header>\n\n\t\t<h2 class=\"entry-title\"><a href=\"https:\/\/fecavem.com\/es\/40-iese-auto-mobility-on-campus-inscribete-ahora\/\" rel=\"bookmark\">40\u00a0IESE\u00a0AUTO MOBILITY ON CAMPUS, \u00a1inscr\u00edbete ahora!<\/a><\/h2>\t\t<div class=\"post-info\">\n\t\t<span class=\"author vcard\"><span class=\"screen-reader-text\">Author <\/span><a class=\"url fn n\" href=\"https:\/\/fecavem.com\/es\/author\/mediatic-mc\/\">Fecavem<\/a><\/span><span><time class=\"published updated\" datetime=\"2026-05-04T00:23:55+00:00\">4 de mayo de 2026<\/time><\/span>\t\t<\/div><!-- \/.post-info -->\n\n\t<\/header>\n\n<\/div><!-- \/.contents -->\n<\/article><\/div><div class=\"col-md-6 col-sm-6\"><article id=\"post-19896\" class=\"blog-post post-image-large-alt post-19896 post type-post status-publish format-standard has-post-thumbnail hentry category-govern-es\"><figure class=\"post-image hmedia\">\n\n\t<a href=\"https:\/\/fecavem.com\/es\/detienen-hombre-centenares-carteles-ilegales-venta-coches-multa\/\">\n\t\t<a class=\"entry-link\" href=\"https:\/\/fecavem.com\/es\/detienen-hombre-centenares-carteles-ilegales-venta-coches-multa\/\"><\/a><figure><img loading=\"lazy\" decoding=\"async\" width=\"360\" height=\"220\" src=\"https:\/\/fecavem.com\/wp-content\/uploads\/2026\/05\/cartells-que-anava-a-distribuir-la-persona-denunciada_11_1280x644-360x220-30x18.jpeg\" class=\"attachment-rella-featured-blog size-rella-featured-blog progressive__img progressive--not-loaded\" alt=\"Detienen a un hombre con centenares de carteles ilegales de venta de coches: pagar\u00e1 una multa considerable\" data-rjs=\"https:\/\/fecavem.com\/wp-content\/uploads\/2026\/05\/cartells-que-anava-a-distribuir-la-persona-denunciada_11_1280x644-720x440.jpeg\" srcset=\"\" data-progressive=\"https:\/\/fecavem.com\/wp-content\/uploads\/2026\/05\/cartells-que-anava-a-distribuir-la-persona-denunciada_11_1280x644-360x220.jpeg\" \/><\/figure>\t<\/a>\n\t<div class=\"categories\">\n\t\t\t\t<span class=\"trending\">\n\t\t\t<svg xmlns=\"http:\/\/www.w3.org\/2000\/svg\" width=\"16\" height=\"10\" viewBox=\"0 0 16 10\">\n\t\t\t  <polygon fill-rule=\"evenodd\" points=\"104.988 9.2 109.488 9.2 109.488 13.7 107.76 11.972 103.062 16.688 100.074 13.7 95.574 18.2 94.512 17.138 100.074 11.594 103.062 14.582 106.716 10.928\" transform=\"translate(-94 -9)\"\/>\n\t\t\t<\/svg>\n\t\t<\/span>\n\t<\/div>\n\n<\/figure><!-- \/.main-image -->\n<div class=\"post-contents\">\n\n\t<header>\n\n\t\t<h2 class=\"entry-title\"><a href=\"https:\/\/fecavem.com\/es\/detienen-hombre-centenares-carteles-ilegales-venta-coches-multa\/\" rel=\"bookmark\">Detienen a un hombre con centenares de carteles ilegales de venta de coches: pagar\u00e1 una multa considerable<\/a><\/h2>\t\t<div class=\"post-info\">\n\t\t<span class=\"author vcard\"><span class=\"screen-reader-text\">Author <\/span><a class=\"url fn n\" href=\"https:\/\/fecavem.com\/es\/author\/mediatic-mc\/\">Fecavem<\/a><\/span><span><time class=\"published updated\" datetime=\"2026-05-04T00:19:20+00:00\">4 de mayo de 2026<\/time><\/span>\t\t<\/div><!-- \/.post-info -->\n\n\t<\/header>\n\n<\/div><!-- \/.contents -->\n<\/article><\/div><div class=\"col-md-6 col-sm-6\"><article id=\"post-19890\" class=\"blog-post post-image-large-alt post-19890 post type-post status-publish format-standard has-post-thumbnail hentry category-salon-ocasion\"><figure class=\"post-image hmedia\">\n\n\t<a href=\"https:\/\/fecavem.com\/es\/salon-ocasion-punto-encuentro-imprescindible-vehiculo-ocasion-catalunya\/\">\n\t\t<a class=\"entry-link\" href=\"https:\/\/fecavem.com\/es\/salon-ocasion-punto-encuentro-imprescindible-vehiculo-ocasion-catalunya\/\"><\/a><figure><img loading=\"lazy\" decoding=\"async\" width=\"360\" height=\"220\" src=\"https:\/\/fecavem.com\/wp-content\/uploads\/2025\/12\/DSC_0494-scaled-360x220-30x18.jpg\" class=\"attachment-rella-featured-blog size-rella-featured-blog progressive__img progressive--not-loaded\" alt=\"Sal\u00f3n Ocasi\u00f3: el punto de encuentro imprescindible del veh\u00edculo de ocasi\u00f3n en Catalunya\" data-rjs=\"https:\/\/fecavem.com\/wp-content\/uploads\/2025\/12\/DSC_0494-scaled-720x440.jpg\" srcset=\"\" data-progressive=\"https:\/\/fecavem.com\/wp-content\/uploads\/2025\/12\/DSC_0494-scaled-360x220.jpg\" \/><\/figure>\t<\/a>\n\t<div class=\"categories\">\n\t\t\t\t<span class=\"trending\">\n\t\t\t<svg xmlns=\"http:\/\/www.w3.org\/2000\/svg\" width=\"16\" height=\"10\" viewBox=\"0 0 16 10\">\n\t\t\t  <polygon fill-rule=\"evenodd\" points=\"104.988 9.2 109.488 9.2 109.488 13.7 107.76 11.972 103.062 16.688 100.074 13.7 95.574 18.2 94.512 17.138 100.074 11.594 103.062 14.582 106.716 10.928\" transform=\"translate(-94 -9)\"\/>\n\t\t\t<\/svg>\n\t\t<\/span>\n\t<\/div>\n\n<\/figure><!-- \/.main-image -->\n<div class=\"post-contents\">\n\n\t<header>\n\n\t\t<h2 class=\"entry-title\"><a href=\"https:\/\/fecavem.com\/es\/salon-ocasion-punto-encuentro-imprescindible-vehiculo-ocasion-catalunya\/\" rel=\"bookmark\">Sal\u00f3n Ocasi\u00f3: el punto de encuentro imprescindible del veh\u00edculo de ocasi\u00f3n en Catalunya<\/a><\/h2>\t\t<div class=\"post-info\">\n\t\t<span class=\"author vcard\"><span class=\"screen-reader-text\">Author <\/span><a class=\"url fn n\" href=\"https:\/\/fecavem.com\/es\/author\/mediatic-mc\/\">Fecavem<\/a><\/span><span><time class=\"published updated\" datetime=\"2026-05-04T00:12:49+00:00\">4 de mayo de 2026<\/time><\/span>\t\t<\/div><!-- \/.post-info -->\n\n\t<\/header>\n\n<\/div><!-- \/.contents -->\n<\/article><\/div><div class=\"col-md-6 col-sm-6\"><article id=\"post-19885\" class=\"blog-post post-image-large-alt post-19885 post type-post status-publish format-standard has-post-thumbnail hentry category-gobierno-es\"><figure class=\"post-image hmedia\">\n\n\t<a href=\"https:\/\/fecavem.com\/es\/necesidades-laborales-sector-automocion-punto-mira\/\">\n\t\t<a class=\"entry-link\" href=\"https:\/\/fecavem.com\/es\/necesidades-laborales-sector-automocion-punto-mira\/\"><\/a><figure><img loading=\"lazy\" decoding=\"async\" width=\"360\" height=\"220\" src=\"https:\/\/fecavem.com\/wp-content\/uploads\/2026\/05\/680x452_reunion-ceoe-alianza-360x220-30x18.jpg\" class=\"attachment-rella-featured-blog size-rella-featured-blog progressive__img progressive--not-loaded\" alt=\"Las necesidades laborales del sector de la automoci\u00f3n, en el punto de mira\" data-rjs=\"https:\/\/fecavem.com\/wp-content\/uploads\/2026\/05\/680x452_reunion-ceoe-alianza-680x440.jpg\" srcset=\"\" data-progressive=\"https:\/\/fecavem.com\/wp-content\/uploads\/2026\/05\/680x452_reunion-ceoe-alianza-360x220.jpg\" \/><\/figure>\t<\/a>\n\t<div class=\"categories\">\n\t\t\t\t<span class=\"trending\">\n\t\t\t<svg xmlns=\"http:\/\/www.w3.org\/2000\/svg\" width=\"16\" height=\"10\" viewBox=\"0 0 16 10\">\n\t\t\t  <polygon fill-rule=\"evenodd\" points=\"104.988 9.2 109.488 9.2 109.488 13.7 107.76 11.972 103.062 16.688 100.074 13.7 95.574 18.2 94.512 17.138 100.074 11.594 103.062 14.582 106.716 10.928\" transform=\"translate(-94 -9)\"\/>\n\t\t\t<\/svg>\n\t\t<\/span>\n\t<\/div>\n\n<\/figure><!-- \/.main-image -->\n<div class=\"post-contents\">\n\n\t<header>\n\n\t\t<h2 class=\"entry-title\"><a href=\"https:\/\/fecavem.com\/es\/necesidades-laborales-sector-automocion-punto-mira\/\" rel=\"bookmark\">Las necesidades laborales del sector de la automoci\u00f3n, en el punto de mira<\/a><\/h2>\t\t<div class=\"post-info\">\n\t\t<span class=\"author vcard\"><span class=\"screen-reader-text\">Author <\/span><a class=\"url fn n\" href=\"https:\/\/fecavem.com\/es\/author\/mediatic-mc\/\">Fecavem<\/a><\/span><span><time class=\"published updated\" datetime=\"2026-05-04T00:08:19+00:00\">4 de mayo de 2026<\/time><\/span>\t\t<\/div><!-- \/.post-info -->\n\n\t<\/header>\n\n<\/div><!-- \/.contents -->\n<\/article><\/div><div class=\"col-md-6 col-sm-6\"><article id=\"post-19878\" class=\"blog-post post-image-large-alt post-19878 post type-post status-publish format-standard has-post-thumbnail hentry category-amb-es\"><figure class=\"post-image hmedia\">\n\n\t<a href=\"https:\/\/fecavem.com\/es\/planificadores-urbanisticos-proponen-reducir-vehiculo-privado-mitad-siglo\/\">\n\t\t<a class=\"entry-link\" href=\"https:\/\/fecavem.com\/es\/planificadores-urbanisticos-proponen-reducir-vehiculo-privado-mitad-siglo\/\"><\/a><figure><img loading=\"lazy\" decoding=\"async\" width=\"360\" height=\"200\" src=\"https:\/\/fecavem.com\/wp-content\/uploads\/2026\/05\/ViaLaietana3-360x200-30x17.jpg\" class=\"attachment-rella-featured-blog size-rella-featured-blog progressive__img progressive--not-loaded\" alt=\"Los planificadores urban\u00edsticos proponen reducir un 50% el veh\u00edculo privado a mitad de siglo\" data-rjs=\"https:\/\/fecavem.com\/wp-content\/uploads\/2026\/05\/ViaLaietana3.jpg\" srcset=\"\" data-progressive=\"https:\/\/fecavem.com\/wp-content\/uploads\/2026\/05\/ViaLaietana3-360x200.jpg\" \/><\/figure>\t<\/a>\n\t<div class=\"categories\">\n\t\t\t\t<span class=\"trending\">\n\t\t\t<svg xmlns=\"http:\/\/www.w3.org\/2000\/svg\" width=\"16\" height=\"10\" viewBox=\"0 0 16 10\">\n\t\t\t  <polygon fill-rule=\"evenodd\" points=\"104.988 9.2 109.488 9.2 109.488 13.7 107.76 11.972 103.062 16.688 100.074 13.7 95.574 18.2 94.512 17.138 100.074 11.594 103.062 14.582 106.716 10.928\" transform=\"translate(-94 -9)\"\/>\n\t\t\t<\/svg>\n\t\t<\/span>\n\t<\/div>\n\n<\/figure><!-- \/.main-image -->\n<div class=\"post-contents\">\n\n\t<header>\n\n\t\t<h2 class=\"entry-title\"><a href=\"https:\/\/fecavem.com\/es\/planificadores-urbanisticos-proponen-reducir-vehiculo-privado-mitad-siglo\/\" rel=\"bookmark\">Los planificadores urban\u00edsticos proponen reducir un 50% el veh\u00edculo privado a mitad de siglo<\/a><\/h2>\t\t<div class=\"post-info\">\n\t\t<span class=\"author vcard\"><span class=\"screen-reader-text\">Author <\/span><a class=\"url fn n\" href=\"https:\/\/fecavem.com\/es\/author\/mediatic-mc\/\">Fecavem<\/a><\/span><span><time class=\"published updated\" datetime=\"2026-05-04T00:02:25+00:00\">4 de mayo de 2026<\/time><\/span>\t\t<\/div><!-- \/.post-info -->\n\n\t<\/header>\n\n<\/div><!-- \/.contents -->\n<\/article><\/div><div class=\"col-md-6 col-sm-6\"><article id=\"post-19870\" class=\"blog-post post-image-large-alt post-19870 post type-post status-publish format-standard has-post-thumbnail hentry category-barcelona-es\"><figure class=\"post-image hmedia\">\n\n\t<a href=\"https:\/\/fecavem.com\/es\/ajuntament-barcelona-ayuda-600-euros-ciclomotores-electricos\/\">\n\t\t<a class=\"entry-link\" href=\"https:\/\/fecavem.com\/es\/ajuntament-barcelona-ayuda-600-euros-ciclomotores-electricos\/\"><\/a><figure><img loading=\"lazy\" decoding=\"async\" width=\"360\" height=\"220\" src=\"https:\/\/fecavem.com\/wp-content\/uploads\/2026\/05\/ciclomotors-360x220-30x18.jpg\" class=\"attachment-rella-featured-blog size-rella-featured-blog progressive__img progressive--not-loaded\" alt=\"El Ajuntament de Barcelona ayuda con 600\u20ac a los compradores de ciclomotores el\u00e9ctricos\" data-rjs=\"https:\/\/fecavem.com\/wp-content\/uploads\/2026\/05\/ciclomotors-720x440.jpg\" srcset=\"\" data-progressive=\"https:\/\/fecavem.com\/wp-content\/uploads\/2026\/05\/ciclomotors-360x220.jpg\" \/><\/figure>\t<\/a>\n\t<div class=\"categories\">\n\t\t\t\t<span class=\"trending\">\n\t\t\t<svg xmlns=\"http:\/\/www.w3.org\/2000\/svg\" width=\"16\" height=\"10\" viewBox=\"0 0 16 10\">\n\t\t\t  <polygon fill-rule=\"evenodd\" points=\"104.988 9.2 109.488 9.2 109.488 13.7 107.76 11.972 103.062 16.688 100.074 13.7 95.574 18.2 94.512 17.138 100.074 11.594 103.062 14.582 106.716 10.928\" transform=\"translate(-94 -9)\"\/>\n\t\t\t<\/svg>\n\t\t<\/span>\n\t<\/div>\n\n<\/figure><!-- \/.main-image -->\n<div class=\"post-contents\">\n\n\t<header>\n\n\t\t<h2 class=\"entry-title\"><a href=\"https:\/\/fecavem.com\/es\/ajuntament-barcelona-ayuda-600-euros-ciclomotores-electricos\/\" rel=\"bookmark\">El Ajuntament de Barcelona ayuda con 600\u20ac a los compradores de ciclomotores el\u00e9ctricos<\/a><\/h2>\t\t<div class=\"post-info\">\n\t\t<span class=\"author vcard\"><span class=\"screen-reader-text\">Author <\/span><a class=\"url fn n\" href=\"https:\/\/fecavem.com\/es\/author\/mediatic-mc\/\">Fecavem<\/a><\/span><span><time class=\"published updated\" datetime=\"2026-05-03T23:56:47+00:00\">3 de mayo de 2026<\/time><\/span>\t\t<\/div><!-- \/.post-info -->\n\n\t<\/header>\n\n<\/div><!-- \/.contents -->\n<\/article><\/div><div class=\"col-md-6 col-sm-6\"><article id=\"post-19864\" class=\"blog-post post-image-large-alt post-19864 post type-post status-publish format-standard has-post-thumbnail hentry category-joan-blancafort-es\"><figure class=\"post-image hmedia\">\n\n\t<a href=\"https:\/\/fecavem.com\/es\/planificar-realismo-por-joan-blancafort\/\">\n\t\t<a class=\"entry-link\" href=\"https:\/\/fecavem.com\/es\/planificar-realismo-por-joan-blancafort\/\"><\/a><figure><img loading=\"lazy\" decoding=\"async\" width=\"360\" height=\"220\" src=\"https:\/\/fecavem.com\/wp-content\/uploads\/2026\/05\/PDUM-360x220-30x18.jpg\" class=\"attachment-rella-featured-blog size-rella-featured-blog progressive__img progressive--not-loaded\" alt=\"Planificar con realismo, por Joan Blancafort\" data-rjs=\"https:\/\/fecavem.com\/wp-content\/uploads\/2026\/05\/PDUM-720x440.jpg\" srcset=\"\" data-progressive=\"https:\/\/fecavem.com\/wp-content\/uploads\/2026\/05\/PDUM-360x220.jpg\" \/><\/figure>\t<\/a>\n\t<div class=\"categories\">\n\t\t\t\t<span class=\"trending\">\n\t\t\t<svg xmlns=\"http:\/\/www.w3.org\/2000\/svg\" width=\"16\" height=\"10\" viewBox=\"0 0 16 10\">\n\t\t\t  <polygon fill-rule=\"evenodd\" points=\"104.988 9.2 109.488 9.2 109.488 13.7 107.76 11.972 103.062 16.688 100.074 13.7 95.574 18.2 94.512 17.138 100.074 11.594 103.062 14.582 106.716 10.928\" transform=\"translate(-94 -9)\"\/>\n\t\t\t<\/svg>\n\t\t<\/span>\n\t<\/div>\n\n<\/figure><!-- \/.main-image -->\n<div class=\"post-contents\">\n\n\t<header>\n\n\t\t<h2 class=\"entry-title\"><a href=\"https:\/\/fecavem.com\/es\/planificar-realismo-por-joan-blancafort\/\" rel=\"bookmark\">Planificar con realismo, por Joan Blancafort<\/a><\/h2>\t\t<div class=\"post-info\">\n\t\t<span class=\"author vcard\"><span class=\"screen-reader-text\">Author <\/span><a class=\"url fn n\" href=\"https:\/\/fecavem.com\/es\/author\/mediatic-mc\/\">Fecavem<\/a><\/span><span><time class=\"published updated\" datetime=\"2026-05-03T23:52:42+00:00\">3 de mayo de 2026<\/time><\/span>\t\t<\/div><!-- \/.post-info -->\n\n\t<\/header>\n\n<\/div><!-- \/.contents -->\n<\/article><\/div><div class=\"col-md-6 col-sm-6\"><article id=\"post-19818\" class=\"blog-post post-image-large-alt post-19818 post type-post status-publish format-standard has-post-thumbnail hentry category-movilidad\"><figure class=\"post-image hmedia\">\n\n\t<a href=\"https:\/\/fecavem.com\/es\/fecavem-asiste-congreso-faconauto-2026\/\">\n\t\t<a class=\"entry-link\" href=\"https:\/\/fecavem.com\/es\/fecavem-asiste-congreso-faconauto-2026\/\"><\/a><figure><img loading=\"lazy\" decoding=\"async\" width=\"360\" height=\"220\" src=\"https:\/\/fecavem.com\/wp-content\/uploads\/2026\/04\/faconauto1-360x220-30x18.jpg\" class=\"attachment-rella-featured-blog size-rella-featured-blog progressive__img progressive--not-loaded\" alt=\"Fecavem asiste al Congreso Faconauto 2026\" data-rjs=\"https:\/\/fecavem.com\/wp-content\/uploads\/2026\/04\/faconauto1-720x440.jpg\" srcset=\"\" data-progressive=\"https:\/\/fecavem.com\/wp-content\/uploads\/2026\/04\/faconauto1-360x220.jpg\" \/><\/figure>\t<\/a>\n\t<div class=\"categories\">\n\t\t\t\t<span class=\"trending\">\n\t\t\t<svg xmlns=\"http:\/\/www.w3.org\/2000\/svg\" width=\"16\" height=\"10\" viewBox=\"0 0 16 10\">\n\t\t\t  <polygon fill-rule=\"evenodd\" points=\"104.988 9.2 109.488 9.2 109.488 13.7 107.76 11.972 103.062 16.688 100.074 13.7 95.574 18.2 94.512 17.138 100.074 11.594 103.062 14.582 106.716 10.928\" transform=\"translate(-94 -9)\"\/>\n\t\t\t<\/svg>\n\t\t<\/span>\n\t<\/div>\n\n<\/figure><!-- \/.main-image -->\n<div class=\"post-contents\">\n\n\t<header>\n\n\t\t<h2 class=\"entry-title\"><a href=\"https:\/\/fecavem.com\/es\/fecavem-asiste-congreso-faconauto-2026\/\" rel=\"bookmark\">Fecavem asiste al Congreso Faconauto 2026<\/a><\/h2>\t\t<div class=\"post-info\">\n\t\t<span class=\"author vcard\"><span class=\"screen-reader-text\">Author <\/span><a class=\"url fn n\" href=\"https:\/\/fecavem.com\/es\/author\/mediatic-mc\/\">Fecavem<\/a><\/span><span><time class=\"published updated\" datetime=\"2026-04-05T16:14:32+00:00\">5 de abril de 2026<\/time><\/span>\t\t<\/div><!-- \/.post-info -->\n\n\t<\/header>\n\n<\/div><!-- \/.contents -->\n<\/article><\/div><\/div><\/div>[\/vc_column][vc_column width=\u00bb1\/12&#8243;][\/vc_column][\/vc_row][\/vc_section]<\/p>\n<\/div>","protected":false},"excerpt":{"rendered":"<p>[vc_section][vc_row][vc_column width=\u00bb1\/12&#8243;][\/vc_column][vc_column width=\u00bb5\/6&#8243;][\/vc_column][vc_column width=\u00bb1\/12&#8243;][\/vc_column][\/vc_row][\/vc_section]<\/p>\n","protected":false},"author":2,"featured_media":0,"parent":0,"menu_order":0,"comment_status":"closed","ping_status":"closed","template":"","meta":{"footnotes":"","_links_to":"","_links_to_target":""},"class_list":["post-5236","page","type-page","status-publish","hentry"],"_links":{"self":[{"href":"https:\/\/fecavem.com\/es\/wp-json\/wp\/v2\/pages\/5236","targetHints":{"allow":["GET"]}}],"collection":[{"href":"https:\/\/fecavem.com\/es\/wp-json\/wp\/v2\/pages"}],"about":[{"href":"https:\/\/fecavem.com\/es\/wp-json\/wp\/v2\/types\/page"}],"author":[{"embeddable":true,"href":"https:\/\/fecavem.com\/es\/wp-json\/wp\/v2\/users\/2"}],"replies":[{"embeddable":true,"href":"https:\/\/fecavem.com\/es\/wp-json\/wp\/v2\/comments?post=5236"}],"version-history":[{"count":3,"href":"https:\/\/fecavem.com\/es\/wp-json\/wp\/v2\/pages\/5236\/revisions"}],"predecessor-version":[{"id":5846,"href":"https:\/\/fecavem.com\/es\/wp-json\/wp\/v2\/pages\/5236\/revisions\/5846"}],"wp:attachment":[{"href":"https:\/\/fecavem.com\/es\/wp-json\/wp\/v2\/media?parent=5236"}],"curies":[{"name":"wp","href":"https:\/\/api.w.org\/{rel}","templated":true}]}}