{"id":6498,"date":"2022-07-26T18:16:05","date_gmt":"2022-07-26T18:16:05","guid":{"rendered":"https:\/\/fecavem.com\/actualitat-fecavem\/"},"modified":"2024-02-29T14:58:38","modified_gmt":"2024-02-29T14:58:38","slug":"actualidad-fecavem","status":"publish","type":"page","link":"https:\/\/fecavem.com\/es\/actualidad-fecavem\/","title":{"rendered":"Actualidad"},"content":{"rendered":"<div class=\"wpb-content-wrapper\"><p>[vc_row][vc_column][vc_row_inner][vc_column_inner]\n\t\t\t<!-- START Actualidad ES REVOLUTION SLIDER 6.7.12 --><p class=\"rs-p-wp-fix\"><\/p>\n\t\t\t<rs-module-wrap id=\"rev_slider_34_1_wrapper\" data-source=\"gallery\" style=\"visibility:hidden;background:transparent;padding:0;margin:0px auto;margin-top:0;margin-bottom:0;\">\n\t\t\t\t<rs-module id=\"rev_slider_34_1\" style=\"\" data-version=\"6.7.12\">\n\t\t\t\t\t<rs-slides style=\"overflow: hidden; position: absolute;\">\n\t\t\t\t\t\t<rs-slide style=\"position: absolute;\" data-key=\"rs-61\" data-title=\"Slide\" data-anim=\"adpr:false;\" data-in=\"o:0;\" data-out=\"a:false;\">\n\t\t\t\t\t\t\t<img decoding=\"async\" src=\"\/\/fecavem.com\/wp-content\/plugins\/revslider\/sr6\/assets\/assets\/dummy.png\" alt=\"Slide\" title=\"Actualidad\" class=\"rev-slidebg tp-rs-img rs-lazyload\" data-lazyload=\"\/\/fecavem.com\/wp-content\/plugins\/revslider\/sr6\/assets\/assets\/transparent.png\" data-bg=\"c:#efefef;\" data-no-retina>\n<!--\n\t\t\t\t\t\t\t--><rs-layer\n\t\t\t\t\t\t\t\tid=\"slider-34-slide-61-layer-0\" \n\t\t\t\t\t\t\t\tdata-type=\"text\"\n\t\t\t\t\t\t\t\tdata-color=\"#9b9b9b\"\n\t\t\t\t\t\t\t\tdata-rsp_ch=\"on\"\n\t\t\t\t\t\t\t\tdata-xy=\"x:c;y:c;\"\n\t\t\t\t\t\t\t\tdata-text=\"w:normal;s:42;l:64;fw:600;\"\n\t\t\t\t\t\t\t\tdata-frame_999=\"o:0;st:w;\"\n\t\t\t\t\t\t\t\tstyle=\"z-index:5;font-family:'Work Sans';\"\n\t\t\t\t\t\t\t>ACTUALIDAD \n\t\t\t\t\t\t\t<\/rs-layer><!--\n-->\t\t\t\t\t<\/rs-slide>\n\t\t\t\t\t<\/rs-slides>\n\t\t\t\t<\/rs-module>\n\t\t\t\t<script>\n\t\t\t\t\tsetREVStartSize({c: 'rev_slider_34_1',rl:[1240,1024,778,480],el:[140],gw:[1240],gh:[140],type:'standard',justify:'',layout:'fullwidth',mh:\"0\"});if (window.RS_MODULES!==undefined && window.RS_MODULES.modules!==undefined && window.RS_MODULES.modules[\"revslider341\"]!==undefined) {window.RS_MODULES.modules[\"revslider341\"].once = false;window.revapi34 = undefined;if (window.RS_MODULES.checkMinimal!==undefined) window.RS_MODULES.checkMinimal()}\n\t\t\t\t<\/script>\n\t\t\t<\/rs-module-wrap>\n\t\t\t<!-- END REVOLUTION SLIDER -->\n[\/vc_column_inner][\/vc_row_inner][\/vc_column][\/vc_row][vc_row css=\u00bb.vc_custom_1658859328263{margin-top: 5% !important;}\u00bb][vc_column]<div  class=\"jeg_postblock_27 jeg_postblock_blog_2 jeg_postblock jeg_module_hook jeg_pagination_loadmore jeg_col_2o3 epic_module__0_69d76e4fd219a   \" data-unique=\"epic_module__0_69d76e4fd219a\">\n                \n                <div class=\"jeg_block_container\">\n                \n                <div class=\"jeg_posts jeg_load_more_flag\"><article class=\"jeg_post jeg_pl_md_4 post-19818 post type-post status-publish format-standard has-post-thumbnail hentry category-movilidad\">\n                <div class=\"jeg_thumb\">\n                    \n                    <a href=\"https:\/\/fecavem.com\/es\/fecavem-asiste-congreso-faconauto-2026\/\"><div class=\"thumbnail-container animate-lazy  size-715 \"><img loading=\"lazy\" decoding=\"async\" width=\"350\" height=\"250\" src=\"https:\/\/fecavem.com\/wp-content\/plugins\/epic-news-element\/assets\/img\/jeg-empty.png\" class=\"attachment-epic-350x250 size-epic-350x250 progressive__img progressive--not-loaded lazyload wp-post-image\" alt=\"Fecavem asiste al Congreso Faconauto 2026\" data-progressive=\"https:\/\/fecavem.com\/wp-content\/uploads\/2026\/04\/faconauto1-350x250.jpg\" data-src=\"https:\/\/fecavem.com\/wp-content\/uploads\/2026\/04\/faconauto1-350x250-30x21.jpg\" data-sizes=\"auto\" data-srcset=\"\" data-expand=\"700\" \/><\/div><\/a>\n                <\/div>\n                <div class=\"jeg_postblock_content\">\n                    <div class=\"jeg_post_category\">\n                        <span><a href=\"https:\/\/fecavem.com\/es\/tematicas\/movilidad\/\">Movilidad<\/a><\/span>\n                    <\/div>\n                    <h3 class=\"jeg_post_title\"><a href=\"https:\/\/fecavem.com\/es\/fecavem-asiste-congreso-faconauto-2026\/\" >Fecavem asiste al Congreso Faconauto 2026<\/a><\/h3>\n                    \n                    <div class=\"jeg_post_excerpt\">\n                        <p>El presidente de Fecavem, Jaume Roura i Calls encabez\u00f3 la representaci\u00f3n de la patronal catalana de la automoci\u00f3n en el...<\/p>\n                    <\/div>\n                <\/div>\n            <\/article><article class=\"jeg_post jeg_pl_md_4 post-19798 post type-post status-publish format-standard has-post-thumbnail hentry category-gremi-del-motor-es\">\n                <div class=\"jeg_thumb\">\n                    \n                    <a href=\"https:\/\/fecavem.com\/es\/convenios-metal-te-informamos\/\"><div class=\"thumbnail-container animate-lazy  size-715 \"><img loading=\"lazy\" decoding=\"async\" width=\"350\" height=\"250\" src=\"https:\/\/fecavem.com\/wp-content\/plugins\/epic-news-element\/assets\/img\/jeg-empty.png\" class=\"attachment-epic-350x250 size-epic-350x250 progressive__img progressive--not-loaded lazyload wp-post-image\" alt=\"La UPM convoca elecciones y Jaume Roura presenta su candidatura\" data-progressive=\"https:\/\/fecavem.com\/wp-content\/uploads\/2024\/02\/upm-logo-350x250.jpg\" data-src=\"https:\/\/fecavem.com\/wp-content\/uploads\/2024\/02\/upm-logo-350x250-30x21.jpg\" data-sizes=\"auto\" data-srcset=\"\" data-expand=\"700\" \/><\/div><\/a>\n                <\/div>\n                <div class=\"jeg_postblock_content\">\n                    <div class=\"jeg_post_category\">\n                        <span><a href=\"https:\/\/fecavem.com\/es\/tematicas\/gremi-del-motor-es\/\">Gremi del Motor<\/a><\/span>\n                    <\/div>\n                    <h3 class=\"jeg_post_title\"><a href=\"https:\/\/fecavem.com\/es\/convenios-metal-te-informamos\/\" >Convenios del metal: te informamos<\/a><\/h3>\n                    \n                    <div class=\"jeg_post_excerpt\">\n                        <p>Por la presente, queremos informaros de que, tal y como la Uni\u00f3n Patronal Metal\u00fargica informada el pasado d\u00eda 22 de...<\/p>\n                    <\/div>\n                <\/div>\n            <\/article><article class=\"jeg_post jeg_pl_md_4 post-19793 post type-post status-publish format-standard has-post-thumbnail hentry category-matriculaciones\">\n                <div class=\"jeg_thumb\">\n                    \n                    <a href=\"https:\/\/fecavem.com\/es\/mercado-automovilistico-catalan-marca-buen-mes-marzo\/\"><div class=\"thumbnail-container animate-lazy  size-715 \"><img loading=\"lazy\" decoding=\"async\" width=\"350\" height=\"250\" src=\"https:\/\/fecavem.com\/wp-content\/plugins\/epic-news-element\/assets\/img\/jeg-empty.png\" class=\"attachment-epic-350x250 size-epic-350x250 progressive__img progressive--not-loaded lazyload wp-post-image\" alt=\"Informe de las matriculaciones de febrero de 2024 en Catalunya\" data-progressive=\"https:\/\/fecavem.com\/wp-content\/uploads\/2024\/03\/matriculacions-350x250.jpg\" data-src=\"https:\/\/fecavem.com\/wp-content\/uploads\/2024\/03\/matriculacions-350x250-30x21.jpg\" data-sizes=\"auto\" data-srcset=\"\" data-expand=\"700\" \/><\/div><\/a>\n                <\/div>\n                <div class=\"jeg_postblock_content\">\n                    <div class=\"jeg_post_category\">\n                        <span><a href=\"https:\/\/fecavem.com\/es\/tematicas\/matriculaciones\/\">Matriculaciones<\/a><\/span>\n                    <\/div>\n                    <h3 class=\"jeg_post_title\"><a href=\"https:\/\/fecavem.com\/es\/mercado-automovilistico-catalan-marca-buen-mes-marzo\/\" >El mercado automovil\u00edstico catal\u00e1n marca un buen mes de marzo<\/a><\/h3>\n                    \n                    <div class=\"jeg_post_excerpt\">\n                        <p>La demanda de particulares, los incentivos fiscales y el impulso de los veh\u00edculos electrificados sit\u00faan al sector en una trayectoria...<\/p>\n                    <\/div>\n                <\/div>\n            <\/article><article class=\"jeg_post jeg_pl_md_4 post-19785 post type-post status-publish format-standard has-post-thumbnail hentry category-salon-ocasion\">\n                <div class=\"jeg_thumb\">\n                    \n                    <a href=\"https:\/\/fecavem.com\/es\/salon-ocasion-barcelona-nueva-ubicacion-cambio-fechas\/\"><div class=\"thumbnail-container animate-lazy  size-715 \"><img loading=\"lazy\" decoding=\"async\" width=\"350\" height=\"127\" src=\"https:\/\/fecavem.com\/wp-content\/plugins\/epic-news-element\/assets\/img\/jeg-empty.png\" class=\"attachment-epic-350x250 size-epic-350x250 progressive__img progressive--not-loaded lazyload wp-post-image\" alt=\"Sal\u00f3n Ocasi\u00f3n Barcelona: nueva ubicaci\u00f3n y cambio de fechas\" data-progressive=\"https:\/\/fecavem.com\/wp-content\/uploads\/2026\/04\/salo-ocasio-350x127.jpg\" data-src=\"https:\/\/fecavem.com\/wp-content\/uploads\/2026\/04\/salo-ocasio-350x127-30x11.jpg\" data-sizes=\"auto\" data-srcset=\"\" data-expand=\"700\" \/><\/div><\/a>\n                <\/div>\n                <div class=\"jeg_postblock_content\">\n                    <div class=\"jeg_post_category\">\n                        <span><a href=\"https:\/\/fecavem.com\/es\/tematicas\/salon-ocasion\/\">Sal\u00f3n Ocasi\u00f3n<\/a><\/span>\n                    <\/div>\n                    <h3 class=\"jeg_post_title\"><a href=\"https:\/\/fecavem.com\/es\/salon-ocasion-barcelona-nueva-ubicacion-cambio-fechas\/\" >Sal\u00f3n Ocasi\u00f3n Barcelona: nueva ubicaci\u00f3n y cambio de fechas<\/a><\/h3>\n                    \n                    <div class=\"jeg_post_excerpt\">\n                        <p>El punto de encuentro imprescindible del Veh\u00edculo de Ocasi\u00f3n en Catalunya El Gremio del Motor y la Movilidad, con el...<\/p>\n                    <\/div>\n                <\/div>\n            <\/article><article class=\"jeg_post jeg_pl_md_4 post-19771 post type-post status-publish format-standard has-post-thumbnail hentry category-automobile-talks-es\">\n                <div class=\"jeg_thumb\">\n                    \n                    <a href=\"https:\/\/fecavem.com\/es\/postventa-disrupcion-automovil-adaptacion-o-revolucion\/\"><div class=\"thumbnail-container animate-lazy  size-715 \"><img loading=\"lazy\" decoding=\"async\" width=\"275\" height=\"183\" src=\"https:\/\/fecavem.com\/wp-content\/plugins\/epic-news-element\/assets\/img\/jeg-empty.png\" class=\"attachment-epic-350x250 size-epic-350x250 progressive__img progressive--not-loaded lazyload wp-post-image\" alt=\"SAVE THE DATE! La posventa ante la disrupci\u00f3n del autom\u00f3vil: \u00bfadaptaci\u00f3n o revoluci\u00f3n?\" data-progressive=\"https:\/\/fecavem.com\/wp-content\/uploads\/2026\/04\/images-1.jpg\" data-src=\"https:\/\/fecavem.com\/wp-content\/uploads\/2026\/04\/images-1-30x20.jpg\" data-sizes=\"auto\" data-srcset=\"\" data-expand=\"700\" \/><\/div><\/a>\n                <\/div>\n                <div class=\"jeg_postblock_content\">\n                    <div class=\"jeg_post_category\">\n                        <span><a href=\"https:\/\/fecavem.com\/es\/tematicas\/automobile-talks-es\/\">Automobile Talks<\/a><\/span>\n                    <\/div>\n                    <h3 class=\"jeg_post_title\"><a href=\"https:\/\/fecavem.com\/es\/postventa-disrupcion-automovil-adaptacion-o-revolucion\/\" >SAVE THE DATE! La posventa ante la disrupci\u00f3n del autom\u00f3vil: \u00bfadaptaci\u00f3n o revoluci\u00f3n?<\/a><\/h3>\n                    \n                    <div class=\"jeg_post_excerpt\">\n                        <p>El Club Automoci\u00f3n y Movilidad Esade Alumni y Fecavem te invitan a esta sesi\u00f3n titulada \u201cLa posventa ante la disrupci\u00f3n...<\/p>\n                    <\/div>\n                <\/div>\n            <\/article><article class=\"jeg_post jeg_pl_md_4 post-19764 post type-post status-publish format-standard has-post-thumbnail hentry category-matriculaciones\">\n                <div class=\"jeg_thumb\">\n                    \n                    <a href=\"https:\/\/fecavem.com\/es\/el-parque-automovilistico-2025-en-cifras\/\"><div class=\"thumbnail-container animate-lazy  size-715 \"><img loading=\"lazy\" decoding=\"async\" width=\"350\" height=\"250\" src=\"https:\/\/fecavem.com\/wp-content\/plugins\/epic-news-element\/assets\/img\/jeg-empty.png\" class=\"attachment-epic-350x250 size-epic-350x250 progressive__img progressive--not-loaded lazyload wp-post-image\" alt=\"El parque automovil\u00edstico 2025 en cifras\" data-progressive=\"https:\/\/fecavem.com\/wp-content\/uploads\/2026\/04\/row-new-cars-port-scaled-1-350x250.jpg\" data-src=\"https:\/\/fecavem.com\/wp-content\/uploads\/2026\/04\/row-new-cars-port-scaled-1-350x250-30x21.jpg\" data-sizes=\"auto\" data-srcset=\"\" data-expand=\"700\" \/><\/div><\/a>\n                <\/div>\n                <div class=\"jeg_postblock_content\">\n                    <div class=\"jeg_post_category\">\n                        <span><a href=\"https:\/\/fecavem.com\/es\/tematicas\/matriculaciones\/\">Matriculaciones<\/a><\/span>\n                    <\/div>\n                    <h3 class=\"jeg_post_title\"><a href=\"https:\/\/fecavem.com\/es\/el-parque-automovilistico-2025-en-cifras\/\" >El parque automovil\u00edstico 2025 en cifras<\/a><\/h3>\n                    \n                    <div class=\"jeg_post_excerpt\">\n                        <p>Seg\u00fan los datos elaborados por Ideauto para Faconauto, la edad media de los turismos en Espa\u00f1a pas\u00f3 de 14,5 a\u00f1os...<\/p>\n                    <\/div>\n                <\/div>\n            <\/article><\/div>\n                <div class='module-overlay'>\n                <div class='preloader_type preloader_dot'>\n                    <div class=\"module-preloader jeg_preloader dot\">\n                        <span><\/span><span><\/span><span><\/span>\n                    <\/div>\n                    <div class=\"module-preloader jeg_preloader circle\">\n                        <div class=\"epic_preloader_circle_outer\">\n                            <div class=\"epic_preloader_circle_inner\"><\/div>\n                        <\/div>\n                    <\/div>\n                    <div class=\"module-preloader jeg_preloader square\">\n                        <div class=\"jeg_square\"><div class=\"jeg_square_inner\"><\/div><\/div>\n                    <\/div>\n                <\/div>\n            <\/div>\n            <\/div>\n            <div class=\"jeg_block_navigation\">\n                <div class='navigation_overlay'><div class='module-preloader jeg_preloader'><span><\/span><span><\/span><span><\/span><\/div><\/div>\n                <div class=\"jeg_block_loadmore \">\n                    <a href=\"#\" class='' data-load='Ver m\u00e1s' data-loading='Cargando...'> Ver m\u00e1s<\/a>\n                <\/div>\n                \n            <\/div>\n                \n                <script>var epic_module__0_69d76e4fd219a = {\"header_icon\":\"\",\"first_title\":\"\",\"second_title\":\"\",\"url\":\"\",\"header_type\":\"heading_6\",\"header_background\":\"\",\"header_secondary_background\":\"\",\"header_text_color\":\"\",\"header_line_color\":\"\",\"header_accent_color\":\"\",\"header_filter_category\":\"\",\"header_filter_author\":\"\",\"header_filter_tag\":\"\",\"header_filter_text\":\"All\",\"post_type\":\"post\",\"number_post\":\"6\",\"post_offset\":\"0\",\"unique_content\":\"disable\",\"include_post\":\"\",\"exclude_post\":\"\",\"include_category\":\"116\",\"exclude_category\":\"\",\"include_author\":\"\",\"include_tag\":\"\",\"exclude_tag\":\"\",\"rella-portfolio-category\":\"\",\"sort_by\":\"latest\",\"date_format\":\"default\",\"date_format_custom\":\"Y\\\/m\\\/d\",\"excerpt_length\":\"20\",\"excerpt_ellipsis\":\"...\",\"pagination_mode\":\"loadmore\",\"pagination_nextprev_showtext\":\"\",\"pagination_number_post\":\"6\",\"pagination_scroll_limit\":0,\"boxed\":\"\",\"boxed_shadow\":\"\",\"el_id\":\"\",\"el_class\":\"\",\"scheme\":\"\",\"column_width\":\"auto\",\"title_color\":\"\",\"accent_color\":\"\",\"alt_color\":\"\",\"excerpt_color\":\"\",\"css\":\"\",\"compatible_column_notice\":\"\",\"paged\":1,\"column_class\":\"jeg_col_2o3\",\"class\":\"epic_block_27\"};<\/script>\n            <\/div>[\/vc_column][\/vc_row]<\/p>\n<\/div>","protected":false},"excerpt":{"rendered":"<p>[vc_row][vc_column][vc_row_inner][vc_column_inner][\/vc_column_inner][\/vc_row_inner][\/vc_column][\/vc_row][vc_row css=\u00bb.vc_custom_1658859328263{margin-top: 5% !important;}\u00bb][vc_column][\/vc_column][\/vc_row]<\/p>\n","protected":false},"author":5,"featured_media":0,"parent":0,"menu_order":0,"comment_status":"closed","ping_status":"closed","template":"","meta":{"footnotes":"","_links_to":"","_links_to_target":""},"class_list":["post-6498","page","type-page","status-publish","hentry"],"_links":{"self":[{"href":"https:\/\/fecavem.com\/es\/wp-json\/wp\/v2\/pages\/6498","targetHints":{"allow":["GET"]}}],"collection":[{"href":"https:\/\/fecavem.com\/es\/wp-json\/wp\/v2\/pages"}],"about":[{"href":"https:\/\/fecavem.com\/es\/wp-json\/wp\/v2\/types\/page"}],"author":[{"embeddable":true,"href":"https:\/\/fecavem.com\/es\/wp-json\/wp\/v2\/users\/5"}],"replies":[{"embeddable":true,"href":"https:\/\/fecavem.com\/es\/wp-json\/wp\/v2\/comments?post=6498"}],"version-history":[{"count":5,"href":"https:\/\/fecavem.com\/es\/wp-json\/wp\/v2\/pages\/6498\/revisions"}],"predecessor-version":[{"id":6661,"href":"https:\/\/fecavem.com\/es\/wp-json\/wp\/v2\/pages\/6498\/revisions\/6661"}],"wp:attachment":[{"href":"https:\/\/fecavem.com\/es\/wp-json\/wp\/v2\/media?parent=6498"}],"curies":[{"name":"wp","href":"https:\/\/api.w.org\/{rel}","templated":true}]}}