{"id":9251,"date":"2022-12-16T10:49:19","date_gmt":"2022-12-16T10:49:19","guid":{"rendered":"https:\/\/fecavem.com\/automobile-talks\/"},"modified":"2026-03-26T18:43:58","modified_gmt":"2026-03-26T18:43:58","slug":"automobile-talks","status":"publish","type":"page","link":"https:\/\/fecavem.com\/es\/automobile-talks\/","title":{"rendered":"Automobile Talks"},"content":{"rendered":"<div class=\"wpb-content-wrapper\"><p>[vc_row][vc_column]\n\t\t\t<!-- START Automobile Talks ESP REVOLUTION SLIDER 6.7.12 --><p class=\"rs-p-wp-fix\"><\/p>\n\t\t\t<rs-module-wrap id=\"rev_slider_57_1_wrapper\" data-source=\"gallery\" style=\"visibility:hidden;background:transparent;padding:0;margin:0px auto;margin-top:0;margin-bottom:0;\">\n\t\t\t\t<rs-module id=\"rev_slider_57_1\" style=\"\" data-version=\"6.7.12\">\n\t\t\t\t\t<rs-slides style=\"overflow: hidden; position: absolute;\">\n\t\t\t\t\t\t<rs-slide style=\"position: absolute;\" data-key=\"rs-136\" data-title=\"Slide\" data-anim=\"adpr:false;e:slidingoverlay;ms:2000;\" data-in=\"o:0;x:(100%);\" data-out=\"a:false;\">\n\t\t\t\t\t\t\t<img decoding=\"async\" src=\"\/\/fecavem.com\/wp-content\/plugins\/revslider\/sr6\/assets\/assets\/dummy.png\" alt=\"\" title=\"Slide automobile\" width=\"1920\" height=\"1080\" class=\"rev-slidebg tp-rs-img rs-lazyload\" data-lazyload=\"\/\/fecavem.com\/wp-content\/uploads\/2023\/12\/Slide-automobile.jpg\" data-parallax=\"5\" data-no-retina>\n<!--\n\t\t\t\t\t\t\t--><rs-layer\n\t\t\t\t\t\t\t\tid=\"slider-57-slide-136-layer-1\" \n\t\t\t\t\t\t\t\tdata-type=\"image\"\n\t\t\t\t\t\t\t\tdata-rsp_ch=\"on\"\n\t\t\t\t\t\t\t\tdata-xy=\"x:c;yo:69px,56px,56px,56px;\"\n\t\t\t\t\t\t\t\tdata-text=\"w:normal;\"\n\t\t\t\t\t\t\t\tdata-dim=\"w:460px,379px,379px,379px;h:364px,300px,300px,300px;\"\n\t\t\t\t\t\t\t\tdata-frame_999=\"o:0;st:w;\"\n\t\t\t\t\t\t\t\tstyle=\"z-index:12;\"\n\t\t\t\t\t\t\t><img decoding=\"async\" src=\"\/\/fecavem.com\/wp-content\/plugins\/revslider\/sr6\/assets\/assets\/dummy.png\" alt=\"\" class=\"tp-rs-img rs-lazyload\" width=\"1359\" height=\"1076\" data-lazyload=\"\/\/fecavem.com\/wp-content\/uploads\/revslider\/corporate-slider-1\/automobiletalks.png\" data-no-retina> \n\t\t\t\t\t\t\t<\/rs-layer><!--\n\n\t\t\t\t\t\t\t--><rs-layer\n\t\t\t\t\t\t\t\tid=\"slider-57-slide-136-layer-7\" \n\t\t\t\t\t\t\t\tclass=\"tp-shapetp-shapewrapper\"\n\t\t\t\t\t\t\t\tdata-type=\"shape\"\n\t\t\t\t\t\t\t\tdata-xy=\"x:c;y:m;\"\n\t\t\t\t\t\t\t\tdata-text=\"fw:700;\"\n\t\t\t\t\t\t\t\tdata-dim=\"w:100%;h:100%;\"\n\t\t\t\t\t\t\t\tdata-basealign=\"slide\"\n\t\t\t\t\t\t\t\tdata-rsp_o=\"off\"\n\t\t\t\t\t\t\t\tdata-rsp_bd=\"off\"\n\t\t\t\t\t\t\t\tdata-frame_1=\"e:power4.out;sp:1000;sR:10;\"\n\t\t\t\t\t\t\t\tdata-frame_999=\"o:0;e:power4.out;st:w;sp:1000;sR:7990;\"\n\t\t\t\t\t\t\t\tstyle=\"z-index:8;background-color:rgba(255,255,255,0.39);\"\n\t\t\t\t\t\t\t> \n\t\t\t\t\t\t\t<\/rs-layer><!--\n\n\t\t\t\t\t\t\t--><a\n\t\t\t\t\t\t\t\tid=\"slider-57-slide-136-layer-9\" \n\t\t\t\t\t\t\t\tclass=\"rs-layer\"\n\t\t\t\t\t\t\t\thref=\"\/es\/automobile-talks\/agenda\" target=\"_self\"\n\t\t\t\t\t\t\t\tdata-type=\"text\"\n\t\t\t\t\t\t\t\tdata-rsp_ch=\"on\"\n\t\t\t\t\t\t\t\tdata-xy=\"x:c;y:m;yo:242px,199px,199px,199px;\"\n\t\t\t\t\t\t\t\tdata-text=\"w:normal;s:17,14,14,14;l:20,16,16,16;ls:1px,0px,0px,0px;\"\n\t\t\t\t\t\t\t\tdata-dim=\"minh:0px,none,0px,0px;\"\n\t\t\t\t\t\t\t\tdata-padding=\"t:12,10,10,10;r:35,29,29,29;b:12,10,10,10;l:35,29,29,29;\"\n\t\t\t\t\t\t\t\tdata-border=\"bos:solid;boc:#ffffff;bow:2px,2px,2px,2px;\"\n\t\t\t\t\t\t\t\tdata-frame_1=\"st:500;sp:2500;sR:500;\"\n\t\t\t\t\t\t\t\tdata-frame_999=\"o:0;st:w;sR:6000;\"\n\t\t\t\t\t\t\t\tdata-frame_hover=\"c:#009196;bgc:#fff;oX:50;oY:50;sp:200ms;\"\n\t\t\t\t\t\t\t\tstyle=\"z-index:10;background-color:#009196;font-family:'Roboto';\"\n\t\t\t\t\t\t\t>AGENDA <i class=\"fa-chevron-right\"><\/i> \n\t\t\t\t\t\t\t<\/a><!--\n\n\t\t\t\t\t\t\t--><rs-layer\n\t\t\t\t\t\t\t\tid=\"slider-57-slide-136-layer-11\" \n\t\t\t\t\t\t\t\tdata-type=\"text\"\n\t\t\t\t\t\t\t\tdata-rsp_ch=\"on\"\n\t\t\t\t\t\t\t\tdata-xy=\"x:c;y:m;yo:168px;\"\n\t\t\t\t\t\t\t\tdata-text=\"s:16;l:24;fw:600,300,300,300;a:center;\"\n\t\t\t\t\t\t\t\tdata-vbility=\"t,f,f,f\"\n\t\t\t\t\t\t\t\tdata-frame_0=\"y:50px;\"\n\t\t\t\t\t\t\t\tdata-frame_1=\"e:power4.out;st:500;sp:2500;sR:500;\"\n\t\t\t\t\t\t\t\tdata-frame_999=\"o:0;e:nothing;st:w;sR:6000;\"\n\t\t\t\t\t\t\t\tstyle=\"z-index:11;font-family:'Soleil', 'Poppins';\"\n\t\t\t\t\t\t\t>Ciclo de charlas, conferencias y seminarios sobre movilidad impulsado por la<br>Patronal Catalana de la Distribuci\u00f3n de Automoci\u00f3n, Fecavem. \n\t\t\t\t\t\t\t<\/rs-layer><!--\n-->\t\t\t\t\t<\/rs-slide>\n\t\t\t\t\t<\/rs-slides>\n\t\t\t\t<\/rs-module>\n\t\t\t\t<script>\n\t\t\t\t\tsetREVStartSize({c: 'rev_slider_57_1',rl:[1240,1024,1024,1024],el:[650,650,650,650],gw:[1240,1024,1024,1024],gh:[650,650,650,650],type:'standard',justify:'',layout:'fullwidth',mh:\"650\"});if (window.RS_MODULES!==undefined && window.RS_MODULES.modules!==undefined && window.RS_MODULES.modules[\"revslider571\"]!==undefined) {window.RS_MODULES.modules[\"revslider571\"].once = false;window.revapi57 = undefined;if (window.RS_MODULES.checkMinimal!==undefined) window.RS_MODULES.checkMinimal()}\n\t\t\t\t<\/script>\n\t\t\t<\/rs-module-wrap>\n\t\t\t<!-- END REVOLUTION SLIDER -->\n[\/vc_column][\/vc_row][vc_row el_id=\u00bbconferencia\u00bb css=\u00bb.vc_custom_1758546164792{padding-top: 5% !important;}\u00bb][vc_column][vc_column_text]<\/p>\n<h4 style=\"text-align: center;\">Pr\u00f3xima conferencia<\/h4>\n<p>[\/vc_column_text][vc_empty_space height=\u00bb35px\u00bb][vc_tta_tabs color=\u00bbwhite\u00bb active_section=\u00bb1&#8243; el_id=\u00bbconferencia\u00bb][vc_tta_section title=\u00bbDetalles\u00bb tab_id=\u00bb1671188351500-4c11ca10-da38&#8243; el_class=\u00bbpatro\u00bb][vc_message message_box_style=\u00bbsolid-icon\u00bb style=\u00bbsquare\u00bb message_box_color=\u00bbgrey\u00bb icon_fontawesome=\u00bbfas fa-car\u00bb css=\u00bb\u00bb]<span style=\"color: #009196; font-size: 14px;\"><strong>16\/04\/2026<\/strong><\/span><\/p>\n<p><span style=\"color: #000000; font-size: 16px;\"><strong>La posventa ante la disrupci\u00f3n del autom\u00f3vil: \u00bfadaptaci\u00f3n o revoluci\u00f3n?<\/strong><\/span><\/p>\n<p>Jueves, 16 de abril, de 19h a 20.30h<br \/>\n<strong>Esade Barcelona<\/strong><br \/>\nAv. Pedralbes, 60-62. Barcelona<\/p>\n<p><span style=\"font-size: 14px;\">\u00a0<\/span>[\/vc_message][\/vc_tta_section][vc_tta_section title=\u00bbCoordenadas\u00bb tab_id=\u00bb1671188351516-c3fa1bba-b88b\u00bb][vc_message message_box_style=\u00bbsolid-icon\u00bb message_box_color=\u00bbgrey\u00bb icon_fontawesome=\u00bbfar fa-compass\u00bb css=\u00bb\u00bb]<span style=\"color: #000000; font-size: 16px;\"><strong>La posventa ante la disrupci\u00f3n del autom\u00f3vil: \u00bfadaptaci\u00f3n o revoluci\u00f3n?<\/strong><\/span><\/p>\n<p><strong>Fecha<\/strong>: jueves, 16 de abril, de 19h a 20.30h<br \/>\n<strong>Lugar<\/strong>:\u00a0Esade Barcelona (Av. Pedralbes, 60-62, Barcelona)<br \/>\n<strong>Idioma<\/strong>:\u00a0Castellano<\/p>\n<p>El\u00a0Club Automoci\u00f3n y Movilidad Esade Alumni y Fecavem te invitan a esta sesi\u00f3n titulada \u201cLa posventa ante la disrupci\u00f3n del autom\u00f3vil: \u00bfadaptaci\u00f3n o revoluci\u00f3n?\u201d.<\/p>\n<p>El cambio tecnol\u00f3gico del autom\u00f3vil, la digitalizaci\u00f3n y la transformaci\u00f3n de los modelos de uso est\u00e1n redefiniendo un sector clave para la econom\u00eda y el empleo.<\/p>\n<p>Desde diversos puntos de vista expertos en el sector, se abordar\u00e1n temas como la convivencia actual de tecnolog\u00edas, la batalla por el mercado de recambios y la escasez de talento, en un contexto marcado por un parque m\u00f3vil cada vez m\u00e1s envejecido en Espa\u00f1a.<\/p>\n<p>No te pierdas esta sesi\u00f3n, una cita clave que busca dar respuesta a las principales cuestiones que marcar\u00e1n el futuro de la posventa del autom\u00f3vil, un negocio vital en el ecosistema de la movilidad.<\/p>\n<p>Esta nueva colaboraci\u00f3n de Esade Alumni y Fecavem tiene como prop\u00f3sito contrastar puntos de vista de una selecci\u00f3n de expertos que debatir\u00e1n sobre los aspectos clases de nuestro sector, en un momento de transformaci\u00f3n acelerada, todo ello con el soporte y apoyo de BBVA Consumer Finance.<\/p>\n<p><strong>Programa:<\/strong><\/p>\n<p><strong>Bienvenida y presentaci\u00f3n<\/strong>:<br \/>\n<a class=\"\" href=\"https:\/\/www.linkedin.com\/in\/joanmiquelmalagelada\/?originalSubdomain=es\" target=\"_blank\" rel=\"noopener\">Joan Miquel Malagelada<\/a>, presidente del Club Automoci\u00f3n y Movilidad ESADE Alumni<\/p>\n<p><strong>Intervienen<\/strong>:<br \/>\n<a class=\"\" href=\"https:\/\/www.linkedin.com\/in\/arantxahernando\/?originalSubdomain=es\" target=\"_blank\" rel=\"noopener\">Arantxa Hernando<\/a>, Hernando,\u00a0Global Operations &amp; Insurance Director en Arval BNP Paribas Group<br \/>\n<a class=\"\" href=\"https:\/\/www.linkedin.com\/in\/i%C3%B1aki-nieto-518439258\/?originalSubdomain=es\" target=\"_blank\" rel=\"noopener\">I\u00f1aki Nieto<\/a>,\u00a0Global Aftersales Director de Seat y Cupra<br \/>\n<a class=\"\" href=\"https:\/\/www.linkedin.com\/in\/lucia-bonilla\/?originalSubdomain=es\" target=\"_blank\" rel=\"noopener\">Luc\u00eda Bonilla<\/a>, CEO de Bonilla Motor y presidenta de ASOAP (Asociaci\u00f3n de Servicios Oficiales Peugeot)<br \/>\n<a class=\"\" href=\"https:\/\/www.linkedin.com\/in\/xavi-pegueroles\/?originalSubdomain=es\" target=\"_blank\" rel=\"noopener\">Xavier Pegueroles<\/a>, Operations Marketing Director, EMEA South en PPG<\/p>\n<p><strong>Moderador<\/strong>:<br \/>\n<a class=\"\" href=\"https:\/\/www.linkedin.com\/in\/ferran-verdejo-le%C3%B3n-42839517\/?originalSubdomain=es\" target=\"_blank\" rel=\"noopener\">Ferran Verdejo<\/a>, head of sales Iberia en H\u00f6dlmayr International[\/vc_message][\/vc_tta_section][vc_tta_section title=\u00bbPatrocinadores\u00bb tab_id=\u00bb1745995072010-5959fb7f-e0f2&#8243;][vc_row_inner][vc_column_inner width=\u00bb1\/6&#8243;][\/vc_column_inner][vc_column_inner width=\u00bb4\/6&#8243;][vc_images_carousel images=\u00bb10375,12119&#8243; img_size=\u00bbfull\u00bb css=\u00bb\u00bb][\/vc_column_inner][vc_column_inner width=\u00bb1\/6&#8243;][\/vc_column_inner][\/vc_row_inner][\/vc_tta_section][vc_tta_section title=\u00bbInscripciones\u00bb tab_id=\u00bb1671188365938-33f9a4ba-35d5&#8243;][vc_row_inner][vc_column_inner][\/vc_column_inner][\/vc_row_inner][vc_row_inner content_placement=\u00bbmiddle\u00bb bg_position=\u00bbcenter center\u00bb css=\u00bb.vc_custom_1672771351664{padding-top: 5% !important;padding-bottom: 5% !important;}\u00bb][vc_column_inner width=\u00bb1\/3&#8243;][\/vc_column_inner][vc_column_inner width=\u00bb1\/3&#8243; align=\u00bbtext-lg-center text-md-center text-sm-center text-xs-center\u00bb]<style>.ra_button_69e2be8951a6d{background-color:#009196;color:#ffffff;border-color:#009196 !important;}.ra_button_69e2be8951a6d:focus,.ra_button_69e2be8951a6d:hover{background-color:#ffffff;border-color:#009196 !important;color:#009196 !important;}<\/style><a href=\"https:\/\/events.esadealumni.net\/postventadisrupcion160426\/es\/registration\/access\" target=\"_blank\" class=\"btn btn-solid round border-thin text-uppercase ra_button_69e2be8951a6d\" rel=\"noopener\">\n\t\t\t\t<span>\n\tInscr\u00edbete\t<\/span>\n<\/a>\n<style>.ra_button_69e2be8951cd9{background-color:#009196;color:#ffffff;border-color:#009196 !important;}.ra_button_69e2be8951cd9:focus,.ra_button_69e2be8951cd9:hover{background-color:#ffffff;border-color:#009196 !important;color:#009196 !important;}<\/style><a href=\"https:\/\/events.esadealumni.net\/postventadisrupcion160426\/es\/info\" target=\"_blank\" class=\"btn btn-solid round border-thin text-uppercase ra_button_69e2be8951cd9\" rel=\"noopener\">\n\t\t\t\t<span>\n\tM\u00e1s info\t<\/span>\n<\/a>\n[\/vc_column_inner][vc_column_inner width=\u00bb1\/3&#8243;][\/vc_column_inner][\/vc_row_inner][\/vc_tta_section][\/vc_tta_tabs][\/vc_column][\/vc_row][vc_row][vc_column][vc_custom_heading text=\u00bbPartner Principal\u00bb font_container=\u00bbtag:h2|text_align:center\u00bb][vc_empty_space height=\u00bb35px\u00bb][vc_single_image image=\u00bb4861&#8243; img_size=\u00bb\u00bb alignment=\u00bbcenter\u00bb][\/vc_column][\/vc_row][vc_row css=\u00bb.vc_custom_1671199735357{margin-top: 5% !important;margin-bottom: 5% !important;}\u00bb][vc_column width=\u00bb1\/2&#8243; css=\u00bb.vc_custom_1671199767407{margin-bottom: 20px !important;}\u00bb]<style>.ra_content_box_69e2be8951eb7 h3{color:#009196 !important;font-size: !important;}.ra_content_box_69e2be8951eb7 .content-box-content p{color: !important;font-size: !important;}<\/style><div id=\"ra_content_box_69e2be8951eb7\" class=\"content-box content-box-bordered ra_content_box_69e2be8951eb7\">\n\n\t\t\n\t<div class=\"content-box-content\">\n\t\t<h3>Automobile Talks<\/h3>\t\t\n\t\t\t\t<p>Ciclo de charlas, conferencias y seminarios sobre movilidad impulsado por la Patronal Catalana de la Distribuci\u00f3n de Automoci\u00f3n, Fecavem.<\/p>\n\t\t<style>.ra_button_69e2be89523ee i{color:#ffffff;}.ra_button_69e2be89523ee{background-color:#009196;color:#ffffff;border-color:#009196 !important;}.ra_button_69e2be89523ee:focus,.ra_button_69e2be89523ee:hover{border-color:!important;color:#ffffff !important;}<\/style><a href=\"\/automobile-talks\/ponents\" class=\"btn btn-solid border-thin ra_button_69e2be89523ee\" >\n\t\t\t\t<span>\n\tPONENTS<i class=\"fas fa-angle-right\"><\/i>\t<\/span>\n<\/a>\n\t\t\n\t<\/div>\n\n<\/div>[\/vc_column][vc_column width=\u00bb1\/2&#8243; css=\u00bb.vc_custom_1671199799756{margin-bottom: 20px !important;}\u00bb]<style>.ra_content_box_69e2be89525c5 h3{color:#009196 !important;font-size: !important;}.ra_content_box_69e2be89525c5 .content-box-content p{color: !important;font-size: !important;}<\/style><div id=\"ra_content_box_69e2be89525c5\" class=\"content-box content-box-bordered ra_content_box_69e2be89525c5\">\n\n\t\t\n\t<div class=\"content-box-content\">\n\t\t<h3>\u00bfQu\u00e9 tratamos?<\/h3>\t\t\n\t\t\t\t<p>En las sesiones se tratan un amplio abanico de temas profesionales en torno al sector de la automoci\u00f3n, los veh\u00edculos a motor y la movilidad.<\/p>\n\t\t<style>.ra_button_69e2be8952772 i{color:#ffffff;}.ra_button_69e2be8952772{background-color:#009196;color:#ffffff;border-color:#009196 !important;}.ra_button_69e2be8952772:focus,.ra_button_69e2be8952772:hover{border-color:!important;color:#ffffff !important;}<\/style><a href=\"\/automobile-talks\/ponencies\" class=\"btn btn-solid border-thin ra_button_69e2be8952772\" >\n\t\t\t\t<span>\n\tPON\u00c8NCIES<i class=\"fas fa-angle-right\"><\/i>\t<\/span>\n<\/a>\n\t\t\n\t<\/div>\n\n<\/div>[\/vc_column][\/vc_row][vc_row disable_element=\u00bbyes\u00bb css=\u00bb.vc_custom_1733846784973{margin-top: 10% !important;}\u00bb][vc_column width=\u00bb1\/4&#8243;]<style>.ra_counter_69e2be89528da h3,.ra_counter_69e2be89528da p{color:#1f1f1f;}.ra_counter_69e2be89528da .contents .counter-element, .ra_counter_69e2be89528da .counter-element{color:#1f1f1f !important;font-size: !important;}<\/style>\n<div id=\"ra_counter_69e2be89528da\" class=\"counter-box counter-box-xlg4 text-center text-uppercase ra_counter_69e2be89528da\" data-plugin-counter=\"true\">\n\n\t<div class=\"contents\">\n\n\t\t<h3 class=\"counter-element weight-semibold\">\n\t\t\t<span class=\"weight-semibold\">12<\/span>\t\t<\/h3>\n\n\t\t\t\t<p >Eventos<\/p>\n\t\t\t<\/div>\n\n<\/div>\n[\/vc_column][vc_column width=\u00bb1\/4&#8243;]<style>.ra_counter_69e2be89529b8 h3,.ra_counter_69e2be89529b8 p{color:#1f1f1f;}.ra_counter_69e2be89529b8 .contents .counter-element, .ra_counter_69e2be89529b8 .counter-element{color:#1f1f1f !important;font-size: !important;}<\/style>\n<div id=\"ra_counter_69e2be89529b8\" class=\"counter-box counter-box-xlg4 text-center text-uppercase ra_counter_69e2be89529b8\" data-plugin-counter=\"true\">\n\n\t<div class=\"contents\">\n\n\t\t<h3 class=\"counter-element weight-semibold\">\n\t\t\t<span class=\"weight-semibold\">1868<\/span>\t\t<\/h3>\n\n\t\t\t\t<p >Inscritos<\/p>\n\t\t\t<\/div>\n\n<\/div>\n[\/vc_column][vc_column width=\u00bb1\/4&#8243;]<style>.ra_counter_69e2be8952a7c h3,.ra_counter_69e2be8952a7c p{color:#1f1f1f;}.ra_counter_69e2be8952a7c .contents .counter-element, .ra_counter_69e2be8952a7c .counter-element{color:#1f1f1f !important;font-size: !important;}<\/style>\n<div id=\"ra_counter_69e2be8952a7c\" class=\"counter-box counter-box-xlg4 text-center text-uppercase ra_counter_69e2be8952a7c\" data-plugin-counter=\"true\">\n\n\t<div class=\"contents\">\n\n\t\t<h3 class=\"counter-element weight-semibold\">\n\t\t\t<span class=\"weight-semibold\">45<\/span>\t\t<\/h3>\n\n\t\t\t\t<p >Ponentes<\/p>\n\t\t\t<\/div>\n\n<\/div>\n[\/vc_column][vc_column width=\u00bb1\/4&#8243;]<style>.ra_counter_69e2be8952b32 h3,.ra_counter_69e2be8952b32 p{color:#1f1f1f;}.ra_counter_69e2be8952b32 .contents .counter-element, .ra_counter_69e2be8952b32 .counter-element{color:#1f1f1f !important;font-size: !important;}<\/style>\n<div id=\"ra_counter_69e2be8952b32\" class=\"counter-box counter-box-xlg4 text-center text-uppercase ra_counter_69e2be8952b32\" data-plugin-counter=\"true\">\n\n\t<div class=\"contents\">\n\n\t\t<h3 class=\"counter-element weight-semibold\">\n\t\t\t<span class=\"weight-semibold\">2230<\/span>\t\t<\/h3>\n\n\t\t\t\t<p >Networking<\/p>\n\t\t\t<\/div>\n\n<\/div>\n[\/vc_column][\/vc_row][vc_row full_width=\u00bbstretch_row\u00bb content_placement=\u00bbmiddle\u00bb css=\u00bb.vc_custom_1674045326554{margin-top: 10% !important;padding-top: 20px !important;padding-bottom: 40px !important;background-color: #009196 !important;}\u00bb][vc_column width=\u00bb2\/3&#8243;][vc_column_text]<\/p>\n<h3 style=\"text-align: left;\"><span style=\"color: #ffffff;\">Nuevo acuerdo FECAVEM, BBVA y ALD para ayudarte con las entradas y salidas de tu stock de VO<\/span><\/h3>\n<p>[\/vc_column_text][\/vc_column][vc_column width=\u00bb1\/3&#8243;][vc_single_image image=\u00bb4866&#8243; img_size=\u00bbmedium\u00bb alignment=\u00bbcenter\u00bb][\/vc_column][\/vc_row]<\/p>\n<\/div>","protected":false},"excerpt":{"rendered":"<p>[vc_row][vc_column][\/vc_column][\/vc_row][vc_row el_id=\u00bbconferencia\u00bb css=\u00bb.vc_custom_1758546164792{padding-top: 5% !important;}\u00bb][vc_column][vc_column_text] Pr\u00f3xima conferencia [\/vc_column_text][vc_empty_space height=\u00bb35px\u00bb][vc_tta_tabs color=\u00bbwhite\u00bb active_section=\u00bb1&#8243; el_id=\u00bbconferencia\u00bb][vc_tta_section title=\u00bbDetalles\u00bb tab_id=\u00bb1671188351500-4c11ca10-da38&#8243; el_class=\u00bbpatro\u00bb][vc_message message_box_style=\u00bbsolid-icon\u00bb style=\u00bbsquare\u00bb message_box_color=\u00bbgrey\u00bb icon_fontawesome=\u00bbfas fa-car\u00bb css=\u00bb\u00bb]16\/04\/2026 La posventa ante la disrupci\u00f3n del autom\u00f3vil: \u00bfadaptaci\u00f3n o revoluci\u00f3n? Jueves, 16 de abril, de 19h a 20.30h Esade Barcelona Av. Pedralbes, 60-62. Barcelona \u00a0[\/vc_message][\/vc_tta_section][vc_tta_section title=\u00bbCoordenadas\u00bb tab_id=\u00bb1671188351516-c3fa1bba-b88b\u00bb][vc_message message_box_style=\u00bbsolid-icon\u00bb message_box_color=\u00bbgrey\u00bb icon_fontawesome=\u00bbfar fa-compass\u00bb css=\u00bb\u00bb]La posventa ante [&#8230;]<\/p>\n","protected":false},"author":5,"featured_media":0,"parent":0,"menu_order":0,"comment_status":"closed","ping_status":"closed","template":"","meta":{"footnotes":"","_links_to":"","_links_to_target":""},"class_list":["post-9251","page","type-page","status-publish","hentry"],"_links":{"self":[{"href":"https:\/\/fecavem.com\/es\/wp-json\/wp\/v2\/pages\/9251","targetHints":{"allow":["GET"]}}],"collection":[{"href":"https:\/\/fecavem.com\/es\/wp-json\/wp\/v2\/pages"}],"about":[{"href":"https:\/\/fecavem.com\/es\/wp-json\/wp\/v2\/types\/page"}],"author":[{"embeddable":true,"href":"https:\/\/fecavem.com\/es\/wp-json\/wp\/v2\/users\/5"}],"replies":[{"embeddable":true,"href":"https:\/\/fecavem.com\/es\/wp-json\/wp\/v2\/comments?post=9251"}],"version-history":[{"count":61,"href":"https:\/\/fecavem.com\/es\/wp-json\/wp\/v2\/pages\/9251\/revisions"}],"predecessor-version":[{"id":19721,"href":"https:\/\/fecavem.com\/es\/wp-json\/wp\/v2\/pages\/9251\/revisions\/19721"}],"wp:attachment":[{"href":"https:\/\/fecavem.com\/es\/wp-json\/wp\/v2\/media?parent=9251"}],"curies":[{"name":"wp","href":"https:\/\/api.w.org\/{rel}","templated":true}]}}